{"id":21281,"date":"2023-08-24T21:52:57","date_gmt":"2023-08-24T19:52:57","guid":{"rendered":"https:\/\/www.parsemains.com\/?post_type=product&#038;p=21281"},"modified":"2023-11-10T22:39:53","modified_gmt":"2023-11-10T21:39:53","slug":"marque-pages-ensemences-fleurs-dinspirations-assortiment-de-5-marque-pages-a-planter","status":"publish","type":"product","link":"https:\/\/www.parsemains.com\/es\/producto\/marcadores-de-semillas\/","title":{"rendered":"Puntos de libro con semillas - \"Fleurs d'inspirations\" - Surtido de 5 puntos de libro con semillas"},"content":{"rendered":"<p><strong>Puntos de libro con semillas - \"Fleurs d'inspirations\" - Surtido de 5 puntos de libro con semillas<\/strong><\/p>\n<p><strong>Exquisitas acuarelas florales<\/strong> Cada marcap\u00e1ginas presenta una ilustraci\u00f3n art\u00edstica de una flor \u00fanica, creada con una paleta de colores vivos y delicados detalles. Los vibrantes colores evocan la frescura de la primavera, haciendo de estos marcap\u00e1ginas verdaderas obras de arte.<\/p>\n<p><strong>Citas inspiradoras<\/strong> Cada marcap\u00e1ginas est\u00e1 adornado con una cita inspiradora y positiva, que a\u00f1ade un toque de sabidur\u00eda a tu lectura. Los temas incluyen la felicidad, la vida, los sue\u00f1os y la imaginaci\u00f3n, para recordarte la belleza y la profundidad de la literatura con cada p\u00e1gina que pasas.<\/p>\n<p><strong>Sembrado y ecol\u00f3gico<\/strong> Y eso no es todo. Nuestros marcap\u00e1ginas est\u00e1n sembrados con semillas de flores silvestres. Despu\u00e9s de leer unos cuantos libros, pl\u00e1ntalas en la tierra, ri\u00e9galas y observa c\u00f3mo crecen hasta convertirse en magn\u00edficas flores silvestres. As\u00ed podr\u00e1s crear un jard\u00edn de ensue\u00f1o en tu propio espacio.<\/p>\n<p>Lleva la naturaleza, la poes\u00eda y la reflexi\u00f3n a tu lectura con nuestro surtido de 5 marcap\u00e1ginas con semillas \"Flores de inspiraci\u00f3n\". Haz de cada p\u00e1gina un viaje inspirador y deja que la magia de las palabras y las flores cobre vida en tu mundo literario. Pida el suyo ahora y cultive tanto su mente como su jard\u00edn de sue\u00f1os.<\/p>\n<p><strong>Puntos de libro con semillas - \"Fleurs d'inspirations\" - Surtido de 5 puntos de libro con semillas<\/strong><\/p>","protected":false},"excerpt":{"rendered":"<p><strong>Puntos de libro con semillas - \"Fleurs d'inspirations\" - Surtido de 5 puntos de libro con semillas<\/strong><\/p>\n<p>A\u00f1ade un toque de belleza natural e inspiraci\u00f3n literaria a tus lecturas con nuestro surtido de 5 marcap\u00e1ginas con semillas \"Fleurs d'inspirations\". Cada marcap\u00e1ginas es una peque\u00f1a obra de arte que combina la elegancia de la acuarela floral con la sabidur\u00eda de las palabras de autores famosos. Estos marcap\u00e1ginas especiales est\u00e1n dise\u00f1ados para a\u00f1adir magia a su lectura, al tiempo que ayudan a preservar nuestro medio ambiente.<\/p>\n<p>Estos marcap\u00e1ginas con semillas son un regalo ideal para los amantes de los libros, los amantes de la naturaleza y cualquiera que aprecie la belleza de las palabras y las flores. Reg\u00e1laselos a amigos, familiares o a ti mismo para alegrar tus ratos de lectura.<\/p>\n<p><b>dimensiones : <\/b>5,5 x 20 cm<br \/>\n<b>papel<\/b>\u00a0Parsemains ecorreciclados hechos a mano, aprox. 250 g\/m\u00b2.<br \/>\n<b>semillas<\/b> Mezcla de flores silvestres ecol\u00f3gicas<\/p>\n<p><strong>Puntos de libro con semillas - \"Fleurs d'inspirations\" - Surtido de 5 puntos de libro con semillas<\/strong><\/p>","protected":false},"featured_media":37961,"comment_status":"open","ping_status":"closed","template":"","meta":[],"product_brand":[],"product_cat":[212],"product_tag":[],"class_list":{"0":"post-21281","1":"product","2":"type-product","3":"status-publish","4":"has-post-thumbnail","6":"product_cat-marque-pages-a-planter","8":"first","9":"instock","10":"purchasable","11":"product-type-simple"},"_links":{"self":[{"href":"https:\/\/www.parsemains.com\/es\/wp-json\/wp\/v2\/product\/21281","targetHints":{"allow":["GET"]}}],"collection":[{"href":"https:\/\/www.parsemains.com\/es\/wp-json\/wp\/v2\/product"}],"about":[{"href":"https:\/\/www.parsemains.com\/es\/wp-json\/wp\/v2\/types\/product"}],"replies":[{"embeddable":true,"href":"https:\/\/www.parsemains.com\/es\/wp-json\/wp\/v2\/comments?post=21281"}],"wp:featuredmedia":[{"embeddable":true,"href":"https:\/\/www.parsemains.com\/es\/wp-json\/wp\/v2\/media\/37961"}],"wp:attachment":[{"href":"https:\/\/www.parsemains.com\/es\/wp-json\/wp\/v2\/media?parent=21281"}],"wp:term":[{"taxonomy":"product_brand","embeddable":true,"href":"https:\/\/www.parsemains.com\/es\/wp-json\/wp\/v2\/product_brand?post=21281"},{"taxonomy":"product_cat","embeddable":true,"href":"https:\/\/www.parsemains.com\/es\/wp-json\/wp\/v2\/product_cat?post=21281"},{"taxonomy":"product_tag","embeddable":true,"href":"https:\/\/www.parsemains.com\/es\/wp-json\/wp\/v2\/product_tag?post=21281"}],"curies":[{"name":"wp","href":"https:\/\/api.w.org\/{rel}","templated":true}]}}