{"id":21273,"date":"2023-08-24T21:52:55","date_gmt":"2023-08-24T19:52:55","guid":{"rendered":"https:\/\/www.parsemains.com\/?post_type=product&#038;p=21273"},"modified":"2025-07-18T13:50:47","modified_gmt":"2025-07-18T11:50:47","slug":"kit-a-planter-fleurs-sauvages","status":"publish","type":"product","link":"https:\/\/www.parsemains.com\/es\/producto\/kit-maceta-flores-silvestres\/","title":{"rendered":"Kit de plantaci\u00f3n de flores silvestres"},"content":{"rendered":"<p>Kit de plantaci\u00f3n para descubrir bombas florales, aptas para germinar en interiores y en macetas.<\/p>\n<p><strong>100% semillas ecol\u00f3gicas<\/strong>\u00a0Semillas: mezcla de flores silvestres con biodiversidad: amapola, aciano, cal\u00e9ndula, cal\u00e9ndula, facelia, tr\u00e9bol rojo, girasol, eneldo, alcaravea, tr\u00e9bol de Alejandr\u00eda, camelina, cosmos, canela de Damasco.<\/p>\n<p><strong>Instrucciones de uso <\/strong>:<br \/>\nRemoje 2 gr\u00e1nulos de fibra vegetal en agua para que el sustrato se hinche.<br \/>\nColoque el sustrato en un cubo e introduzca una lata de semillas.<br \/>\nRi\u00e9gala bien despu\u00e9s de colocarla en un platillo lleno de agua;<br \/>\nUna vez que las plantitas hayan desarrollado 5 \u00f3 6 hojas, vuelve a plantar las macetas biodegradables directamente en el suelo.<br \/>\n5. Al cabo de unas semanas, admira tus bonitas flores silvestres.<\/p>\n<p><strong>Caracter\u00edsticas<\/strong> :<\/p>\n<ul>\n<li><strong>Semillas<\/strong> del<strong>Agricultura ecol\u00f3gica<\/strong>de <strong>semillas agr\u00edcolas<\/strong> (<strong>reproducible sin h\u00edbrido F1<\/strong>) y <strong>Sin OMG<\/strong>Nos las suministra una empresa francesa de semillas.<\/li>\n<li><strong>dimensiones<\/strong> Tama\u00f1o de la caja: 12 cm (largo) x 12 cm (ancho) x 5 cm (alto)<\/li>\n<li><strong>di\u00e1metro aproximado<\/strong> de cada bomba: entre 2 cm y 2,5 cm<\/li>\n<\/ul>\n<p><strong>Debido a que est\u00e1n hechas a mano por personas con discapacidad, el di\u00e1metro y el aspecto de cada flor bomba pueden variar.<br \/>\n<\/strong><strong>Si, como nosotros, cree que eso es lo que les da su encanto, \u00a1puede ir con los ojos cerrados!<\/strong><\/p>\n<p><strong>Kit de plantaci\u00f3n - Bombas de flores<\/strong><\/p>","protected":false},"excerpt":{"rendered":"<p><strong>Kit de plantaci\u00f3n - Bombas de flores<\/strong><\/p>\n<p>\u00bfHas o\u00eddo hablar de las flores bomba?<\/p>\n<p>Las bombas de semillas o bombas florales, que se remontan al antiguo Egipto, son peque\u00f1as bolas <strong>100% natural y biodegradable<\/strong> que pueden sembrarse o arrojarse en cualquier lugar para hacer <strong>biodiversidad en explosi\u00f3n<\/strong>.<br \/>\nGracias a las fibras de papel y a la arcilla que contienen <strong>proteger<\/strong> semillas del sol y los depredadores y <strong>retener la humedad<\/strong> para <strong>para favorecer la germinaci\u00f3n.<\/strong><\/p>\n<p>Las bombas florales se fabrican a mano de forma inclusiva en una ESAT de la regi\u00f3n parisina (Bagneux). Se fabrican con nuestros retales de papel con semillas y semillas de gran tama\u00f1o. Las bombas de flores silvestres Parsemains son, por tanto, un proyecto totalmente inclusivo. <strong>cero residuos<\/strong> !<\/p>\n<p>Este set es perfecto para que los ni\u00f1os y los jardineros principiantes descubran la magia de las semillas jugando. compuesto por :<br \/>\n- 1 instrucciones de uso<br \/>\n- 2 macetas biodegradables<br \/>\n- 4 pastillas de sustrato para inflar<br \/>\n- 2 bombas de semillas hechas a mano con semillas ecol\u00f3gicas de flores silvestres.<\/p>\n<p><strong>Kit de plantaci\u00f3n - Bombas de flores<\/strong><\/p>","protected":false},"featured_media":44574,"comment_status":"open","ping_status":"closed","template":"","meta":[],"product_brand":[],"product_cat":[165],"product_tag":[],"class_list":{"0":"post-21273","1":"product","2":"type-product","3":"status-publish","4":"has-post-thumbnail","6":"product_cat-bombes-a-graines","8":"first","9":"instock","10":"shipping-taxable","11":"purchasable","12":"product-type-simple"},"_links":{"self":[{"href":"https:\/\/www.parsemains.com\/es\/wp-json\/wp\/v2\/product\/21273","targetHints":{"allow":["GET"]}}],"collection":[{"href":"https:\/\/www.parsemains.com\/es\/wp-json\/wp\/v2\/product"}],"about":[{"href":"https:\/\/www.parsemains.com\/es\/wp-json\/wp\/v2\/types\/product"}],"replies":[{"embeddable":true,"href":"https:\/\/www.parsemains.com\/es\/wp-json\/wp\/v2\/comments?post=21273"}],"wp:featuredmedia":[{"embeddable":true,"href":"https:\/\/www.parsemains.com\/es\/wp-json\/wp\/v2\/media\/44574"}],"wp:attachment":[{"href":"https:\/\/www.parsemains.com\/es\/wp-json\/wp\/v2\/media?parent=21273"}],"wp:term":[{"taxonomy":"product_brand","embeddable":true,"href":"https:\/\/www.parsemains.com\/es\/wp-json\/wp\/v2\/product_brand?post=21273"},{"taxonomy":"product_cat","embeddable":true,"href":"https:\/\/www.parsemains.com\/es\/wp-json\/wp\/v2\/product_cat?post=21273"},{"taxonomy":"product_tag","embeddable":true,"href":"https:\/\/www.parsemains.com\/es\/wp-json\/wp\/v2\/product_tag?post=21273"}],"curies":[{"name":"wp","href":"https:\/\/api.w.org\/{rel}","templated":true}]}}