{"id":21272,"date":"2023-08-24T21:52:55","date_gmt":"2023-08-24T19:52:55","guid":{"rendered":"https:\/\/www.parsemains.com\/?post_type=product&#038;p=21272"},"modified":"2026-03-05T09:01:11","modified_gmt":"2026-03-05T08:01:11","slug":"bombes-a-graines","status":"publish","type":"product","link":"https:\/\/www.parsemains.com\/es\/producto\/bombas-de-semillas\/","title":{"rendered":"Bombas de semillas"},"content":{"rendered":"<p>Un juego de bombas de semillas ideal para descubrir las bombas de flores, adecuadas para su uso en el exterior para florecer y abonar el suelo.<\/p>\n<p><strong>Instrucciones de uso<\/strong> :<br \/>\nEncuentra un peque\u00f1o rinc\u00f3n agradable para florecer (barbecho, jard\u00edn, maceta, balc\u00f3n, acera verde...),<br \/>\nSuelta las flores bomba (o enti\u00e9rralas bajo 1 cm de tierra para los m\u00e1s diligentes),<br \/>\nRi\u00e9galas bien (\u00a1o haz tu mejor danza de la lluvia!)<br \/>\nAl cabo de unas semanas, admira tus bonitas flores silvestres. Las abejas te lo agradecer\u00e1n.<\/p>\n<p><strong>Caracter\u00edsticas<\/strong> :<\/p>\n<ul>\n<li><strong>Semillas<\/strong> del<strong>Agricultura ecol\u00f3gica<\/strong>de <strong>semillas agr\u00edcolas<\/strong> (<strong>reproducible sin h\u00edbrido F1<\/strong>) y <strong>Sin OMG<\/strong>Nos las suministra una empresa francesa de semillas.<\/li>\n<li><strong>dimensiones<\/strong> Tama\u00f1o de la caja: 18 cm (largo) x 12,5 cm (ancho) x 2,8 cm (alto)<\/li>\n<li><strong>di\u00e1metro aproximado<\/strong> de cada bomba: entre 2 cm y 2,5 cm<\/li>\n<\/ul>\n<p><strong><span style=\"text-decoration: underline;\">Nota<\/span> Debido a que est\u00e1n hechas a mano por personas con discapacidad, el di\u00e1metro y el aspecto de cada flor bomba pueden variar.<br \/>\n<\/strong><strong>Si, como nosotros, cree que eso es lo que les da su encanto, \u00a1puede ir con los ojos cerrados!<\/strong><\/p>","protected":false},"excerpt":{"rendered":"<p><strong>Bombas de semillas de flores de miel ecol\u00f3gicas<\/strong><\/p>\n<p>\u00bfHas o\u00eddo hablar de las bombas de semillas?<br \/>\nIntroducidas entre nosotros por los antiguos egipcios, las bombas de semillas o bombas de flores son peque\u00f1as bolas, <strong>100% natural y biodegradable<\/strong>sembrarse o arrojarse en cualquier rinc\u00f3n de la tierra para <strong>biodiversidad en explosi\u00f3n<\/strong> !<\/p>\n<p>Gracias a las fibras de papel y a la arcilla que contiene <strong>protege sus semillas<\/strong> el sol y los depredadores, y <strong>retiene el agua<\/strong> para favorecer la germinaci\u00f3n.<\/p>\n<p>Cada bomba de semillas es <strong>artesan\u00eda<\/strong> y con amor <strong>en los ESAT de \u00cele-de-France<\/strong> (Bagneux). Est\u00e1n hechas a partir de nuestros retales de papel con semillas y de semillas demasiado grandes para incorporarlas a nuestro papel. As\u00ed que las flores bomba Parsemains son un proyecto enteramente nuestro. <strong>cero residuos<\/strong> !<\/p>\n<p>Este set es ideal para <strong>potenciar la biodiversidad<\/strong> y protegen a las abejas, para sembrar en el jard\u00edn o alrededor de casa en espacios verdes. Divi\u00e9rtete lanzando tus flores bomba en los lugares m\u00e1s insospechados para ver florecer peque\u00f1as islas de colorida biodiversidad.<\/p>\n<p>Contiene :<br \/>\n- a <strong>paquete de 8 bombas de semillas<\/strong> moldeados a mano en un ESAT, colocados en una caja de cart\u00f3n sobre hierba seca<br \/>\n- a <strong>instrucciones de uso<\/strong> explicativo<\/p>\n<p><strong>Semillas ecol\u00f3gicas<\/strong> Semillas: mezcla de flores silvestres con biodiversidad: amapola, aciano, cal\u00e9ndula, cal\u00e9ndula, facelia, tr\u00e9bol rojo, girasol, eneldo, alcaravea, tr\u00e9bol de Alejandr\u00eda, camelina, cosmos, canela de Damasco.<\/p>","protected":false},"featured_media":42337,"comment_status":"open","ping_status":"closed","template":"","meta":[],"product_brand":[],"product_cat":[165,422,312],"product_tag":[],"class_list":{"0":"post-21272","1":"product","2":"type-product","3":"status-publish","4":"has-post-thumbnail","6":"product_cat-bombes-a-graines","7":"product_cat-idee-cadeau-ecologique","8":"product_cat-kit-a-planter","10":"first","11":"instock","12":"shipping-taxable","13":"purchasable","14":"product-type-simple"},"_links":{"self":[{"href":"https:\/\/www.parsemains.com\/es\/wp-json\/wp\/v2\/product\/21272","targetHints":{"allow":["GET"]}}],"collection":[{"href":"https:\/\/www.parsemains.com\/es\/wp-json\/wp\/v2\/product"}],"about":[{"href":"https:\/\/www.parsemains.com\/es\/wp-json\/wp\/v2\/types\/product"}],"replies":[{"embeddable":true,"href":"https:\/\/www.parsemains.com\/es\/wp-json\/wp\/v2\/comments?post=21272"}],"wp:featuredmedia":[{"embeddable":true,"href":"https:\/\/www.parsemains.com\/es\/wp-json\/wp\/v2\/media\/42337"}],"wp:attachment":[{"href":"https:\/\/www.parsemains.com\/es\/wp-json\/wp\/v2\/media?parent=21272"}],"wp:term":[{"taxonomy":"product_brand","embeddable":true,"href":"https:\/\/www.parsemains.com\/es\/wp-json\/wp\/v2\/product_brand?post=21272"},{"taxonomy":"product_cat","embeddable":true,"href":"https:\/\/www.parsemains.com\/es\/wp-json\/wp\/v2\/product_cat?post=21272"},{"taxonomy":"product_tag","embeddable":true,"href":"https:\/\/www.parsemains.com\/es\/wp-json\/wp\/v2\/product_tag?post=21272"}],"curies":[{"name":"wp","href":"https:\/\/api.w.org\/{rel}","templated":true}]}}