{"id":21271,"date":"2023-08-24T21:52:55","date_gmt":"2023-08-24T19:52:55","guid":{"rendered":"https:\/\/www.parsemains.com\/?post_type=product&#038;p=21271"},"modified":"2024-10-20T17:42:27","modified_gmt":"2024-10-20T15:42:27","slug":"calendrier-ensemence-marque-pages-fleuri","status":"publish","type":"product","link":"https:\/\/www.parsemains.com\/es\/producto\/calendario-semilla-libro-paginas-2023\/","title":{"rendered":"Calendario sembrado de marcap\u00e1ginas de flores"},"content":{"rendered":"<p><strong>Calendario sembrado de marcap\u00e1ginas de flores<\/strong><\/p>\n<p>Un calendario en formato de marcap\u00e1ginas para fomentar tanto la lectura como la jardiner\u00eda. Cada mes va acompa\u00f1ado de una magn\u00edfica acuarela que ilustra las estaciones. Cuando acabe el mes, pl\u00e1ntalo y observa c\u00f3mo florecen las flores silvestres, \u00a1que proporcionan miel y abono a la tierra!<br \/>\nUn regalo ideal para cultivar su jard\u00edn interior... y el de su hogar.<\/p>\n<p><strong>Calendario sembrado de marcap\u00e1ginas de flores<\/strong><\/p>","protected":false},"excerpt":{"rendered":"<p><strong>Calendario sembrado de marcap\u00e1ginas de flores<\/strong><\/p>\n<p>\u00a1Un calendario para plantar! Un regalo \u00e9tico y original, para regalar a tus seres queridos (o a ti mismo) para un A\u00f1o Nuevo eco-responsable y lleno de flores.<\/p>\n<p>Cada hoja de este calendario contiene semillas de flores silvestres. El calendario con semillas contiene un total de 14 hojas con semillas.<\/p>\n<p>Plantando una hoja cada mes, te sobrar\u00e1n dos para donar jardines de flores silvestres a las personas que te importan.<\/p>\n<p>El papel con semillas, reciclado a mano, es \"residuo cero\" y biodegradable. Un soporte original, el papel con semillas seguro que sorprende, y es una gran alternativa ecol\u00f3gica para enviar tus felicitaciones de A\u00f1o Nuevo.<\/p>\n<p>Puede personalizar la primera p\u00e1gina de este calendario a partir de 10 unidades envi\u00e1ndonos un mensaje mediante el formulario de contacto.\u00a0<a title=\"p\u00f3ngase en contacto con\" href=\"https:\/\/www.parsemains.com\/es\/contacte-con-nosotros\/\" target=\"_blank\" rel=\"noopener\">p\u00f3ngase en contacto con<\/a>.<\/p>\n<p><b>dimensiones : <\/b>4,5 x 15,2 cm<br \/>\n<strong>contenido<\/strong> 14 hojas con semillas<br \/>\n<b>papel<\/b>\u00a0Parsemains ecorreciclados hechos a mano, aprox. 250 g\/m\u00b2.<br \/>\n<b>semillas<\/b> Mezcla de flores silvestres ecol\u00f3gicas<br \/>\n<strong>acabado<\/strong> conjunto sujeto por un clip met\u00e1lico reutilizable para sus documentos<\/p>\n<p><strong>Calendario sembrado de marcap\u00e1ginas de flores<\/strong><\/p>","protected":false},"featured_media":44464,"comment_status":"open","ping_status":"closed","template":"","meta":[],"product_brand":[],"product_cat":[200],"product_tag":[],"class_list":{"0":"post-21271","1":"product","2":"type-product","3":"status-publish","4":"has-post-thumbnail","6":"product_cat-calendriers-ensemences","8":"first","9":"instock","10":"purchasable","11":"product-type-simple"},"_links":{"self":[{"href":"https:\/\/www.parsemains.com\/es\/wp-json\/wp\/v2\/product\/21271","targetHints":{"allow":["GET"]}}],"collection":[{"href":"https:\/\/www.parsemains.com\/es\/wp-json\/wp\/v2\/product"}],"about":[{"href":"https:\/\/www.parsemains.com\/es\/wp-json\/wp\/v2\/types\/product"}],"replies":[{"embeddable":true,"href":"https:\/\/www.parsemains.com\/es\/wp-json\/wp\/v2\/comments?post=21271"}],"wp:featuredmedia":[{"embeddable":true,"href":"https:\/\/www.parsemains.com\/es\/wp-json\/wp\/v2\/media\/44464"}],"wp:attachment":[{"href":"https:\/\/www.parsemains.com\/es\/wp-json\/wp\/v2\/media?parent=21271"}],"wp:term":[{"taxonomy":"product_brand","embeddable":true,"href":"https:\/\/www.parsemains.com\/es\/wp-json\/wp\/v2\/product_brand?post=21271"},{"taxonomy":"product_cat","embeddable":true,"href":"https:\/\/www.parsemains.com\/es\/wp-json\/wp\/v2\/product_cat?post=21271"},{"taxonomy":"product_tag","embeddable":true,"href":"https:\/\/www.parsemains.com\/es\/wp-json\/wp\/v2\/product_tag?post=21271"}],"curies":[{"name":"wp","href":"https:\/\/api.w.org\/{rel}","templated":true}]}}