{"id":19889,"date":"2023-08-24T21:32:53","date_gmt":"2023-08-24T19:32:53","guid":{"rendered":"https:\/\/www.parsemains.com\/?post_type=product&#038;p=19889"},"modified":"2023-11-18T00:56:55","modified_gmt":"2023-11-17T23:56:55","slug":"carte-a-planter-fete-des-meres","status":"publish","type":"product","link":"https:\/\/www.parsemains.com\/es\/producto\/mapa-plantacion-reuniones-meres\/","title":{"rendered":"Tarjeta de plantaci\u00f3n - D\u00eda de la Madre - Mamounette"},"content":{"rendered":"<p><strong>Tarjeta de plantaci\u00f3n - D\u00eda de la Madre - Mamounette<\/strong><\/p>\n<p><strong>Dise\u00f1o art\u00edstico lineal con un toque de acuarela<\/strong>\u00a0La tarjeta \"Mamounette\" presenta una mano extendida delicadamente dibujada en arte lineal, que ofrece un sencillo ramo de flores silvestres, realzado con suaves toques de acuarela rosa. El dise\u00f1o evoca la pureza del amor maternal. El dulce mensaje en elegante letra cursiva a\u00f1ade un toque personal a su regalo. Es un cari\u00f1oso recordatorio de la importancia de tu madre en tu vida.<\/p>\n<p><strong>Semillas ecol\u00f3gicas de flores silvestres<\/strong> Semillas ecol\u00f3gicas de flores silvestres: las semillas ecol\u00f3gicas de flores silvestres incluidas en la tarjeta han sido cuidadosamente seleccionadas por su contribuci\u00f3n a la conservaci\u00f3n de la biodiversidad. Tu madre puede plantar la tarjeta y ver crecer las flores silvestres en su jard\u00edn o en su balc\u00f3n, creando un espacio de belleza natural.<\/p>\n<p><strong>Ecol\u00f3gico y sostenible<\/strong> Nuestra tarjeta de plantaci\u00f3n est\u00e1 fabricada con papel reciclado y biodegradable, lo que convierte su acto de afecto en un mensaje de esperanza para la conservaci\u00f3n del medio ambiente.<\/p>\n<p><strong>Formato pr\u00e1ctico<\/strong> La tarjeta es de doble cara. Cerrada, mide 10 x 14 cm, por lo que es ideal para escribir un mensaje personal en el interior en blanco.<\/p>\n<p><strong>Un regalo inolvidable<\/strong> La tarjeta de plantaci\u00f3n \"Mamounette\" es el regalo perfecto para cumplea\u00f1os, el D\u00eda de la Madre o simplemente para demostrarle a tu madre cu\u00e1nto la quieres en cualquier momento del a\u00f1o.<\/p>\n<p>Regala a tu querida mamounette un detalle que simbolice vuestro amor y la belleza de la naturaleza. La tarjeta de plantaci\u00f3n \"Mamounette\" es una forma \u00fanica y duradera de celebrar vuestro v\u00ednculo especial.<\/p>\n<p>Pida el suyo ahora y ponga una sonrisa en la cara de su madre mientras ayuda a proteger nuestro planeta.<\/p>\n<p><strong>Tarjeta de plantaci\u00f3n - D\u00eda de la Madre - Mamounette<\/strong><\/p>\n<p>&nbsp;<\/p>","protected":false},"excerpt":{"rendered":"<p><strong>Tarjeta de plantaci\u00f3n - D\u00eda de la Madre - Mamounette<\/strong><\/p>\n<p>Regala a tu querida mamounette una experiencia \u00fanica y llena de cari\u00f1o con nuestra tarjeta de plantaci\u00f3n \"Mamounette\". Esta elegante tarjeta ecol\u00f3gica es algo m\u00e1s que un mensaje: es un regalo que florecer\u00e1 y florecer\u00e1 con el tiempo, igual que el amor que sientes por tu madre.<\/p>\n<p><b>dimensiones : <\/b>20 x 14 cm doblado por la mitad (formato cerrado: 10 x 14 cm)<br \/>\n<b>papel<\/b>\u00a0Parsemains ecorreciclados hechos a mano, aprox. 250 g\/m\u00b2.<br \/>\n<b>semillas<\/b> Mezcla de flores silvestres ecol\u00f3gicas<\/p>\n<p><strong>Tarjeta de plantaci\u00f3n - D\u00eda de la Madre - Mamounette<\/strong><\/p>\n<p><img decoding=\"async\" class=\"alignnone size-medium wp-image-13406\" src=\"https:\/\/www.parsemains.com\/wp-content\/uploads\/2023\/04\/footer-payment-method-7-300x27.png\" alt=\"pie-m\u00e9todo-de-pago.png\" width=\"300\" height=\"27\" srcset=\"https:\/\/www.parsemains.com\/wp-content\/uploads\/2023\/04\/footer-payment-method-7-300x27.png 300w, https:\/\/www.parsemains.com\/wp-content\/uploads\/2023\/04\/footer-payment-method-7.png 358w\" sizes=\"(max-width: 300px) 100vw, 300px\" \/><\/p>","protected":false},"featured_media":37709,"comment_status":"open","ping_status":"closed","template":"","meta":[],"product_brand":[],"product_cat":[210,124],"product_tag":[],"class_list":{"0":"post-19889","1":"product","2":"type-product","3":"status-publish","4":"has-post-thumbnail","6":"product_cat-cartes-a-planter","7":"product_cat-papier-artisanal-ensemence","9":"first","10":"instock","11":"purchasable","12":"product-type-simple"},"_links":{"self":[{"href":"https:\/\/www.parsemains.com\/es\/wp-json\/wp\/v2\/product\/19889","targetHints":{"allow":["GET"]}}],"collection":[{"href":"https:\/\/www.parsemains.com\/es\/wp-json\/wp\/v2\/product"}],"about":[{"href":"https:\/\/www.parsemains.com\/es\/wp-json\/wp\/v2\/types\/product"}],"replies":[{"embeddable":true,"href":"https:\/\/www.parsemains.com\/es\/wp-json\/wp\/v2\/comments?post=19889"}],"wp:featuredmedia":[{"embeddable":true,"href":"https:\/\/www.parsemains.com\/es\/wp-json\/wp\/v2\/media\/37709"}],"wp:attachment":[{"href":"https:\/\/www.parsemains.com\/es\/wp-json\/wp\/v2\/media?parent=19889"}],"wp:term":[{"taxonomy":"product_brand","embeddable":true,"href":"https:\/\/www.parsemains.com\/es\/wp-json\/wp\/v2\/product_brand?post=19889"},{"taxonomy":"product_cat","embeddable":true,"href":"https:\/\/www.parsemains.com\/es\/wp-json\/wp\/v2\/product_cat?post=19889"},{"taxonomy":"product_tag","embeddable":true,"href":"https:\/\/www.parsemains.com\/es\/wp-json\/wp\/v2\/product_tag?post=19889"}],"curies":[{"name":"wp","href":"https:\/\/api.w.org\/{rel}","templated":true}]}}