{"id":19747,"date":"2023-08-24T21:32:05","date_gmt":"2023-08-24T19:32:05","guid":{"rendered":"https:\/\/www.parsemains.com\/?post_type=product&#038;p=19747"},"modified":"2026-03-02T12:51:48","modified_gmt":"2026-03-02T11:51:48","slug":"etiquettes-a-planter","status":"publish","type":"product","link":"https:\/\/www.parsemains.com\/es\/producto\/etiquettes-a-planter-cadeaux-de-noel-joies-de-liver-assortiment-de-7-etiquettes\/","title":{"rendered":"Etiquetas de regalo de Navidad \"Joies de l'Hiver\" - Surtido de 7 etiquetas"},"content":{"rendered":"<p><strong>Etiquetas de regalo de Navidad \"Joies de l'Hiver\" - Surtido de 7 etiquetas<br \/>\n<\/strong><\/p>\n<p>&nbsp;<\/p>\n<p><strong>Ilustraciones en acuarela<\/strong> Cada etiqueta est\u00e1 adornada con una ilustraci\u00f3n en acuarela, creando una atm\u00f3sfera suave y relajante que evoca la magia de las fiestas invernales.<\/p>\n<p><strong>Tema navide\u00f1o e invernal<\/strong> Las ilustraciones presentan una serie de motivos emblem\u00e1ticos de la \u00e9poca, como un regalo de Navidad, un alegre ping\u00fcino con bufanda, una adorable marmota con bufanda y gorro, unos acogedores mitones, una tradicional ramita de acebo, una chispeante chucher\u00eda y un delicado copo de nieve.<\/p>\n<p><strong>F\u00e1cil personalizaci\u00f3n<\/strong> Cada etiqueta est\u00e1 preimpresa con las palabras \"para\" y \"de\", lo que le permite personalizar sus regalos de una forma \u00fanica y atenta.<\/p>\n<p><strong>Paquete de 7<\/strong> Cada juego incluye 7 etiquetas \u00fanicas, ideales para una gran variedad de regalos y ocasiones especiales a lo largo de la temporada festiva.<\/p>\n<p><strong>Ecol\u00f3gico y sostenible<\/strong> Estas etiquetas de regalo est\u00e1n hechas de papel con semillas, lo que significa que pueden plantarse despu\u00e9s de su uso para dar vida a hermosas flores silvestres, ayudando a preservar el medio ambiente.<\/p>\n<p><strong>Dimensiones<\/strong> Cada etiqueta mide 8,5 cm x 4 cm, el tama\u00f1o perfecto para dar un toque festivo a sus regalos.<\/p>\n<p><strong>A\u00f1ada un toque de encanto a sus regalos de Navidad e invierno con nuestras etiquetas \"Winter Joys\". Pida las suyas ahora para celebrar la temporada con estilo y elegancia.<\/strong><\/p>\n<p><strong>Etiquetas de regalo de Navidad \"Joies de l'Hiver\" - Surtido de 7 etiquetas<\/strong><\/p>","protected":false},"excerpt":{"rendered":"<p><strong>Etiquetas de regalo de Navidad \"Joies de l'Hiver\" - Surtido de 7 etiquetas<\/strong><\/p>\n<p>Sum\u00e9rgete en la magia de las fiestas de invierno con nuestro juego de etiquetas para regalo \"Alegr\u00edas de invierno\".<\/p>\n<p>Cada etiqueta es una obra de arte en acuarela que captura el esp\u00edritu c\u00e1lido y encantador de la Navidad y el invierno.<\/p>\n<p>Estas etiquetas para plantas son el complemento perfecto para tus regalos de temporada, ya que a\u00f1aden un toque especial a cada obsequio.<\/p>\n<p>Adem\u00e1s de ser visualmente impresionantes, nuestras etiquetas \"Alegr\u00edas del invierno\" son respetuosas con el medio ambiente. Se pueden plantar una vez pasadas las fiestas para que nazcan bonitas flores silvestres.<\/p>\n<p>Es un regalo para sus afortunados destinatarios, pero tambi\u00e9n para la naturaleza.<\/p>\n<p><b>dimensiones : <\/b>8,5 x 4 cm<br \/>\n<b>papel<\/b>\u00a0Parsemains ecorreciclados hechos a mano, aprox. 250 g\/m\u00b2.<br \/>\n<strong>acabados<\/strong> un agujero centrado a la izquierda <em>(cuerda no incluida)<\/em><br \/>\n<b>semillas<\/b> Mezcla de flores silvestres ecol\u00f3gicas<em><br \/>\n<\/em><\/p>\n<p><strong>Etiquetas de regalo de Navidad \"Joies de l'Hiver\" - Surtido de 7 etiquetas<\/strong><\/p>","protected":false},"featured_media":37559,"comment_status":"open","ping_status":"closed","template":"","meta":[],"product_brand":[],"product_cat":[213],"product_tag":[],"class_list":{"0":"post-19747","1":"product","2":"type-product","3":"status-publish","4":"has-post-thumbnail","6":"product_cat-etiquettes-cadeaux-ensemencees","8":"first","9":"instock","10":"purchasable","11":"product-type-simple"},"_links":{"self":[{"href":"https:\/\/www.parsemains.com\/es\/wp-json\/wp\/v2\/product\/19747","targetHints":{"allow":["GET"]}}],"collection":[{"href":"https:\/\/www.parsemains.com\/es\/wp-json\/wp\/v2\/product"}],"about":[{"href":"https:\/\/www.parsemains.com\/es\/wp-json\/wp\/v2\/types\/product"}],"replies":[{"embeddable":true,"href":"https:\/\/www.parsemains.com\/es\/wp-json\/wp\/v2\/comments?post=19747"}],"wp:featuredmedia":[{"embeddable":true,"href":"https:\/\/www.parsemains.com\/es\/wp-json\/wp\/v2\/media\/37559"}],"wp:attachment":[{"href":"https:\/\/www.parsemains.com\/es\/wp-json\/wp\/v2\/media?parent=19747"}],"wp:term":[{"taxonomy":"product_brand","embeddable":true,"href":"https:\/\/www.parsemains.com\/es\/wp-json\/wp\/v2\/product_brand?post=19747"},{"taxonomy":"product_cat","embeddable":true,"href":"https:\/\/www.parsemains.com\/es\/wp-json\/wp\/v2\/product_cat?post=19747"},{"taxonomy":"product_tag","embeddable":true,"href":"https:\/\/www.parsemains.com\/es\/wp-json\/wp\/v2\/product_tag?post=19747"}],"curies":[{"name":"wp","href":"https:\/\/api.w.org\/{rel}","templated":true}]}}