{"id":19707,"date":"2023-08-24T21:31:40","date_gmt":"2023-08-24T19:31:40","guid":{"rendered":"https:\/\/www.parsemains.com\/?post_type=product&#038;p=19707"},"modified":"2025-11-27T21:28:35","modified_gmt":"2025-11-27T20:28:35","slug":"calendrier-a-planter-fleurs-du-temps","status":"publish","type":"product","link":"https:\/\/www.parsemains.com\/es\/producto\/calendario-plantacion-2022-tiempo-flores\/","title":{"rendered":"Calendario de siembra - Flores del tiempo"},"content":{"rendered":"<p><strong>Calendario de siembra - Flores del tiempo<\/strong><\/p>\n<p><strong>Caracter\u00edsticas del calendario de plantaci\u00f3n :<\/strong><\/p>\n<p><strong>Dise\u00f1o art\u00edstico minimalista :<\/strong> Cada mes, admire un dise\u00f1o art\u00edstico minimalista que destaca las flores caracter\u00edsticas de cada estaci\u00f3n. Una fusi\u00f3n perfecta de est\u00e9tica y funcionalidad.<\/p>\n<p><strong>Hojas con semillas :<\/strong> Las 14 hojas del calendario contienen semillas de flores silvestres. Al plantar una hoja cada mes, puedes regalar dos hojas extra para crear jardines de flores silvestres para tus seres queridos.<\/p>\n<p><strong>Papel ecol\u00f3gico con semillas :<\/strong> El papel con semillas, hecho a mano y reciclado, es \"residuo cero\" y biodegradable. Esta alternativa ecol\u00f3gica es un soporte original que seguro sorprender\u00e1.<\/p>\n<p><strong>Hecho a mano en \u00cele-de-France :<\/strong> Cada calendario de siembra Fleurs du Temps se dise\u00f1a en 100%, en nuestro taller de la regi\u00f3n parisina. Cada hoja de papel est\u00e1 hecha a mano utilizando m\u00e9todos tradicionales de formaci\u00f3n de papel de cuenco y tamiz, lo que subraya nuestro compromiso con la artesan\u00eda local.<\/p>\n<p><strong>Papel reciclado y respeto por el medio ambiente:<\/strong> La pasta de nuestro papel procede \u00edntegramente de papel usado, recogido localmente y reciclado por nosotros. Los dise\u00f1os minimalistas se crean pensando en el medio ambiente, con l\u00edneas elegantes y limpias.<\/p>\n<p><strong>Semillas ecol\u00f3gicas no modificadas gen\u00e9ticamente :<\/strong> Las semillas que contiene son ecol\u00f3gicas, criadas en libertad y no modificadas gen\u00e9ticamente, adquiridas a proveedores locales. De este modo, contribuyes a preservar la biodiversidad al tiempo que a\u00f1ades un toque natural a tu d\u00eda a d\u00eda.<\/p>\n<p><strong>Calendario de siembra - Flores del tiempo<\/strong><\/p>","protected":false},"excerpt":{"rendered":"<p><strong>Calendario de siembra - Flores del tiempo<\/strong><\/p>\n<p>D\u00e9couvrez un calendrier \u00e0 planter, une id\u00e9e cadeau \u00e9thique et originale pour inaugurer une nouvelle ann\u00e9e 2026 \u00e9co-responsable et fleurie. Que ce soit pour vos proches ou vous-m\u00eame, ce calendrier offre une mani\u00e8re unique de c\u00e9l\u00e9brer le passage du temps.<\/p>\n<p><b>dimensiones : <\/b>14 x 10 cm<br \/>\n<strong>contenido<\/strong> 14 hojas con semillas<br \/>\n<b>papel<\/b>\u00a0<strong>sembrado<\/strong> Parsemains eco-reciclado hecho a mano, gramaje aprox. 250g\/m\u00b2.<br \/>\n<b>semillas<\/b> Mezcla de flores silvestres ecol\u00f3gicas<br \/>\n<strong>acabado<\/strong> conjunto sujeto por un clip met\u00e1lico reutilizable para sus documentos<\/p>\n<p><strong>Calendario de siembra - Flores del tiempo<\/strong><\/p>","protected":false},"featured_media":44452,"comment_status":"open","ping_status":"closed","template":"","meta":[],"product_brand":[],"product_cat":[200],"product_tag":[],"class_list":{"0":"post-19707","1":"product","2":"type-product","3":"status-publish","4":"has-post-thumbnail","6":"product_cat-calendriers-ensemences","8":"first","9":"instock","10":"purchasable","11":"product-type-simple"},"_links":{"self":[{"href":"https:\/\/www.parsemains.com\/es\/wp-json\/wp\/v2\/product\/19707","targetHints":{"allow":["GET"]}}],"collection":[{"href":"https:\/\/www.parsemains.com\/es\/wp-json\/wp\/v2\/product"}],"about":[{"href":"https:\/\/www.parsemains.com\/es\/wp-json\/wp\/v2\/types\/product"}],"replies":[{"embeddable":true,"href":"https:\/\/www.parsemains.com\/es\/wp-json\/wp\/v2\/comments?post=19707"}],"wp:featuredmedia":[{"embeddable":true,"href":"https:\/\/www.parsemains.com\/es\/wp-json\/wp\/v2\/media\/44452"}],"wp:attachment":[{"href":"https:\/\/www.parsemains.com\/es\/wp-json\/wp\/v2\/media?parent=19707"}],"wp:term":[{"taxonomy":"product_brand","embeddable":true,"href":"https:\/\/www.parsemains.com\/es\/wp-json\/wp\/v2\/product_brand?post=19707"},{"taxonomy":"product_cat","embeddable":true,"href":"https:\/\/www.parsemains.com\/es\/wp-json\/wp\/v2\/product_cat?post=19707"},{"taxonomy":"product_tag","embeddable":true,"href":"https:\/\/www.parsemains.com\/es\/wp-json\/wp\/v2\/product_tag?post=19707"}],"curies":[{"name":"wp","href":"https:\/\/api.w.org\/{rel}","templated":true}]}}