{"id":19706,"date":"2023-08-24T21:31:40","date_gmt":"2023-08-24T19:31:40","guid":{"rendered":"https:\/\/www.parsemains.com\/?post_type=product&#038;p=19706"},"modified":"2024-10-20T16:59:55","modified_gmt":"2024-10-20T14:59:55","slug":"calendrier-ensemence-minimaliste","status":"publish","type":"product","link":"https:\/\/www.parsemains.com\/es\/producto\/calendario-semilla-minimalista\/","title":{"rendered":"Calendario con semillas - Minimalista"},"content":{"rendered":"<p><strong>Calendario con semillas - Minimalista<\/strong><\/p>\n<p><strong>Caracter\u00edsticas principales:<\/strong><\/p>\n<p><strong>Dise\u00f1o art\u00edstico minimalista :<\/strong> Este calendario tiene un dise\u00f1o minimalista, sobrio y elegante a la vez, que subraya su car\u00e1cter est\u00e9tico e intemporal. Hermosas flores silvestres en un estilo de grabado retro se presentan mes tras mes.<\/p>\n<p><strong>Hojas con semillas :<\/strong> Cada hoja del calendario contiene semillas de flores silvestres, lo que ofrece una oportunidad \u00fanica de cultivar tu propio jard\u00edn a lo largo de los meses.<\/p>\n<p><strong>14 Hojas inoculadas :<\/strong> Con un total de 14 hojas sembradas, puedes plantar una hoja al mes y compartir las dos restantes para crear jardines de flores silvestres para compartir con amigos y familiares.<\/p>\n<p><strong>Papel con semillas \"Residuo Cero\":<\/strong> Fabricado a mano en nuestro taller de la regi\u00f3n parisina, el papel con semillas se recicla a partir de papel usado, lo que lo convierte en una opci\u00f3n ecol\u00f3gica, de residuo cero y biodegradable.<\/p>\n<p><strong>Hecho a mano :<\/strong> Cada hoja de papel est\u00e1 hecha a mano con m\u00e9todos tradicionales, lo que garantiza una artesan\u00eda excepcional.<\/p>\n<p><strong>Pasta 100% Papel usado :<\/strong> 100% de nuestra pasta se fabrica con papel usado, recogido localmente y reciclado por nosotros, lo que contribuye a la sostenibilidad del producto.<\/p>\n<p><strong>Semillas ecol\u00f3gicas y sin OMG:<\/strong> Las semillas contenidas en el papel con semillas son ecol\u00f3gicas, cultivadas en granjas y no modificadas gen\u00e9ticamente, procedentes de proveedores locales de confianza.<\/p>\n<p><strong>Calendario con semillas - Minimalista<\/strong><\/p>","protected":false},"excerpt":{"rendered":"<p><strong>Calendario con semillas - Minimalista<\/strong><\/p>\n<p>Descubra el encanto ecol\u00f3gico del Calendario Semillas 2025, una aut\u00e9ntica obra de arte vegetal que combina la est\u00e9tica minimalista con la responsabilidad medioambiental. Ideal como regalo \u00e9tico y original, este innovador calendario ofrece una experiencia \u00fanica para celebrar un A\u00f1o Nuevo eco-responsable y lleno de flores.<\/p>\n<p><b>dimensiones : <\/b>10 x 14 cm<br \/>\n<strong>contenido<\/strong> 14 hojas con semillas<br \/>\n<b>papel<\/b>\u00a0<strong>sembrado<\/strong> Parsemains ecorreciclados hechos a mano, aprox. 250 g\/m\u00b2.<br \/>\n<b>semillas<\/b> Mezcla de flores silvestres ecol\u00f3gicas<br \/>\n<strong>acabado<\/strong> conjunto sujeto por un clip met\u00e1lico reutilizable para sus documentos<\/p>\n<p><strong>Calendario con semillas - Minimalista<\/strong><\/p>","protected":false},"featured_media":44463,"comment_status":"open","ping_status":"closed","template":"","meta":[],"product_brand":[],"product_cat":[200],"product_tag":[],"class_list":{"0":"post-19706","1":"product","2":"type-product","3":"status-publish","4":"has-post-thumbnail","6":"product_cat-calendriers-ensemences","8":"first","9":"instock","10":"purchasable","11":"product-type-simple"},"_links":{"self":[{"href":"https:\/\/www.parsemains.com\/es\/wp-json\/wp\/v2\/product\/19706","targetHints":{"allow":["GET"]}}],"collection":[{"href":"https:\/\/www.parsemains.com\/es\/wp-json\/wp\/v2\/product"}],"about":[{"href":"https:\/\/www.parsemains.com\/es\/wp-json\/wp\/v2\/types\/product"}],"replies":[{"embeddable":true,"href":"https:\/\/www.parsemains.com\/es\/wp-json\/wp\/v2\/comments?post=19706"}],"wp:featuredmedia":[{"embeddable":true,"href":"https:\/\/www.parsemains.com\/es\/wp-json\/wp\/v2\/media\/44463"}],"wp:attachment":[{"href":"https:\/\/www.parsemains.com\/es\/wp-json\/wp\/v2\/media?parent=19706"}],"wp:term":[{"taxonomy":"product_brand","embeddable":true,"href":"https:\/\/www.parsemains.com\/es\/wp-json\/wp\/v2\/product_brand?post=19706"},{"taxonomy":"product_cat","embeddable":true,"href":"https:\/\/www.parsemains.com\/es\/wp-json\/wp\/v2\/product_cat?post=19706"},{"taxonomy":"product_tag","embeddable":true,"href":"https:\/\/www.parsemains.com\/es\/wp-json\/wp\/v2\/product_tag?post=19706"}],"curies":[{"name":"wp","href":"https:\/\/api.w.org\/{rel}","templated":true}]}}