{"id":19704,"date":"2023-08-24T21:31:40","date_gmt":"2023-08-24T19:31:40","guid":{"rendered":"https:\/\/www.parsemains.com\/?post_type=product&#038;p=19704"},"modified":"2024-10-19T23:11:42","modified_gmt":"2024-10-19T21:11:42","slug":"calendrier-a-planter-feminature","status":"publish","type":"product","link":"https:\/\/www.parsemains.com\/es\/producto\/calendario-siembra-semilla-2022-lineal\/","title":{"rendered":"Calendario de siembra - F\u00e9minature"},"content":{"rendered":"<p><strong>Calendario de siembra - F\u00e9minature<\/strong><\/p>\n<p>El papel con semillas, hecho y reciclado a mano, es decididamente \"residuo cero\" y biodegradable. Esta alternativa ecol\u00f3gica sorprende por su originalidad y ofrece una forma \u00fanica de felicitar el A\u00f1o Nuevo.<\/p>\n<p>Nuestro calendario de siembra de papel con semillas se fabrica \u00edntegramente en nuestro taller de la regi\u00f3n parisina. Cada hoja de papel est\u00e1 hecha a mano con m\u00e9todos tradicionales, utilizando pasta fabricada a partir de 100% de papel usado recogido localmente y reciclado por nosotros.<\/p>\n<p>Desarrollamos nosotros mismos los dise\u00f1os de nuestros calendarios para cumplir nuestras estrictas normas medioambientales. La est\u00e9tica minimalista, caracterizada por l\u00edneas elegantes y limpias, forma parte natural de nuestro enfoque.<\/p>\n<p>Las semillas utilizadas en este papel con semillas son semillas ecol\u00f3gicas de flores silvestres no modificadas gen\u00e9ticamente, cuidadosamente seleccionadas de proveedores locales.<\/p>\n<p><strong>Calendario de siembra - F\u00e9minature<\/strong><\/p>","protected":false},"excerpt":{"rendered":"<p><strong>Calendario de siembra - F\u00e9minature<\/strong><\/p>\n<p>Descubra un calendario innovador para plantar, ideal como regalo \u00e9tico y original para sus seres queridos o incluso para usted mismo, para empezar un nuevo a\u00f1o ecorresponsable y floreciente.<\/p>\n<p>Este calendario, de dise\u00f1o art\u00edstico minimalista, celebra la estrecha relaci\u00f3n entre la mujer y la naturaleza a trav\u00e9s de ilustraciones soleadas y armoniosamente entrelazadas. Cada p\u00e1gina del calendario contiene semillas de flores silvestres, ofreciendo un total de 14 oportunidades para sembrar tu jard\u00edn.<\/p>\n<p>Plantando una hoja cada mes, tendr\u00e1s dos hojas extra para crear jardines de flores silvestres que podr\u00e1s compartir con tus seres queridos.<\/p>\n<p><b>dimensiones : <\/b>10 x 14 cm<br \/>\n<strong>contenido<\/strong> 14 hojas con semillas<br \/>\n<b>papel<\/b>\u00a0<strong>sembrado<\/strong> Parsemains ecorreciclados hechos a mano, aprox. 250 g\/m\u00b2.<br \/>\n<b>semillas<\/b> Vainas de flores silvestres ecol\u00f3gicas<br \/>\n<strong>acabado<\/strong> conjunto sujeto por un clip met\u00e1lico reutilizable para sus documentos<\/p>\n<p><strong>Calendario de siembra - F\u00e9minature<\/strong><\/p>","protected":false},"featured_media":44451,"comment_status":"open","ping_status":"closed","template":"","meta":[],"product_brand":[],"product_cat":[200],"product_tag":[],"class_list":{"0":"post-19704","1":"product","2":"type-product","3":"status-publish","4":"has-post-thumbnail","6":"product_cat-calendriers-ensemences","8":"first","9":"instock","10":"purchasable","11":"product-type-simple"},"_links":{"self":[{"href":"https:\/\/www.parsemains.com\/es\/wp-json\/wp\/v2\/product\/19704","targetHints":{"allow":["GET"]}}],"collection":[{"href":"https:\/\/www.parsemains.com\/es\/wp-json\/wp\/v2\/product"}],"about":[{"href":"https:\/\/www.parsemains.com\/es\/wp-json\/wp\/v2\/types\/product"}],"replies":[{"embeddable":true,"href":"https:\/\/www.parsemains.com\/es\/wp-json\/wp\/v2\/comments?post=19704"}],"wp:featuredmedia":[{"embeddable":true,"href":"https:\/\/www.parsemains.com\/es\/wp-json\/wp\/v2\/media\/44451"}],"wp:attachment":[{"href":"https:\/\/www.parsemains.com\/es\/wp-json\/wp\/v2\/media?parent=19704"}],"wp:term":[{"taxonomy":"product_brand","embeddable":true,"href":"https:\/\/www.parsemains.com\/es\/wp-json\/wp\/v2\/product_brand?post=19704"},{"taxonomy":"product_cat","embeddable":true,"href":"https:\/\/www.parsemains.com\/es\/wp-json\/wp\/v2\/product_cat?post=19704"},{"taxonomy":"product_tag","embeddable":true,"href":"https:\/\/www.parsemains.com\/es\/wp-json\/wp\/v2\/product_tag?post=19704"}],"curies":[{"name":"wp","href":"https:\/\/api.w.org\/{rel}","templated":true}]}}