{"id":19700,"date":"2023-08-24T21:31:40","date_gmt":"2023-08-24T19:31:40","guid":{"rendered":"https:\/\/www.parsemains.com\/?post_type=product&#038;p=19700"},"modified":"2025-02-01T16:04:22","modified_gmt":"2025-02-01T15:04:22","slug":"carte-a-planter-carte-de-condoleances-envol","status":"publish","type":"product","link":"https:\/\/www.parsemains.com\/es\/producto\/tarjeta-de-despedida\/","title":{"rendered":"Tarjeta de p\u00e9same - Carte de condol\u00e9ances - \"Envol\" (Vuelo)"},"content":{"rendered":"<p><strong>Tarjeta de p\u00e9same - Carte de condol\u00e9ances - \"Envol\" (Vuelo)<\/strong><\/p>\n<p>El t\u00edtulo \"Vuelo\" evoca el paso a un nuevo horizonte, mientras que la palabra \"Adi\u00f3s\" est\u00e1 escrita en delicada letra cursiva, a\u00f1adiendo un toque de dulzura y respeto a su mensaje de condolencia. La ilustraci\u00f3n del p\u00e1jaro en los relajantes colores turquesa, alzando el vuelo, simboliza la paz, la libertad y el alma que encuentra su descanso eterno.<\/p>\n<p>Lo que hace que esta tarjeta sea a\u00fan m\u00e1s especial es su compromiso con la naturaleza. Hecha de papel sembrado con semillas de flores silvestres, ofrece una forma de celebrar la memoria de un ser querido que ha fallecido. Tras recibir este compasivo mensaje, el destinatario puede plantar la tarjeta y ver crecer las flores silvestres org\u00e1nicas, creando un tributo vivo.<\/p>\n<p><strong>Tarjeta de p\u00e9same - Carte de condol\u00e9ances - \"Envol\" (Vuelo)<\/strong><\/p>","protected":false},"excerpt":{"rendered":"<p><strong>Tarjeta de p\u00e9same - Carte de condol\u00e9ances - \"Envol\" (Vuelo)<\/strong><\/p>\n<p>En momentos de dolor, encontrar las palabras adecuadas puede ser una tarea delicada. Por eso hemos creado la tarjeta de p\u00e9same \"Envol\", una obra de arte pura que te permite expresar tu apoyo y tu cari\u00f1o de una forma profundamente significativa.<\/p>\n<p>La tarjeta \"Envol\" es una forma refinada y sencilla de enviar tu apoyo a quienes lo necesitan. Representa la belleza del recuerdo y la continuidad de la vida, incluso en los momentos m\u00e1s oscuros. Ofrezca este tierno gesto para llevar un poco de consuelo y rendir homenaje a la vida de su ser querido.<\/p>\n<p><b>dimensiones : <\/b>10 x 14 cm<br \/>\n<b>papel<\/b>\u00a0Parsemains ecorreciclados hechos a mano, aprox. 250 g\/m\u00b2.<br \/>\n<b>semillas<\/b> Mezcla de flores silvestres ecol\u00f3gicas<\/p>\n<p><strong>Tarjeta de p\u00e9same - Carte de condol\u00e9ances - \"Envol\" (Vuelo)<\/strong><\/p>","protected":false},"featured_media":44838,"comment_status":"open","ping_status":"closed","template":"","meta":[],"product_brand":[],"product_cat":[210,208],"product_tag":[],"class_list":{"0":"post-19700","1":"product","2":"type-product","3":"status-publish","4":"has-post-thumbnail","6":"product_cat-cartes-a-planter","7":"product_cat-cartes-de-condoleances-a-planter","9":"first","10":"instock","11":"purchasable","12":"product-type-simple"},"_links":{"self":[{"href":"https:\/\/www.parsemains.com\/es\/wp-json\/wp\/v2\/product\/19700","targetHints":{"allow":["GET"]}}],"collection":[{"href":"https:\/\/www.parsemains.com\/es\/wp-json\/wp\/v2\/product"}],"about":[{"href":"https:\/\/www.parsemains.com\/es\/wp-json\/wp\/v2\/types\/product"}],"replies":[{"embeddable":true,"href":"https:\/\/www.parsemains.com\/es\/wp-json\/wp\/v2\/comments?post=19700"}],"wp:featuredmedia":[{"embeddable":true,"href":"https:\/\/www.parsemains.com\/es\/wp-json\/wp\/v2\/media\/44838"}],"wp:attachment":[{"href":"https:\/\/www.parsemains.com\/es\/wp-json\/wp\/v2\/media?parent=19700"}],"wp:term":[{"taxonomy":"product_brand","embeddable":true,"href":"https:\/\/www.parsemains.com\/es\/wp-json\/wp\/v2\/product_brand?post=19700"},{"taxonomy":"product_cat","embeddable":true,"href":"https:\/\/www.parsemains.com\/es\/wp-json\/wp\/v2\/product_cat?post=19700"},{"taxonomy":"product_tag","embeddable":true,"href":"https:\/\/www.parsemains.com\/es\/wp-json\/wp\/v2\/product_tag?post=19700"}],"curies":[{"name":"wp","href":"https:\/\/api.w.org\/{rel}","templated":true}]}}