{"id":19699,"date":"2023-08-24T21:31:39","date_gmt":"2023-08-24T19:31:39","guid":{"rendered":"https:\/\/www.parsemains.com\/?post_type=product&#038;p=19699"},"modified":"2024-03-27T10:28:21","modified_gmt":"2024-03-27T09:28:21","slug":"carte-a-planter-joyeux-anniversaire-tarte-a-fleurs","status":"publish","type":"product","link":"https:\/\/www.parsemains.com\/es\/producto\/tarjeta-de-cumpleanos\/","title":{"rendered":"Tarjeta de plantaci\u00f3n - Feliz cumplea\u00f1os - \"Pastel de flores"},"content":{"rendered":"<p><strong>Tarjeta de plantaci\u00f3n - Feliz cumplea\u00f1os - \"Pastel de flores<\/strong><\/p>\n<p>Imag\u00ednese una deliciosa tarta de cumplea\u00f1os, reci\u00e9n empezada, coronada con hermosas flores rojas y amarillas. Un aut\u00e9ntico fest\u00edn para la vista, \u00bfno le parece? Pero espere, la sorpresa es a\u00fan m\u00e1s dulce que la tarta de chocolate de la abuela: esta tarjeta no s\u00f3lo es bonita, tambi\u00e9n est\u00e1 hecha para plantarla en la tierra.<\/p>\n<p>No, no te estamos pidiendo que caves un hoyo en tu jard\u00edn para enterrar una tarta (aunque la idea es interesante). En lugar de eso, pl\u00e1ntalas directamente en el jard\u00edn o en una maceta y ri\u00e9galas con regularidad. En muy poco tiempo, estos trocitos de naturaleza se convertir\u00e1n en hermosas y mel\u00edferas flores silvestres que alegrar\u00e1n tu espacio y recordar\u00e1n a la afortunada destinataria tu amor y tus deseos de cumplea\u00f1os.<\/p>\n<p>\"Feliz cumplea\u00f1os\" nunca ha tenido un aspecto tan delicioso, \u00bfverdad? Pide ya tu \"Tarta de flores\" y prep\u00e1rate para poner una sonrisa en la cara del afortunado con estas flores gourmet.<\/p>\n<p><strong>Tarjeta de plantaci\u00f3n - Feliz cumplea\u00f1os - \"Pastel de flores<\/strong><\/p>","protected":false},"excerpt":{"rendered":"<p><strong>Tarjeta de plantaci\u00f3n - Feliz cumplea\u00f1os - \"Pastel de flores<\/strong><\/p>\n<p>\u00a1Tadaaa! \ud83c\udf70\ud83c\udf3c<\/p>\n<p>Hola, estoy buscando la tarjeta de cumplea\u00f1os perfecta.<\/p>\n<p>\u00bfHas so\u00f1ado alguna vez con tener un cumplea\u00f1os que te deje recuerdos floridos y memorables? Te presentamos la \"Flower Pie\", la tarjeta de cumplea\u00f1os que no s\u00f3lo env\u00eda c\u00e1lidos deseos, \u00a1sino que tambi\u00e9n es una aut\u00e9ntica pepita ecol\u00f3gica! \ud83c\udf31\ud83c\udf89<\/p>\n<p>La \"Tarte \u00e0 fleurs\" es m\u00e1s que una tarjeta, es un regalo duradero lleno de amor. As\u00ed que si quieres sorprender a alguien con un cumplea\u00f1os inolvidable, opta por esta tarjeta gourmet, divertida y ecol\u00f3gica. \ud83c\udf70\ud83c\udf3b<\/p>\n<p><b>dimensiones : <\/b>20 x 14 cm doblado por la mitad (formato cerrado: 10\u00d714 cm)<br \/>\n<b>papel<\/b>\u00a0Parsemains ecorreciclados hechos a mano, aprox. 250 g\/m\u00b2.<br \/>\n<b>semillas<\/b> Mezcla de flores silvestres ecol\u00f3gicas<\/p>\n<p><strong>Tarjeta de plantaci\u00f3n - Feliz cumplea\u00f1os - \"Pastel de flores<\/strong><\/p>","protected":false},"featured_media":37921,"comment_status":"open","ping_status":"closed","template":"","meta":[],"product_brand":[],"product_cat":[210,211],"product_tag":[],"class_list":{"0":"post-19699","1":"product","2":"type-product","3":"status-publish","4":"has-post-thumbnail","6":"product_cat-cartes-a-planter","7":"product_cat-cartes-danniversaire-ensemencees","9":"first","10":"instock","11":"purchasable","12":"product-type-simple"},"_links":{"self":[{"href":"https:\/\/www.parsemains.com\/es\/wp-json\/wp\/v2\/product\/19699","targetHints":{"allow":["GET"]}}],"collection":[{"href":"https:\/\/www.parsemains.com\/es\/wp-json\/wp\/v2\/product"}],"about":[{"href":"https:\/\/www.parsemains.com\/es\/wp-json\/wp\/v2\/types\/product"}],"replies":[{"embeddable":true,"href":"https:\/\/www.parsemains.com\/es\/wp-json\/wp\/v2\/comments?post=19699"}],"wp:featuredmedia":[{"embeddable":true,"href":"https:\/\/www.parsemains.com\/es\/wp-json\/wp\/v2\/media\/37921"}],"wp:attachment":[{"href":"https:\/\/www.parsemains.com\/es\/wp-json\/wp\/v2\/media?parent=19699"}],"wp:term":[{"taxonomy":"product_brand","embeddable":true,"href":"https:\/\/www.parsemains.com\/es\/wp-json\/wp\/v2\/product_brand?post=19699"},{"taxonomy":"product_cat","embeddable":true,"href":"https:\/\/www.parsemains.com\/es\/wp-json\/wp\/v2\/product_cat?post=19699"},{"taxonomy":"product_tag","embeddable":true,"href":"https:\/\/www.parsemains.com\/es\/wp-json\/wp\/v2\/product_tag?post=19699"}],"curies":[{"name":"wp","href":"https:\/\/api.w.org\/{rel}","templated":true}]}}