{"id":19698,"date":"2023-08-24T21:31:39","date_gmt":"2023-08-24T19:31:39","guid":{"rendered":"https:\/\/www.parsemains.com\/?post_type=product&#038;p=19698"},"modified":"2023-11-10T23:11:42","modified_gmt":"2023-11-10T22:11:42","slug":"carte-a-planter-carte-danniversaire-channiversaire","status":"publish","type":"product","link":"https:\/\/www.parsemains.com\/es\/producto\/cumpleanos-tarjeta-plantacion-cumpleanos\/","title":{"rendered":"Tarjeta de plantaci\u00f3n - Tarjeta de cumplea\u00f1os - \"Channiversaire"},"content":{"rendered":"<p><strong>Tarjeta de plantaci\u00f3n - Tarjeta de cumplea\u00f1os - \"Channiversaire<\/strong><\/p>\n<p>Nuestra tarjeta \"Cumplea\u00f1os\" presenta un adorable gato estilizado que lleva un sombrero festivo y sostiene con delicadeza una flor en la boca, recuerdo de las flores del papel. Un globo rojo felizmente atado a su cola a\u00f1ade un toque de ligereza y festividad al conjunto. El gato lleva un sobre en forma de coraz\u00f3n alrededor del cuello, s\u00edmbolo del afecto y el cari\u00f1o que desea transmitir al afortunado destinatario.<\/p>\n<p>Pero \"Channiversaire\" no es s\u00f3lo una bonita tarjeta de cumplea\u00f1os. Tambi\u00e9n es ecol\u00f3gica e interactiva. Hecha de papel con semillas, la tarjeta est\u00e1 lista para ser plantada una vez terminada la fiesta. El destinatario podr\u00e1 ver crecer hermosas flores silvestres de la tarjeta, creando un recuerdo duradero y florido de su d\u00eda especial.<\/p>\n<p>Para un cumplea\u00f1os que deje una huella duradera en el coraz\u00f3n y en la Tierra, regala nuestra tarjeta de cumplea\u00f1os \"Cumplea\u00f1os\", que se puede plantar. Cel\u00e9brelo protegiendo el medio ambiente y ofreciendo un sincero mensaje de afecto. Haz que cada cumplea\u00f1os sea inolvidable con \"Channiversaire\".<\/p>\n<p><strong>Tarjeta de plantaci\u00f3n - Tarjeta de cumplea\u00f1os - \"Channiversaire<\/strong><\/p>","protected":false},"excerpt":{"rendered":"<p><strong>Tarjeta de plantaci\u00f3n - Tarjeta de cumplea\u00f1os - \"Channiversaire<\/strong><\/p>\n<p>Celebra momentos especiales mientras cuidas de nuestro hermoso planeta con nuestra tarjeta de cumplea\u00f1os \"Cumplea\u00f1os\", que se puede plantar. Esta tarjeta \u00fanica combina la magia de los cumplea\u00f1os con el amor por la naturaleza. Con un dise\u00f1o gr\u00e1fico ecol\u00f3gico, esta tarjeta es a la vez una bonita declaraci\u00f3n visual y un regalo divertido y respetuoso con el medio ambiente.<\/p>\n<p>Ni\u00f1os y mayores estar\u00e1n encantados de ver crecer sus deseos de cumplea\u00f1os mientras miman su peque\u00f1a tarjeta en el jard\u00edn o en una maceta.<\/p>\n<p><b>dimensiones : <\/b>20 x 14 cm doblado por la mitad (formato cerrado: 10\u00d714 cm)<br \/>\n<b>papel<\/b>\u00a0Parsemains ecorreciclados hechos a mano, aprox. 250 g\/m\u00b2.<br \/>\n<b>semillas<\/b> Mezcla de flores silvestres ecol\u00f3gicas<\/p>\n<p><strong>Tarjeta de plantaci\u00f3n - Tarjeta de cumplea\u00f1os - \"Channiversaire<\/strong><\/p>","protected":false},"featured_media":37909,"comment_status":"open","ping_status":"closed","template":"","meta":[],"product_brand":[],"product_cat":[210,211],"product_tag":[],"class_list":{"0":"post-19698","1":"product","2":"type-product","3":"status-publish","4":"has-post-thumbnail","6":"product_cat-cartes-a-planter","7":"product_cat-cartes-danniversaire-ensemencees","9":"first","10":"instock","11":"purchasable","12":"product-type-simple"},"_links":{"self":[{"href":"https:\/\/www.parsemains.com\/es\/wp-json\/wp\/v2\/product\/19698","targetHints":{"allow":["GET"]}}],"collection":[{"href":"https:\/\/www.parsemains.com\/es\/wp-json\/wp\/v2\/product"}],"about":[{"href":"https:\/\/www.parsemains.com\/es\/wp-json\/wp\/v2\/types\/product"}],"replies":[{"embeddable":true,"href":"https:\/\/www.parsemains.com\/es\/wp-json\/wp\/v2\/comments?post=19698"}],"wp:featuredmedia":[{"embeddable":true,"href":"https:\/\/www.parsemains.com\/es\/wp-json\/wp\/v2\/media\/37909"}],"wp:attachment":[{"href":"https:\/\/www.parsemains.com\/es\/wp-json\/wp\/v2\/media?parent=19698"}],"wp:term":[{"taxonomy":"product_brand","embeddable":true,"href":"https:\/\/www.parsemains.com\/es\/wp-json\/wp\/v2\/product_brand?post=19698"},{"taxonomy":"product_cat","embeddable":true,"href":"https:\/\/www.parsemains.com\/es\/wp-json\/wp\/v2\/product_cat?post=19698"},{"taxonomy":"product_tag","embeddable":true,"href":"https:\/\/www.parsemains.com\/es\/wp-json\/wp\/v2\/product_tag?post=19698"}],"curies":[{"name":"wp","href":"https:\/\/api.w.org\/{rel}","templated":true}]}}