{"id":19695,"date":"2023-08-24T21:31:39","date_gmt":"2023-08-24T19:31:39","guid":{"rendered":"https:\/\/www.parsemains.com\/?post_type=product&#038;p=19695"},"modified":"2023-11-10T23:11:42","modified_gmt":"2023-11-10T22:11:42","slug":"carte-a-planter-carte-de-remerciement-vegetalia","status":"publish","type":"product","link":"https:\/\/www.parsemains.com\/es\/producto\/plantacion-barra-de-vegetacion-misericordia\/","title":{"rendered":"Tarjeta de plantaci\u00f3n - Tarjeta de agradecimiento \"V\u00e9g\u00e9talia"},"content":{"rendered":"<p><strong>Tarjeta de plantaci\u00f3n - Tarjeta de agradecimiento \"V\u00e9g\u00e9talia<\/strong><\/p>\n<div class=\"flex-1 overflow-hidden\">\n<div class=\"react-scroll-to-bottom--css-mmnet-79elbk h-full\">\n<div class=\"react-scroll-to-bottom--css-mmnet-1n7m0yu\">\n<div class=\"flex flex-col text-sm gizmo:pb-9 dark:bg-gray-800 gizmo:dark:bg-transparent\">\n<div class=\"group w-full text-token-text-primary border-b border-black\/10 gizmo:border-0 dark:border-gray-900\/50 gizmo:dark:border-0 bg-gray-50 gizmo:bg-transparent dark:bg-[#444654] gizmo:dark:bg-transparent\" data-testid=\"conversation-turn-5\">\n<div class=\"p-4 gizmo:py-2 justify-center text-base md:gap-6 md:py-6 m-auto\">\n<div class=\"flex flex-1 gap-4 text-base mx-auto md:gap-6 gizmo:gap-3 gizmo:md:px-5 gizmo:lg:px-1 gizmo:xl:px-5 md:max-w-2xl lg:max-w-[38rem] gizmo:md:max-w-3xl gizmo:lg:max-w-[40rem] gizmo:xl:max-w-[48rem] xl:max-w-3xl }\">\n<div class=\"relative flex w-[calc(100%-50px)] flex-col gizmo:w-full lg:w-[calc(100%-115px)] agent-turn\">\n<div class=\"flex-col gap-1 md:gap-3\">\n<div class=\"flex flex-grow flex-col gap-3 max-w-full\">\n<div class=\"min-h-[20px] flex flex-col items-start gap-3 whitespace-pre-wrap break-words overflow-x-auto\" data-message-author-role=\"assistant\" data-message-id=\"355140b9-4313-4712-8a5d-bfd4ccfb2c45\">\n<div class=\"markdown prose w-full break-words dark:prose-invert dark\">\n<p>La tarjeta \"Mille mercis!\" de V\u00e9g\u00e9talia es una obra de arte en s\u00ed misma, con cada detalle cuidadosamente pensado. El mensaje caligr\u00e1fico \"Mille mercis!\" est\u00e1 en el centro de la tarjeta, a\u00f1adiendo un toque de sofisticaci\u00f3n y personalizaci\u00f3n a su mensaje de gratitud.<\/p>\n<p>Las hojas de eucalipto que rodean el mensaje a\u00f1aden un sutil toque de naturaleza a la tarjeta. El eucalipto, s\u00edmbolo de resistencia y renovaci\u00f3n, ofrece un recordatorio simb\u00f3lico de crecimiento y vitalidad. Este toque de elegancia vegetal crea un contraste perfecto con el mensaje, dotando a la tarjeta de un encanto natural.<\/p>\n<p>Pero eso no es todo, porque esta tarjeta es especial en muchos sentidos. Est\u00e1 sembrada con semillas de flores silvestres, lo que la convierte en un regalo doblemente maravilloso. Una vez que el destinatario haya apreciado el mensaje y la belleza de la tarjeta, podr\u00e1 plantarla en una maceta con tierra o directamente en su jard\u00edn. Las semillas de flores silvestres germinar\u00e1n y florecer\u00e1n, creando una aut\u00e9ntica explosi\u00f3n de color y vida. Es una forma creativa y duradera de expresar tu gratitud al tiempo que contribuyes a la belleza de la naturaleza.<\/p>\n<p>Ya sea para dar las gracias a un ser querido o para expresar su gratitud a un cliente, nuestra tarjeta de agradecimiento con semillas de la colecci\u00f3n \"V\u00e9g\u00e9talia\" es la elecci\u00f3n perfecta. Crea un v\u00ednculo significativo entre la gratitud que siente y la belleza de la naturaleza. Regale esta tarjeta a quienes significan algo para usted, o introd\u00fazcala en un paquete para dar las gracias a sus clientes de una forma inolvidable. P\u00eddala ahora para cultivar la felicidad y la gratitud.<\/p>\n<\/div>\n<\/div>\n<\/div>\n<\/div>\n<\/div>\n<\/div>\n<\/div>\n<\/div>\n<\/div>\n<\/div>\n<\/div>\n<\/div>\n<p><strong>Tarjeta de plantaci\u00f3n - Tarjeta de agradecimiento \"V\u00e9g\u00e9talia<\/strong><\/p>","protected":false},"excerpt":{"rendered":"<p><strong>Tarjeta de plantaci\u00f3n - Tarjeta de agradecimiento \"V\u00e9g\u00e9talia<\/strong><\/p>\n<p>Descubra la elegancia natural de nuestra tarjeta de agradecimiento con semillas de la colecci\u00f3n de arte \"V\u00e9g\u00e9talia\": una forma refinada y ecol\u00f3gica de expresar su gratitud a sus seres queridos o clientes.<\/p>\n<p>Cada vez que la tarjeta florezca, recordar\u00e1 al destinatario el v\u00ednculo especial que compart\u00eds, a la vez que simbolizar\u00e1 el continuo crecimiento de la gratitud.<\/p>\n<p><b>dimensiones : <\/b>10 x 14 cm<br \/>\n<b>papel<\/b>\u00a0Parsemains ecorreciclados hechos a mano, aprox. 250 g\/m\u00b2.<br \/>\n<b>semillas<\/b> Mezcla de flores silvestres ecol\u00f3gicas<\/p>\n<p><strong>Tarjeta de plantaci\u00f3n - Tarjeta de agradecimiento \"V\u00e9g\u00e9talia<\/strong><\/p>","protected":false},"featured_media":26442,"comment_status":"open","ping_status":"closed","template":"","meta":[],"product_brand":[],"product_cat":[210,209],"product_tag":[],"class_list":{"0":"post-19695","1":"product","2":"type-product","3":"status-publish","4":"has-post-thumbnail","6":"product_cat-cartes-a-planter","7":"product_cat-cartes-de-remerciement-a-planter","9":"first","10":"instock","11":"purchasable","12":"product-type-simple"},"_links":{"self":[{"href":"https:\/\/www.parsemains.com\/es\/wp-json\/wp\/v2\/product\/19695","targetHints":{"allow":["GET"]}}],"collection":[{"href":"https:\/\/www.parsemains.com\/es\/wp-json\/wp\/v2\/product"}],"about":[{"href":"https:\/\/www.parsemains.com\/es\/wp-json\/wp\/v2\/types\/product"}],"replies":[{"embeddable":true,"href":"https:\/\/www.parsemains.com\/es\/wp-json\/wp\/v2\/comments?post=19695"}],"wp:featuredmedia":[{"embeddable":true,"href":"https:\/\/www.parsemains.com\/es\/wp-json\/wp\/v2\/media\/26442"}],"wp:attachment":[{"href":"https:\/\/www.parsemains.com\/es\/wp-json\/wp\/v2\/media?parent=19695"}],"wp:term":[{"taxonomy":"product_brand","embeddable":true,"href":"https:\/\/www.parsemains.com\/es\/wp-json\/wp\/v2\/product_brand?post=19695"},{"taxonomy":"product_cat","embeddable":true,"href":"https:\/\/www.parsemains.com\/es\/wp-json\/wp\/v2\/product_cat?post=19695"},{"taxonomy":"product_tag","embeddable":true,"href":"https:\/\/www.parsemains.com\/es\/wp-json\/wp\/v2\/product_tag?post=19695"}],"curies":[{"name":"wp","href":"https:\/\/api.w.org\/{rel}","templated":true}]}}