{"id":19694,"date":"2023-08-24T21:31:39","date_gmt":"2023-08-24T19:31:39","guid":{"rendered":"https:\/\/www.parsemains.com\/?post_type=product&#038;p=19694"},"modified":"2023-11-10T23:13:15","modified_gmt":"2023-11-10T22:13:15","slug":"carte-de-remerciement-a-planter-minimaliste","status":"publish","type":"product","link":"https:\/\/www.parsemains.com\/es\/producto\/tarjeta-de-agradecimiento\/","title":{"rendered":"Tarjeta de agradecimiento vegetal - \"Minimaliste"},"content":{"rendered":"<p><strong>Tarjeta de agradecimiento vegetal - \"Minimaliste<\/strong><\/p>\n<p>Esta peque\u00f1a maravilla, con su sentido mensaje \"Mille mercis!\" en color verde abeto, es sencillamente encantadora. Un peque\u00f1o coraz\u00f3n del mismo color a\u00f1ade un toque de amor a su mensaje. Es perfecta para decir \"gracias\" a tus seres queridos, ya sea por un gesto considerado o simplemente para demostrarles lo mucho que los aprecias.<\/p>\n<p>Pero nuestra tarjeta de agradecimiento es tambi\u00e9n un gesto de amor a la naturaleza. Est\u00e1 hecha con papel sembrado que contiene semillas ecol\u00f3gicas de flores silvestres. Una vez que hayas compartido tu gratitud, tus destinatarios podr\u00e1n plantarla en una maceta o en su jard\u00edn. Las semillas empezar\u00e1n a crecer, haciendo de esta tarjeta un regalo que sigue creciendo y floreciendo.<\/p>\n<p><strong>Tarjeta de agradecimiento vegetal - \"Minimaliste<\/strong><\/p>","protected":false},"excerpt":{"rendered":"<p><strong>Tarjeta de agradecimiento vegetal - \"Minimaliste<\/strong><\/p>\n<p>\u00bfBusca una forma especial de decir \"gracias\" a aquellos que significan algo para usted, mimando al mismo tiempo nuestro planeta? Descubra nuestra tarjeta de agradecimiento de la colecci\u00f3n de arte \"Minimalista\".<\/p>\n<p>Ya sea para un agradecimiento personal o para a\u00f1adir un toque ecol\u00f3gico a sus paquetes de productos, esta tarjeta es la elecci\u00f3n perfecta. Le permite expresar su gratitud a la vez que cuida de nuestro precioso planeta.  Un peque\u00f1o gesto que marca una gran diferencia.<\/p>\n<p><b>dimensiones : <\/b>10 x 14 cm<br \/>\n<b>papel<\/b>\u00a0Parsemains ecorreciclados hechos a mano, aprox. 250 g\/m\u00b2.<br \/>\n<b>semillas<\/b> Mezcla de flores silvestres ecol\u00f3gicas<\/p>\n<p><strong>Tarjeta de agradecimiento vegetal - \"Minimaliste<\/strong><\/p>","protected":false},"featured_media":26446,"comment_status":"open","ping_status":"closed","template":"","meta":[],"product_brand":[],"product_cat":[210,209],"product_tag":[],"class_list":{"0":"post-19694","1":"product","2":"type-product","3":"status-publish","4":"has-post-thumbnail","6":"product_cat-cartes-a-planter","7":"product_cat-cartes-de-remerciement-a-planter","9":"first","10":"instock","11":"purchasable","12":"product-type-simple"},"_links":{"self":[{"href":"https:\/\/www.parsemains.com\/es\/wp-json\/wp\/v2\/product\/19694","targetHints":{"allow":["GET"]}}],"collection":[{"href":"https:\/\/www.parsemains.com\/es\/wp-json\/wp\/v2\/product"}],"about":[{"href":"https:\/\/www.parsemains.com\/es\/wp-json\/wp\/v2\/types\/product"}],"replies":[{"embeddable":true,"href":"https:\/\/www.parsemains.com\/es\/wp-json\/wp\/v2\/comments?post=19694"}],"wp:featuredmedia":[{"embeddable":true,"href":"https:\/\/www.parsemains.com\/es\/wp-json\/wp\/v2\/media\/26446"}],"wp:attachment":[{"href":"https:\/\/www.parsemains.com\/es\/wp-json\/wp\/v2\/media?parent=19694"}],"wp:term":[{"taxonomy":"product_brand","embeddable":true,"href":"https:\/\/www.parsemains.com\/es\/wp-json\/wp\/v2\/product_brand?post=19694"},{"taxonomy":"product_cat","embeddable":true,"href":"https:\/\/www.parsemains.com\/es\/wp-json\/wp\/v2\/product_cat?post=19694"},{"taxonomy":"product_tag","embeddable":true,"href":"https:\/\/www.parsemains.com\/es\/wp-json\/wp\/v2\/product_tag?post=19694"}],"curies":[{"name":"wp","href":"https:\/\/api.w.org\/{rel}","templated":true}]}}