{"id":19692,"date":"2023-08-24T21:31:38","date_gmt":"2023-08-24T19:31:38","guid":{"rendered":"https:\/\/www.parsemains.com\/?post_type=product&#038;p=19692"},"modified":"2025-05-12T22:24:39","modified_gmt":"2025-05-12T20:24:39","slug":"confettis-ensemences-amorettis","status":"publish","type":"product","link":"https:\/\/www.parsemains.com\/es\/producto\/confetti-seed-amorettis\/","title":{"rendered":"Confeti de semillas - Amorettis"},"content":{"rendered":"<p class=\"\">\u00bfQu\u00e9 mejor manera de marcar sus eventos que con confeti con semillas, que har\u00e1 florecer el recuerdo? Para cambiar el habitual confeti banal que parece triste despu\u00e9s de la primera lluvia sobre nuestras aceras, elija confeti que florece.<\/p>\n<p>Se entregan en peque\u00f1os sobres de papel kraft.<\/p>\n<p>&nbsp;<\/p>\n<p>Precio para aproximadamente 50 unidades.<\/p>","protected":false},"excerpt":{"rendered":"<p>\u00a1Haz que llueva con este adorable confeti con semillas para todas tus ocasiones especiales! Con forma de coraz\u00f3n, esparcen las semillas de mil flores junto con tus deseos de felicidad, que har\u00e1n florecer en primavera.<\/p>\n<p>D\u00e9jese tentar y haga las delicias de sus invitados, que estar\u00e1n encantados de esparcirlas por todas partes.<\/p>\n<p><strong>dimensiones : <\/strong>alto 2 cm x ancho 2 cm<strong><br \/>\ngramaje<\/strong>\u00a0Hecho a mano de primera calidad, aprox. 300 g\/m\u00b2.<br \/>\n<strong>semillas<\/strong> Una mezcla de flores silvestres mel\u00edferas y fertilizantes<\/p>\n<p>El dorso del sobre puede personalizarse a partir de 30 unidades.<\/p>\n<p><a href=\"https:\/\/www.parsemains.com\/es\/contacte-con-nosotros\/\">P\u00f3ngase en contacto con nosotros<\/a> para saber m\u00e1s.<\/p>","protected":false},"featured_media":26464,"comment_status":"open","ping_status":"closed","template":"","meta":[],"product_brand":[],"product_cat":[214],"product_tag":[],"class_list":{"0":"post-19692","1":"product","2":"type-product","3":"status-publish","4":"has-post-thumbnail","6":"product_cat-confettis-a-planter","8":"first","9":"outofstock","10":"purchasable","11":"product-type-simple"},"_links":{"self":[{"href":"https:\/\/www.parsemains.com\/es\/wp-json\/wp\/v2\/product\/19692","targetHints":{"allow":["GET"]}}],"collection":[{"href":"https:\/\/www.parsemains.com\/es\/wp-json\/wp\/v2\/product"}],"about":[{"href":"https:\/\/www.parsemains.com\/es\/wp-json\/wp\/v2\/types\/product"}],"replies":[{"embeddable":true,"href":"https:\/\/www.parsemains.com\/es\/wp-json\/wp\/v2\/comments?post=19692"}],"wp:featuredmedia":[{"embeddable":true,"href":"https:\/\/www.parsemains.com\/es\/wp-json\/wp\/v2\/media\/26464"}],"wp:attachment":[{"href":"https:\/\/www.parsemains.com\/es\/wp-json\/wp\/v2\/media?parent=19692"}],"wp:term":[{"taxonomy":"product_brand","embeddable":true,"href":"https:\/\/www.parsemains.com\/es\/wp-json\/wp\/v2\/product_brand?post=19692"},{"taxonomy":"product_cat","embeddable":true,"href":"https:\/\/www.parsemains.com\/es\/wp-json\/wp\/v2\/product_cat?post=19692"},{"taxonomy":"product_tag","embeddable":true,"href":"https:\/\/www.parsemains.com\/es\/wp-json\/wp\/v2\/product_tag?post=19692"}],"curies":[{"name":"wp","href":"https:\/\/api.w.org\/{rel}","templated":true}]}}