{"id":19638,"date":"2023-08-24T21:31:15","date_gmt":"2023-08-24T19:31:15","guid":{"rendered":"https:\/\/www.parsemains.com\/?post_type=product&#038;p=19638"},"modified":"2024-03-27T10:39:41","modified_gmt":"2024-03-27T09:39:41","slug":"cartes-a-planter-collection-candeur-assortiment-de-5-cartes","status":"publish","type":"product","link":"https:\/\/www.parsemains.com\/es\/producto\/coleccion-de-tarjetas-de-semilla-candidato\/","title":{"rendered":"Tarjetas de plantaci\u00f3n - Colecci\u00f3n Candour - Surtido de 5 tarjetas"},"content":{"rendered":"<p><strong>Tarjetas de plantaci\u00f3n - Colecci\u00f3n Candour - Surtido de 5 tarjetas<\/strong><\/p>\n<p>Lo que hace tan especial a la colecci\u00f3n Candeur es el papel con semillas en el que est\u00e1n hechas. Cada tarjeta est\u00e1 hecha con papel de alta calidad, incorporando semillas de flores silvestres en su composici\u00f3n. Una vez le\u00eddo y apreciado el mensaje, puedes dar una segunda vida a estas tarjetas. Basta con plantar la tarjeta en una maceta con tierra, regarla regularmente y esperar con impaciencia el florecimiento de las amapolas, acianos, margaritas amarillas, alhel\u00edes y espuelas de caballero que tan meticulosamente se han pintado.<\/p>\n<p>Haz un regalo que siga creciendo y floreciendo con el tiempo. Nuestras tarjetas \"Candeur\" son la forma perfecta de compartir un mensaje al tiempo que se ayuda a preservar la naturaleza y la biodiversidad. Cree recuerdos duraderos y comparta la belleza de las flores silvestres con sus seres queridos. La colecci\u00f3n Candeur convierte cualquier ocasi\u00f3n en una celebraci\u00f3n de la naturaleza y el amor.<\/p>","protected":false},"excerpt":{"rendered":"<p><strong>Tarjetas de plantaci\u00f3n - Colecci\u00f3n Candour - Surtido de 5 tarjetas<\/strong><\/p>\n<p>Descubra nuestra excepcional colecci\u00f3n de tarjetas para plantar de papel con semillas, \"Candeur\", una oda a la belleza de las flores silvestres que alegrar\u00e1 cualquier ocasi\u00f3n especial. Cada juego \"Candeur\" consta de cinco exquisitas tarjetas, en las que cada una est\u00e1 adornada con una flor silvestre captada en todo su esplendor mediante ilustraciones en acuarela de una calidad excepcional.<\/p>\n<p>Ya sea para expresar deseos de cumplea\u00f1os, celebrar una boda, compartir sus felicitaciones por el nacimiento de un hijo o simplemente para transmitir sus cari\u00f1osos pensamientos, nuestras tarjetas \"Candeur\" a\u00f1aden un toque de gracia y elegancia a cada mensaje. M\u00e1s que una tarjeta, son una experiencia en s\u00ed mismas.<\/p>\n<p><strong>dimensiones : <\/strong>Tarjeta doble A5 doblada en A6 (20 x 14 cm abierta)<strong><br \/>\ngramaje<\/strong>\u00a0Hecho a mano de primera calidad, aprox. 300 g\/m\u00b2.<br \/>\n<strong>semillas<\/strong> Mezcla de flores silvestres ecol\u00f3gicas<\/p>\n<p><strong>Tarjetas de plantaci\u00f3n - Colecci\u00f3n Candour - Surtido de 5 tarjetas<\/strong><\/p>\n<p>&nbsp;<\/p>","protected":false},"featured_media":37467,"comment_status":"open","ping_status":"closed","template":"","meta":[],"product_brand":[],"product_cat":[210],"product_tag":[],"class_list":{"0":"post-19638","1":"product","2":"type-product","3":"status-publish","4":"has-post-thumbnail","6":"product_cat-cartes-a-planter","8":"first","9":"instock","10":"purchasable","11":"product-type-simple"},"_links":{"self":[{"href":"https:\/\/www.parsemains.com\/es\/wp-json\/wp\/v2\/product\/19638","targetHints":{"allow":["GET"]}}],"collection":[{"href":"https:\/\/www.parsemains.com\/es\/wp-json\/wp\/v2\/product"}],"about":[{"href":"https:\/\/www.parsemains.com\/es\/wp-json\/wp\/v2\/types\/product"}],"replies":[{"embeddable":true,"href":"https:\/\/www.parsemains.com\/es\/wp-json\/wp\/v2\/comments?post=19638"}],"wp:featuredmedia":[{"embeddable":true,"href":"https:\/\/www.parsemains.com\/es\/wp-json\/wp\/v2\/media\/37467"}],"wp:attachment":[{"href":"https:\/\/www.parsemains.com\/es\/wp-json\/wp\/v2\/media?parent=19638"}],"wp:term":[{"taxonomy":"product_brand","embeddable":true,"href":"https:\/\/www.parsemains.com\/es\/wp-json\/wp\/v2\/product_brand?post=19638"},{"taxonomy":"product_cat","embeddable":true,"href":"https:\/\/www.parsemains.com\/es\/wp-json\/wp\/v2\/product_cat?post=19638"},{"taxonomy":"product_tag","embeddable":true,"href":"https:\/\/www.parsemains.com\/es\/wp-json\/wp\/v2\/product_tag?post=19638"}],"curies":[{"name":"wp","href":"https:\/\/api.w.org\/{rel}","templated":true}]}}