{"id":37562,"date":"2023-11-01T11:49:52","date_gmt":"2023-11-01T10:49:52","guid":{"rendered":"https:\/\/www.parsemains.com\/?post_type=product&#038;p=37562"},"modified":"2026-03-02T18:46:10","modified_gmt":"2026-03-02T17:46:10","slug":"etiquettes-ensemencees-collection-vegetalia-assortiment-de-7-etiquettes","status":"publish","type":"product","link":"https:\/\/www.parsemains.com\/en\/product\/seed-labels-collection-vegetalia-assortment-of-7-labels\/","title":{"rendered":"Inoculated labels - \"Vegetalia\" collection - Assortment of 7 labels"},"content":{"rendered":"<p><strong>Inoculated labels - \"Vegetalia\" collection - Assortment of 7 labels<\/strong><\/p>\n<p><strong>Elegant illustrations<\/strong> Each \"Vegetalia\" label is an expression of the grace of the plant world. The watercolour motifs capture the timeless beauty of nature, adding a touch of authenticity to your gifts or products.<\/p>\n<p><strong>Pack of 7 labels<\/strong> Each \"Vegetalia\" set includes 7 unique labels, offering a variety of designs to meet all your customisation needs.<\/p>\n<p><strong>Organic wild flower seeds<\/strong> The thing that makes \"Vegetalia\" labels even more special is that they are made from paper sown with organic wildflower seeds. Once you've used them, simply plant the label in the ground, water it, and you'll soon see wild flowers blooming.<\/p>\n<p><strong>Versatile and environmentally friendly<\/strong> These versatile labels can be used to accompany gifts or as product labels. Made from recycled paper, they're a choice that respects the environment and nature's cycle.<\/p>\n<p><strong>Make a declaration<\/strong> Vegetalia\" allows your gift or product to stand out, to tell a story of nature and commitment to the environment.<\/p>\n<p>Whether you want to wrap a special gift, enhance your handmade products or simply add a touch of nature to your everyday life, \"Vegetalia\" planter labels are the perfect complement. Give your loved ones unique, long-lasting gifts, or differentiate your products by giving them an environmentally-friendly look. Discover the beauty of \"Vegetalia\" today and make a statement with every label you use.<\/p>\n<p><strong>Inoculated labels - \"Vegetalia\" collection - Assortment of 7 labels<\/strong><\/p>","protected":false},"excerpt":{"rendered":"<p><strong>Inoculated labels - \"Vegetalia\" collection - Assortment of 7 labels<\/strong><\/p>\n<p>Si vous recherchez une fa\u00e7on unique et respectueuse de la nature pour personnaliser vos cadeaux ou sublimer vos produits, les \u00e9tiquettes \u00e0 planter &#8220;Vegetalia&#8221; sont un choix \u00e0 consid\u00e9rer. Ces \u00e9tiquettes artistiques, orn\u00e9es de motifs en aquarelle de feuilles et de crosses v\u00e9g\u00e9tales gracieuses, sont \u00e0 la fois simples et \u00e9l\u00e9gantes, apportant une touche d&#8217;\u00e9l\u00e9gance naturelle \u00e0 tout ce qu&#8217;elles accompagnent. Elles contiennent des graines de fleurs sauvages mellif\u00e8res bio qui viennent enrichir la biodiversit\u00e9 sans cr\u00e9er de d\u00e9chet : le support id\u00e9al pour montrer votre engagement pour la plan\u00e8te !<\/p>\n<p><b>dimensions : <\/b>8.5 x 4 cm<br \/>\n<b>paper<\/b>\u00a0Eco-recycled handmade parsemains, approx. 250g\/m\u00b2.<br \/>\n<strong>finishes<\/strong> a hole centred on the left <em>(string not included)<\/em><br \/>\n<b>seeds<\/b> Organic wild flower mix<em><br \/>\n<\/em><\/p>\n<p><strong>Inoculated labels - \"Vegetalia\" collection - Assortment of 7 labels<\/strong><\/p>","protected":false},"featured_media":37563,"comment_status":"open","ping_status":"closed","template":"","meta":[],"product_brand":[],"product_cat":[213],"product_tag":[],"class_list":{"0":"post-37562","1":"product","2":"type-product","3":"status-publish","4":"has-post-thumbnail","6":"product_cat-etiquettes-cadeaux-ensemencees","8":"first","9":"instock","10":"purchasable","11":"product-type-simple"},"_links":{"self":[{"href":"https:\/\/www.parsemains.com\/en\/wp-json\/wp\/v2\/product\/37562","targetHints":{"allow":["GET"]}}],"collection":[{"href":"https:\/\/www.parsemains.com\/en\/wp-json\/wp\/v2\/product"}],"about":[{"href":"https:\/\/www.parsemains.com\/en\/wp-json\/wp\/v2\/types\/product"}],"replies":[{"embeddable":true,"href":"https:\/\/www.parsemains.com\/en\/wp-json\/wp\/v2\/comments?post=37562"}],"wp:featuredmedia":[{"embeddable":true,"href":"https:\/\/www.parsemains.com\/en\/wp-json\/wp\/v2\/media\/37563"}],"wp:attachment":[{"href":"https:\/\/www.parsemains.com\/en\/wp-json\/wp\/v2\/media?parent=37562"}],"wp:term":[{"taxonomy":"product_brand","embeddable":true,"href":"https:\/\/www.parsemains.com\/en\/wp-json\/wp\/v2\/product_brand?post=37562"},{"taxonomy":"product_cat","embeddable":true,"href":"https:\/\/www.parsemains.com\/en\/wp-json\/wp\/v2\/product_cat?post=37562"},{"taxonomy":"product_tag","embeddable":true,"href":"https:\/\/www.parsemains.com\/en\/wp-json\/wp\/v2\/product_tag?post=37562"}],"curies":[{"name":"wp","href":"https:\/\/api.w.org\/{rel}","templated":true}]}}