{"id":19707,"date":"2023-08-24T21:31:40","date_gmt":"2023-08-24T19:31:40","guid":{"rendered":"https:\/\/www.parsemains.com\/?post_type=product&#038;p=19707"},"modified":"2025-11-27T21:28:35","modified_gmt":"2025-11-27T20:28:35","slug":"calendrier-a-planter-fleurs-du-temps","status":"publish","type":"product","link":"https:\/\/www.parsemains.com\/en\/product\/calendar-planting-2022-time-flowers\/","title":{"rendered":"Planting calendar - Flowers of time"},"content":{"rendered":"<p><strong>Planting calendar - Flowers of time<\/strong><\/p>\n<p><strong>Features of the Planting Calendar :<\/strong><\/p>\n<p><strong>Minimalist artistic design :<\/strong> Each month, admire a minimalist artistic design highlighting the characteristic flowers of each season. A perfect fusion of aesthetics and functionality.<\/p>\n<p><strong>Seeded sheets :<\/strong> The 14 calendar leaves contain wildflower seeds. By planting a leaf each month, you can then give two extra leaves to create wildflower gardens for your loved ones.<\/p>\n<p><strong>Eco-friendly seeded paper :<\/strong> The seeded paper, handmade and recycled, is \"zero waste\" and biodegradable. This eco-friendly alternative is an original medium that's sure to surprise.<\/p>\n<p><strong>Handcrafted in \u00cele-de-France :<\/strong> Each Fleurs du Temps planting calendar is designed at 100% in our workshop in the Paris region. Each sheet of paper is handmade using traditional methods of bowl and sieve paper forming, underlining our commitment to local craftsmanship.<\/p>\n<p><strong>Recycled paper and respect for the environment:<\/strong> The pulp for our paper is made entirely from used paper, collected locally and recycled by us. The minimalist designs are created with the environment in mind, with elegant, clean lines.<\/p>\n<p><strong>Non-GMO organic seeds :<\/strong> The seeds contained in the paper are organic, free-range and non-GMO, purchased from local suppliers. In this way, you are helping to preserve biodiversity while adding a natural touch to your everyday life.<\/p>\n<p><strong>Planting calendar - Flowers of time<\/strong><\/p>","protected":false},"excerpt":{"rendered":"<p><strong>Planting calendar - Flowers of time<\/strong><\/p>\n<p>D\u00e9couvrez un calendrier \u00e0 planter, une id\u00e9e cadeau \u00e9thique et originale pour inaugurer une nouvelle ann\u00e9e 2026 \u00e9co-responsable et fleurie. Que ce soit pour vos proches ou vous-m\u00eame, ce calendrier offre une mani\u00e8re unique de c\u00e9l\u00e9brer le passage du temps.<\/p>\n<p><b>dimensions : <\/b>14 x 10 cm<br \/>\n<strong>content<\/strong> 14 seeded sheets<br \/>\n<b>paper<\/b>\u00a0<strong>sown<\/strong> Parsemains eco-recycled handmade, grammage approx. 250g\/m\u00b2.<br \/>\n<b>seeds<\/b> Organic wild flower mix<br \/>\n<strong>finish<\/strong> set held together by a reusable metal paper clip for your documents<\/p>\n<p><strong>Planting calendar - Flowers of time<\/strong><\/p>","protected":false},"featured_media":44452,"comment_status":"open","ping_status":"closed","template":"","meta":[],"product_brand":[],"product_cat":[200],"product_tag":[],"class_list":{"0":"post-19707","1":"product","2":"type-product","3":"status-publish","4":"has-post-thumbnail","6":"product_cat-calendriers-ensemences","8":"first","9":"instock","10":"purchasable","11":"product-type-simple"},"_links":{"self":[{"href":"https:\/\/www.parsemains.com\/en\/wp-json\/wp\/v2\/product\/19707","targetHints":{"allow":["GET"]}}],"collection":[{"href":"https:\/\/www.parsemains.com\/en\/wp-json\/wp\/v2\/product"}],"about":[{"href":"https:\/\/www.parsemains.com\/en\/wp-json\/wp\/v2\/types\/product"}],"replies":[{"embeddable":true,"href":"https:\/\/www.parsemains.com\/en\/wp-json\/wp\/v2\/comments?post=19707"}],"wp:featuredmedia":[{"embeddable":true,"href":"https:\/\/www.parsemains.com\/en\/wp-json\/wp\/v2\/media\/44452"}],"wp:attachment":[{"href":"https:\/\/www.parsemains.com\/en\/wp-json\/wp\/v2\/media?parent=19707"}],"wp:term":[{"taxonomy":"product_brand","embeddable":true,"href":"https:\/\/www.parsemains.com\/en\/wp-json\/wp\/v2\/product_brand?post=19707"},{"taxonomy":"product_cat","embeddable":true,"href":"https:\/\/www.parsemains.com\/en\/wp-json\/wp\/v2\/product_cat?post=19707"},{"taxonomy":"product_tag","embeddable":true,"href":"https:\/\/www.parsemains.com\/en\/wp-json\/wp\/v2\/product_tag?post=19707"}],"curies":[{"name":"wp","href":"https:\/\/api.w.org\/{rel}","templated":true}]}}