{"id":37716,"date":"2023-11-02T08:15:11","date_gmt":"2023-11-02T07:15:11","guid":{"rendered":"https:\/\/www.parsemains.com\/?post_type=product&#038;p=37716"},"modified":"2023-11-15T23:25:01","modified_gmt":"2023-11-15T22:25:01","slug":"carte-a-planter-chat-astral","status":"publish","type":"product","link":"https:\/\/www.parsemains.com\/de\/produkt\/geburtstagskarte-zu-bepflanzen-blumenkarte\/","title":{"rendered":"Legekarte - Astralkatze"},"content":{"rendered":"<p><strong>Legekarte - Astralkatze<\/strong><\/p>\n<p>Die Illustration auf dieser Karte ist ein einzigartiges Design, das die schwarzen Umrisse einer Katze mit geschlossenen Augen zeigt. Diese r\u00e4tselhafte Katze tr\u00e4gt ein Mondmotiv auf der Stirn und funkelnde Sterne auf ihrem Fell, w\u00e4hrend die Schwanzspitze h\u00fcbsch geringelt ist. Dieses Bild f\u00e4ngt sowohl den Zauber des Geheimnisvollen als auch die Ruhe der Nacht ein und schafft eine herzerw\u00e4rmende Atmosph\u00e4re.<\/p>\n<p>Jedes Detail dieser Karte wurde sorgf\u00e4ltig gestaltet, um eine sanfte Magie heraufzubeschw\u00f6ren, und die Katze mit dem himmlischen Motiv verk\u00f6rpert die Sch\u00f6nheit der sternenklaren Nacht. Sie k\u00f6nnen die Ruhe, die von dieser r\u00e4tselhaften Katze ausgeht, fast sp\u00fcren, und sie ist ein ideales Geschenk, um die Tage Ihrer Lieben aufzuhellen.<\/p>\n<p>Die Innenseite der Karte bleibt leer und bietet Ihnen den idealen Platz f\u00fcr eine pers\u00f6nliche Nachricht, ein inspirierendes Zitat oder handgeschriebene Worte der Zuneigung.<\/p>\n<p>Aber diese Karte ist nicht nur ein Kunstwerk, das Sie bewundern k\u00f6nnen, sondern auch eine Einladung zum Wachsen. Wenn Sie diese Karte in einen Blumentopf oder eine Ecke des Gartens stecken, erwecken Sie einen Miniaturgarten zum Leben. Die Blumensamen auf der Karte keimen und bieten Bio-Wildblumen, die Ihre Umgebung beleben. Sobald die Karte gepflanzt ist, verwandelt sie sich in eine lebendige Quelle der Sch\u00f6nheit und schafft so eine Verbindung zwischen Kunst und Natur.<\/p>\n<p>Ob Sie nun einen geliebten Menschen \u00fcberraschen oder einen Hauch von Geheimnis und Trost in Ihr eigenes Leben bringen m\u00f6chten, unsere Pflanzkarte ist die perfekte Wahl. Verschenken Sie ein einzigartiges, magisches Erlebnis, das die Sinne verw\u00f6hnt und die Herzen zum Leuchten bringt, und leisten Sie gleichzeitig einen Beitrag zur Erhaltung unseres sch\u00f6nen Planeten. Machen Sie aus jeder Botschaft ein kleines Abenteuer, das im Laufe der Zeit erbl\u00fcht.<\/p>\n<p><strong>Legekarte - Astralkatze<\/strong><\/p>","protected":false},"excerpt":{"rendered":"<p><strong>Legekarte - Astralkatze<\/strong><\/p>\n<p>Entdecken Sie eine einzigartige Karte zum Einpflanzen, deren Illustrationen sowohl an Geheimnisvolles als auch an Trost erinnern.<\/p>\n<p>Diese liebenswerte, ruhige und r\u00e4tselhafte Katze ist eine Einladung zur Kontemplation und Meditation. Ihre geschlossenen Augen scheinen tiefe Geheimnisse zu verbergen, w\u00e4hrend die Sterne um sie herum an eine sternenklare Nacht erinnern, in der Tr\u00e4ume wahr werden.<\/p>\n<p><b>dimensionen : <\/b>20 x 14 cm in der Mitte gefaltet (geschlossenes Format: 10\u00d714 cm)<br \/>\n<b>Papier<\/b>\u00a0Parsemains : \u00d6ko-recycelt, handgefertigt, ca. 250g\/m\u00b2.<br \/>\n<b>Samen<\/b> : Bio-Mischung aus honigs\u00fc\u00dfen Wildblumen<\/p>\n<p><strong>Legekarte - Astralkatze<\/strong><\/p>","protected":false},"featured_media":37719,"comment_status":"open","ping_status":"closed","template":"","meta":[],"product_brand":[],"product_cat":[210,171],"product_tag":[],"class_list":{"0":"post-37716","1":"product","2":"type-product","3":"status-publish","4":"has-post-thumbnail","6":"product_cat-cartes-a-planter","7":"product_cat-cartes-de-voeux-ensemencees","9":"first","10":"instock","11":"purchasable","12":"product-type-simple"},"_links":{"self":[{"href":"https:\/\/www.parsemains.com\/de\/wp-json\/wp\/v2\/product\/37716","targetHints":{"allow":["GET"]}}],"collection":[{"href":"https:\/\/www.parsemains.com\/de\/wp-json\/wp\/v2\/product"}],"about":[{"href":"https:\/\/www.parsemains.com\/de\/wp-json\/wp\/v2\/types\/product"}],"replies":[{"embeddable":true,"href":"https:\/\/www.parsemains.com\/de\/wp-json\/wp\/v2\/comments?post=37716"}],"wp:featuredmedia":[{"embeddable":true,"href":"https:\/\/www.parsemains.com\/de\/wp-json\/wp\/v2\/media\/37719"}],"wp:attachment":[{"href":"https:\/\/www.parsemains.com\/de\/wp-json\/wp\/v2\/media?parent=37716"}],"wp:term":[{"taxonomy":"product_brand","embeddable":true,"href":"https:\/\/www.parsemains.com\/de\/wp-json\/wp\/v2\/product_brand?post=37716"},{"taxonomy":"product_cat","embeddable":true,"href":"https:\/\/www.parsemains.com\/de\/wp-json\/wp\/v2\/product_cat?post=37716"},{"taxonomy":"product_tag","embeddable":true,"href":"https:\/\/www.parsemains.com\/de\/wp-json\/wp\/v2\/product_tag?post=37716"}],"curies":[{"name":"wp","href":"https:\/\/api.w.org\/{rel}","templated":true}]}}