{"id":37562,"date":"2023-11-01T11:49:52","date_gmt":"2023-11-01T10:49:52","guid":{"rendered":"https:\/\/www.parsemains.com\/?post_type=product&#038;p=37562"},"modified":"2026-03-02T18:46:10","modified_gmt":"2026-03-02T17:46:10","slug":"etiquettes-ensemencees-collection-vegetalia-assortiment-de-7-etiquettes","status":"publish","type":"product","link":"https:\/\/www.parsemains.com\/de\/produkt\/etiketten-samen-kollektion-vegetalia-assortiment-von-7-etiketten\/","title":{"rendered":"Etiketten mit Saatgut - Kollektion \"Vegetalia\" - Sortiment von 7 Etiketten"},"content":{"rendered":"<p><strong>Etiketten mit Saatgut - Kollektion \"Vegetalia\" - Sortiment von 7 Etiketten<\/strong><\/p>\n<p><strong>Elegante Illustrationen<\/strong> : Jedes \"Vegetalia\"-Etikett ist ein Ausdruck der Anmut der Pflanzenwelt. Die Aquarellmotive fesseln die zeitlose Sch\u00f6nheit der Natur und verleihen Ihren Geschenken oder Produkten einen Hauch von Authentizit\u00e4t.<\/p>\n<p><strong>Lot von 7 Etiketten<\/strong> : Jedes \"Vegetalia\"-Set besteht aus 7 einzigartigen Etiketten, die eine Vielzahl von Designs bieten, um all Ihren W\u00fcnschen nach individueller Gestaltung gerecht zu werden.<\/p>\n<p><strong>Bio-Wildblumensamen<\/strong> Vegetalia\"-Etiketten sind etwas ganz Besonderes: Sie bestehen aus Papier, das mit Wildblumensamen aus biologischem Anbau ges\u00e4t wurde. Nach der Verwendung m\u00fcssen Sie das Etikett nur in die Erde stecken, es gie\u00dfen und schon bald werden Sie sehen, wie Wildblumen bl\u00fchen.<\/p>\n<p><strong>Vielseitig und umweltfreundlich<\/strong> Diese vielseitigen Etiketten eignen sich sowohl als Begleitmaterial f\u00fcr Geschenke als auch als Produktetiketten. Da sie aus Recyclingpapier hergestellt werden, verk\u00f6rpern sie eine Entscheidung, die die Umwelt und den Kreislauf der Natur respektiert.<\/p>\n<p><strong>Machen Sie eine Aussage<\/strong> : \"Vegetalia\" erm\u00f6glicht es Ihrer Pr\u00e4sentation oder Ihrem Produkt, sich von der Masse abzuheben und eine Geschichte \u00fcber die Natur und das Engagement f\u00fcr die Umwelt zu erz\u00e4hlen.<\/p>\n<p>Ob Sie ein besonderes Geschenk einwickeln, Ihre handgefertigten Produkte hervorheben oder einfach nur einen Hauch von Natur in Ihren Alltag bringen m\u00f6chten, die \"Vegetalia\"-Pflanzenetiketten sind die perfekte Erg\u00e4nzung. Machen Sie Ihren Lieben einzigartige und nachhaltige Geschenke oder differenzieren Sie Ihre Produkte, indem Sie ihnen einen umweltfreundlichen Look verleihen. Entdecken Sie noch heute die Sch\u00f6nheit von \"Vegetalia\" und setzen Sie mit jedem Etikett, das Sie verwenden, ein Statement.<\/p>\n<p><strong>Etiketten mit Saatgut - Kollektion \"Vegetalia\" - Sortiment von 7 Etiketten<\/strong><\/p>","protected":false},"excerpt":{"rendered":"<p><strong>Etiketten mit Saatgut - Kollektion \"Vegetalia\" - Sortiment von 7 Etiketten<\/strong><\/p>\n<p>Si vous recherchez une fa\u00e7on unique et respectueuse de la nature pour personnaliser vos cadeaux ou sublimer vos produits, les \u00e9tiquettes \u00e0 planter &#8220;Vegetalia&#8221; sont un choix \u00e0 consid\u00e9rer. Ces \u00e9tiquettes artistiques, orn\u00e9es de motifs en aquarelle de feuilles et de crosses v\u00e9g\u00e9tales gracieuses, sont \u00e0 la fois simples et \u00e9l\u00e9gantes, apportant une touche d&#8217;\u00e9l\u00e9gance naturelle \u00e0 tout ce qu&#8217;elles accompagnent. Elles contiennent des graines de fleurs sauvages mellif\u00e8res bio qui viennent enrichir la biodiversit\u00e9 sans cr\u00e9er de d\u00e9chet : le support id\u00e9al pour montrer votre engagement pour la plan\u00e8te !<\/p>\n<p><b>dimensionen : <\/b>8,5 x 4 cm<br \/>\n<b>Papier<\/b>\u00a0Parsemains : \u00d6ko-recycelt, handgefertigt, ca. 250g\/m\u00b2.<br \/>\n<strong>Abschl\u00fcsse<\/strong> : ein linkszentriertes Loch <em>(Schnur nicht im Lieferumfang enthalten)<\/em><br \/>\n<b>Samen<\/b> : Bio-Wildblumenmischung<em><br \/>\n<\/em><\/p>\n<p><strong>Etiketten mit Saatgut - Kollektion \"Vegetalia\" - Sortiment von 7 Etiketten<\/strong><\/p>","protected":false},"featured_media":37563,"comment_status":"open","ping_status":"closed","template":"","meta":[],"product_brand":[],"product_cat":[213],"product_tag":[],"class_list":{"0":"post-37562","1":"product","2":"type-product","3":"status-publish","4":"has-post-thumbnail","6":"product_cat-etiquettes-cadeaux-ensemencees","8":"first","9":"instock","10":"purchasable","11":"product-type-simple"},"_links":{"self":[{"href":"https:\/\/www.parsemains.com\/de\/wp-json\/wp\/v2\/product\/37562","targetHints":{"allow":["GET"]}}],"collection":[{"href":"https:\/\/www.parsemains.com\/de\/wp-json\/wp\/v2\/product"}],"about":[{"href":"https:\/\/www.parsemains.com\/de\/wp-json\/wp\/v2\/types\/product"}],"replies":[{"embeddable":true,"href":"https:\/\/www.parsemains.com\/de\/wp-json\/wp\/v2\/comments?post=37562"}],"wp:featuredmedia":[{"embeddable":true,"href":"https:\/\/www.parsemains.com\/de\/wp-json\/wp\/v2\/media\/37563"}],"wp:attachment":[{"href":"https:\/\/www.parsemains.com\/de\/wp-json\/wp\/v2\/media?parent=37562"}],"wp:term":[{"taxonomy":"product_brand","embeddable":true,"href":"https:\/\/www.parsemains.com\/de\/wp-json\/wp\/v2\/product_brand?post=37562"},{"taxonomy":"product_cat","embeddable":true,"href":"https:\/\/www.parsemains.com\/de\/wp-json\/wp\/v2\/product_cat?post=37562"},{"taxonomy":"product_tag","embeddable":true,"href":"https:\/\/www.parsemains.com\/de\/wp-json\/wp\/v2\/product_tag?post=37562"}],"curies":[{"name":"wp","href":"https:\/\/api.w.org\/{rel}","templated":true}]}}