{"id":35883,"date":"2023-10-19T21:07:44","date_gmt":"2023-10-19T19:07:44","guid":{"rendered":"https:\/\/www.parsemains.com\/?post_type=product&#038;p=35883"},"modified":"2025-05-07T12:41:01","modified_gmt":"2025-05-07T10:41:01","slug":"carte-de-visite-ensemencee","status":"publish","type":"product","link":"https:\/\/www.parsemains.com\/de\/produkt\/besucherkarte-seminar\/","title":{"rendered":"Ges\u00e4te Visitenkarte"},"content":{"rendered":"<p><strong>Ges\u00e4te Visitenkarte<\/strong><\/p>\n<p>Entdecken Sie unsere ges\u00e4ten Visitenkarten, eine <strong>\u00f6kologische Innovation<\/strong> die vereint <strong>Professionalit\u00e4t<\/strong> und <strong>Nachhaltigkeit<\/strong>. Diese Visitenkarten sind nicht nur <strong>innovative Kommunikationsmedien<\/strong>Die Umwelt ist ein wichtiger Teil Ihres Engagements f\u00fcr den Umweltschutz. Hier ist, was unsere <strong>ges\u00e4te Visitenkarten<\/strong> haben zu bieten :<\/p>\n<p><strong>Schl\u00fcsselmerkmale :<\/strong><\/p>\n<p>1. <strong>\u00d6kologisch :<\/strong>\u00a0hergestellt aus hochwertigem, ges\u00e4tem Recyclingpapier, sind unsere ges\u00e4ten Visitenkarten eine umweltfreundliche Option. Sobald Ihre Kunden oder Gesch\u00e4ftspartner Ihre Kontaktdaten gespeichert haben, k\u00f6nnen sie die Karte direkt in ihren Garten pflanzen und dort wundersch\u00f6ne Blumen wachsen sehen.<\/p>\n<p>2. <strong>Individuell anpassbar :<\/strong>\u00a0w\u00e4hlen Sie aus einer Vielzahl von Personalisierungsoptionen, um Visitenkarten zu erstellen, die Ihre Markenidentit\u00e4t perfekt widerspiegeln. Drucken Sie einseitig oder beidseitig, richten Sie die Karte im Hoch- oder Querformat aus, w\u00e4hlen Sie Farben und Schriftarten, die zu Ihrem Unternehmen passen.<\/p>\n<p>3. <strong>Bio-Wildblumensamen :<\/strong>\u00a0jede ges\u00e4te Visitenkarte ist mit Samen von Wildblumen eingelegt, die sorgf\u00e4ltig aufgrund ihrer Sch\u00f6nheit und ihrer F\u00e4higkeit, Best\u00e4uber anzuziehen, ausgew\u00e4hlt wurden. Einmal bepflanzt, verwandeln sich die Karten in einen kleinen, farbenfrohen Garten.<\/p>\n<p>4. <strong>Positive Auswirkungen<\/strong> Indem Sie unsere ges\u00e4ten Visitenkarten verteilen, zeigen Sie Ihr Engagement f\u00fcr Nachhaltigkeit und Umweltverantwortung. Au\u00dferdem ermutigen Sie Ihre Kontakte, sich an dieser Initiative zu beteiligen.<\/p>\n<p>Ob Sie eine <strong>umweltbewusstes Unternehmen<\/strong>Wenn Sie ein Freiberufler oder Unternehmer sind, sind unsere Visitenkarten mit Saatgut die perfekte Wahl f\u00fcr <strong>einen guten Eindruck machen<\/strong> und gleichzeitig einen Beitrag zur <strong>Erhaltung des Planeten<\/strong>.<\/p>\n<p>Entscheiden Sie sich f\u00fcr eine nachhaltige Zukunft und Originalit\u00e4t mit unseren ges\u00e4ten Visitenkarten.<\/p>\n<p><strong>Ges\u00e4te Visitenkarte<\/strong><\/p>","protected":false},"excerpt":{"rendered":"<p class=\"p1\"><b>Ges\u00e4te Visitenkarte<\/b><\/p>\n<p class=\"p1\">Heben Sie sich von der Menge ab, w\u00e4hrend Sie <strong>handeln f\u00fcr den Planeten<\/strong> mit unseren ges\u00e4ten Visitenkarten. Diese clever gestalteten Karten verbinden die Professionalit\u00e4t traditioneller Visitenkarten mit einem <strong>au\u00dfergew\u00f6hnliches \u00f6kologisches Engagement<\/strong>.<\/p>\n<p class=\"p1\">Suchen Sie nach einer innovativen M\u00f6glichkeit, f\u00fcr Ihr Unternehmen zu werben und gleichzeitig die Umwelt zu schonen? Unsere einzigartigen, Blatt f\u00fcr Blatt von Hand gefertigten, ges\u00e4ten Visitenkarten sind genau das Richtige f\u00fcr Sie.<\/p>\n<p class=\"p1\"><b>Abmessungen\u00a0<\/b>: 5,5 cm x 8,5 cm, Hoch- oder Querformat<br \/>\n<b>Papier<\/b>\u00a0Parsemains : \u00d6ko-recycelt, handgefertigt, ca. 250g\/m\u00b2.<br \/>\n<b>Samen<\/b> : Bio-Wildblumenmischung oder Bio-Kr\u00e4uter (zur Auswahl)<\/p>\n<p><b>Wie man es macht\u00a0<\/b>: Laden Sie Ihre Datei(en) im .pdf-Format (300 DPI) mit den richtigen Abmessungen (85 mm x 55 mm f\u00fcr europ\u00e4ische Visitenkarten) hoch, die den folgenden Anforderungen entsprechen <a href=\"https:\/\/www.parsemains.com\/wp-content\/uploads\/2024\/02\/Fiche-technique-Impression-sur-papier-ensemence_lo.pdf\">unser Datenblatt<\/a>Nachdem Sie Ihre Optionen ausgew\u00e4hlt haben, geben Sie Ihre Bestellung auf.<\/p>\n<p><strong><span style=\"text-decoration: underline;\"><em>Wichtig<\/em><\/span><\/strong> : <em>um die Keimrate der in Ihrem Papier enthaltenen Samen zu erhalten, achten Sie darauf, nicht mehr als 25% der Oberfl\u00e4che der zu bedruckenden Karte mit Tinte zu bedecken, und vermeiden Sie Vollfl\u00e4chen und Fotos. Reservieren Sie au\u00dferdem 0,5 cm leere innere R\u00e4nder (rotierendes Wei\u00df).<\/em>.<\/p>\n<p><b>Ges\u00e4te Visitenkarte<\/b><\/p>","protected":false},"featured_media":42316,"comment_status":"open","ping_status":"closed","template":"","meta":[],"product_brand":[],"product_cat":[423],"product_tag":[],"class_list":{"0":"post-35883","1":"product","2":"type-product","3":"status-publish","4":"has-post-thumbnail","6":"product_cat-carte-de-visite","8":"first","9":"instock","10":"purchasable","11":"product-type-variable"},"_links":{"self":[{"href":"https:\/\/www.parsemains.com\/de\/wp-json\/wp\/v2\/product\/35883","targetHints":{"allow":["GET"]}}],"collection":[{"href":"https:\/\/www.parsemains.com\/de\/wp-json\/wp\/v2\/product"}],"about":[{"href":"https:\/\/www.parsemains.com\/de\/wp-json\/wp\/v2\/types\/product"}],"replies":[{"embeddable":true,"href":"https:\/\/www.parsemains.com\/de\/wp-json\/wp\/v2\/comments?post=35883"}],"wp:featuredmedia":[{"embeddable":true,"href":"https:\/\/www.parsemains.com\/de\/wp-json\/wp\/v2\/media\/42316"}],"wp:attachment":[{"href":"https:\/\/www.parsemains.com\/de\/wp-json\/wp\/v2\/media?parent=35883"}],"wp:term":[{"taxonomy":"product_brand","embeddable":true,"href":"https:\/\/www.parsemains.com\/de\/wp-json\/wp\/v2\/product_brand?post=35883"},{"taxonomy":"product_cat","embeddable":true,"href":"https:\/\/www.parsemains.com\/de\/wp-json\/wp\/v2\/product_cat?post=35883"},{"taxonomy":"product_tag","embeddable":true,"href":"https:\/\/www.parsemains.com\/de\/wp-json\/wp\/v2\/product_tag?post=35883"}],"curies":[{"name":"wp","href":"https:\/\/api.w.org\/{rel}","templated":true}]}}