{"id":35657,"date":"2023-10-01T07:56:30","date_gmt":"2023-10-01T05:56:30","guid":{"rendered":"https:\/\/www.parsemains.com\/?post_type=product&#038;p=35657"},"modified":"2023-11-17T19:21:47","modified_gmt":"2023-11-17T18:21:47","slug":"faire-part-de-naissance-a-planter-malou","status":"publish","type":"product","link":"https:\/\/www.parsemains.com\/de\/produkt\/faire-part-de-naissance-semence-malou\/","title":{"rendered":"Geburtsanzeige zum Einpflanzen - Malou"},"content":{"rendered":"<p><strong>Geburtsanzeige zum Einpflanzen - Malou<\/strong><\/p>\n<p>\ud83c\udf31<strong> Eigenschaften der Geburtsanzeige zum Einpflanzen<\/strong> \ud83c\udf31<\/p>\n<p>\ud83c\udf3c <strong>Geimpftes Papier<\/strong> : Unsere Einladungskarte ist aus hochwertigem Saatpapier gefertigt, einem 100 % biologisch abbaubaren und umweltfreundlichen Material. Nachdem Sie Ihre Freude mit Ihren Lieben geteilt haben, k\u00f6nnen sie diese Einladungskarte pflanzen und die Entstehung wundersch\u00f6ner Wildblumen beobachten.<\/p>\n<p>\ud83d\udc76 <strong>Individuell anpassbar<\/strong> Jede Einladungskarte ist einzigartig, genau wie Ihr Baby. Gestalten Sie sie mit dem Vornamen Ihres Kindes, dem Geburtsdatum und einer besonderen Nachricht, die Ihre Gef\u00fchle und Ihre Liebe ausdr\u00fcckt.<\/p>\n<p>\ud83c\udf3f <strong>\u00d6kologisch<\/strong> : Tragen Sie zum Erhalt unseres Planeten bei, indem Sie sich f\u00fcr eine umweltfreundliche Einladungskarte entscheiden. Anstatt im M\u00fcll zu landen, verwandelt sich unsere Einladungskarte in eine sch\u00f6ne Blume, die alle an den Beginn dieses wunderbaren Abenteuers erinnern wird.<\/p>\n<p>\ud83d\udc8c <strong>Ein Andenken zum Einpflanzen<\/strong> : Ihre Freunde und Ihre Familie werden sich \u00fcber diese einzigartige Einladungskarte freuen. Indem sie es pflanzen, tragen sie zum Wachstum der Natur bei und bewahren gleichzeitig eine wertvolle Erinnerung an die Geburt Ihres Babys.<\/p>\n<p>\ud83c\udf89 <strong>Feiern Sie das Leben und die Natur<\/strong> \ud83c\udf0d<\/p>\n<p>Wenn Sie sich f\u00fcr unsere Geburtsanzeige zum Einpflanzen entscheiden, feiern Sie das Leben Ihres Kleinkindes und ehren gleichzeitig unseren Planeten. Es ist eine Geste, die Hoffnung, Wachstum und die Sch\u00f6nheit der Natur verk\u00f6rpert. Schenken Sie Ihren Lieben ein besonderes und dauerhaftes Andenken, das sie ihr ganzes Leben lang sch\u00e4tzen werden.<\/p>\n<p>M\u00f6ge Ihr Neugeborenes die gleiche Freude und das gleiche Wachstum mit sich bringen wie die Blumen, die aus dieser Einladungskarte zum Einpflanzen wachsen werden.<\/p>\n<p><strong>Bestellen Sie Ihres noch heute und teilen Sie die Magie der Geburt und tragen Sie gleichzeitig zu einer gr\u00fcneren Zukunft f\u00fcr alle bei.<\/strong> \ud83c\udf38\ud83d\udc76\ud83c\udf0d<\/p>\n<p><strong>Geburtsanzeige zum Einpflanzen - Malou<\/strong><\/p>","protected":false},"excerpt":{"rendered":"<p><strong>Geburtsanzeige zum Einpflanzen - Malou<\/strong><\/p>\n<p>Willkommen in der Welt der Sanftheit und des Wachstums, in der jede Geburt ein Versprechen f\u00fcr die Zukunft ist. Unsere Geburtsanzeige zum Einpflanzen ist weit mehr als nur eine Einladung, die Ankunft eines Neugeborenen zu feiern. Sie ist eine symboltr\u00e4chtige, \u00f6kologische Geste und eine einzigartige M\u00f6glichkeit, diesen wichtigen Lebensabschnitt zu markieren und gleichzeitig zum Erhalt unseres sch\u00f6nen Planeten beizutragen.<\/p>\n<p><strong>Geburtsanzeige zum Einpflanzen - Malou<\/strong><\/p>","protected":false},"featured_media":35760,"comment_status":"open","ping_status":"closed","template":"","meta":[],"product_brand":[],"product_cat":[198],"product_tag":[],"class_list":{"0":"post-35657","1":"product","2":"type-product","3":"status-publish","4":"has-post-thumbnail","6":"product_cat-faire-part-naissance-ensemence","8":"first","9":"instock","10":"shipping-taxable","11":"purchasable","12":"product-type-variable"},"_links":{"self":[{"href":"https:\/\/www.parsemains.com\/de\/wp-json\/wp\/v2\/product\/35657","targetHints":{"allow":["GET"]}}],"collection":[{"href":"https:\/\/www.parsemains.com\/de\/wp-json\/wp\/v2\/product"}],"about":[{"href":"https:\/\/www.parsemains.com\/de\/wp-json\/wp\/v2\/types\/product"}],"replies":[{"embeddable":true,"href":"https:\/\/www.parsemains.com\/de\/wp-json\/wp\/v2\/comments?post=35657"}],"wp:featuredmedia":[{"embeddable":true,"href":"https:\/\/www.parsemains.com\/de\/wp-json\/wp\/v2\/media\/35760"}],"wp:attachment":[{"href":"https:\/\/www.parsemains.com\/de\/wp-json\/wp\/v2\/media?parent=35657"}],"wp:term":[{"taxonomy":"product_brand","embeddable":true,"href":"https:\/\/www.parsemains.com\/de\/wp-json\/wp\/v2\/product_brand?post=35657"},{"taxonomy":"product_cat","embeddable":true,"href":"https:\/\/www.parsemains.com\/de\/wp-json\/wp\/v2\/product_cat?post=35657"},{"taxonomy":"product_tag","embeddable":true,"href":"https:\/\/www.parsemains.com\/de\/wp-json\/wp\/v2\/product_tag?post=35657"}],"curies":[{"name":"wp","href":"https:\/\/api.w.org\/{rel}","templated":true}]}}