{"id":35032,"date":"2023-09-30T17:49:30","date_gmt":"2023-09-30T15:49:30","guid":{"rendered":"https:\/\/www.parsemains.com\/?post_type=product&#038;p=35032"},"modified":"2023-11-17T19:44:23","modified_gmt":"2023-11-17T18:44:23","slug":"invitation-anniversaire-a-planter","status":"publish","type":"product","link":"https:\/\/www.parsemains.com\/de\/produkt\/einladung-geburtstag-kind-sinosaurier\/","title":{"rendered":"Geburtstagseinladung zum Einpflanzen Kind - Dinosaurier"},"content":{"rendered":"<p><strong>Geburtstagseinladung zum Einpflanzen Kind - Dinosaurier<\/strong><\/p>\n<p>&nbsp;<\/p>\n<p>\ud83e\udd95 <strong>Eine pr\u00e4historische Reise<\/strong>\u00a0\ud83e\udd96<\/p>\n<p>&nbsp;<\/p>\n<p>Tauchen Sie mit dieser einzigartigen Einladung in die faszinierende Welt der Dinosaurier ein. Vor einem Hintergrund aus ges\u00e4tem Papier werden Ihr Kind und seine Freunde eine pr\u00e4historische Welt entdecken, die von einem majest\u00e4tischen Dinosaurier illustriert wird. Ein erstes Eintauchen in die Aufregung der bevorstehenden Party!<\/p>\n<p>&nbsp;<\/p>\n<p>\ud83c\udf31 <strong>\u00d6kologisch und nachhaltig<\/strong> \ud83c\udf3f<\/p>\n<p>&nbsp;<\/p>\n<p>Es ist nicht einfach eine Einladung aus Papier. Es ist eine Einladung, die sich in eine bleibende Erinnerung verwandelt. Nach der Party stecken Sie die Einladung einfach in die Erde, gie\u00dfen sie regelm\u00e4\u00dfig und schon bald werden Wildblumen wachsen, die eine wundersch\u00f6ne Erinnerung an den Geburtstag hinterlassen.<\/p>\n<p>&nbsp;<\/p>\n<p>\ud83c\udf89 <strong>Individuell anpassbar und einfach zu verwenden<\/strong> \ud83d\udd8b\ufe0f<\/p>\n<p>&nbsp;<\/p>\n<p>F\u00fcgen Sie eine pers\u00f6nliche Note hinzu, indem Sie die Details der Party auf der Einladung ausf\u00fcllen. Sie k\u00f6nnen den Vornamen Ihres Kindes, das Datum, die Uhrzeit und die Adresse der Party individuell gestalten. Eine Anleitung zum Einpflanzen des Papiers ist ebenfalls enthalten, sodass der Vorgang einfach und unterhaltsam ist.<\/p>\n<p>&nbsp;<\/p>\n<p>\ud83d\udc8c <strong>Die perfekte Einladung f\u00fcr einen unvergesslichen Geburtstag<\/strong> \ud83c\udf88<\/p>\n<p>&nbsp;<\/p>\n<p>Schenken Sie Ihrem Kind eine au\u00dfergew\u00f6hnliche Geburtstagsparty mit einer Einladung, die seine Freunde zum Staunen bringen und einen positiven \u00f6kologischen Fu\u00dfabdruck hinterlassen wird. Mit unserer Geburtstagseinladung Dinosaurier aus ges\u00e4tem Papier schaffen Sie unvergessliche Erinnerungen und tragen gleichzeitig zum Erhalt unseres Planeten bei.<\/p>\n<p>&nbsp;<\/p>\n<p><strong>Bestellen Sie noch heute und bereiten Sie sich darauf vor, den Geburtstag Ihres Kindes auf umweltfreundliche und zauberhafte Weise zu feiern!<\/strong> \ud83c\udf0d\ud83c\udf1f<\/p>\n<p><strong>Geburtstagseinladung zum Einpflanzen Kind - Dinosaurier<\/strong><\/p>","protected":false},"excerpt":{"rendered":"<p><strong>Einladung zum Kindergeburtstag - Dinosaurier<\/strong><\/p>\n<p>Liebe kreative Eltern, die auf der Suche nach der perfekten \u00f6kologischen Note f\u00fcr den Geburtstag Ihres kleinen Abenteurers sind, hier ist die perfekte Einladung: unsere Geburtstagseinladung<\/p>\n<p>Dinosaurier aus Papier ges\u00e4t!<\/p>\n<p>Unsere Einladung wird liebevoll aus ges\u00e4tem Papier hergestellt, was bedeutet, dass sie nach Gebrauch bepflanzt werden kann, um sch\u00f6ne Wildblumen wachsen zu lassen.<\/p>\n<p>Eine fantastische M\u00f6glichkeit, Ihrer Einladung ein zweites Leben zu geben und gleichzeitig zum Erhalt unseres Planeten beizutragen.<\/p>\n<p><strong>Geburtstagseinladung zum Einpflanzen Kind - Dinosaurier<\/strong><\/p>","protected":false},"featured_media":35135,"comment_status":"open","ping_status":"closed","template":"","meta":[],"product_brand":[],"product_cat":[211,196],"product_tag":[],"class_list":{"0":"post-35032","1":"product","2":"type-product","3":"status-publish","4":"has-post-thumbnail","6":"product_cat-cartes-danniversaire-ensemencees","7":"product_cat-invitation-ensemencee","9":"first","10":"instock","11":"shipping-taxable","12":"purchasable","13":"product-type-variable"},"_links":{"self":[{"href":"https:\/\/www.parsemains.com\/de\/wp-json\/wp\/v2\/product\/35032","targetHints":{"allow":["GET"]}}],"collection":[{"href":"https:\/\/www.parsemains.com\/de\/wp-json\/wp\/v2\/product"}],"about":[{"href":"https:\/\/www.parsemains.com\/de\/wp-json\/wp\/v2\/types\/product"}],"replies":[{"embeddable":true,"href":"https:\/\/www.parsemains.com\/de\/wp-json\/wp\/v2\/comments?post=35032"}],"wp:featuredmedia":[{"embeddable":true,"href":"https:\/\/www.parsemains.com\/de\/wp-json\/wp\/v2\/media\/35135"}],"wp:attachment":[{"href":"https:\/\/www.parsemains.com\/de\/wp-json\/wp\/v2\/media?parent=35032"}],"wp:term":[{"taxonomy":"product_brand","embeddable":true,"href":"https:\/\/www.parsemains.com\/de\/wp-json\/wp\/v2\/product_brand?post=35032"},{"taxonomy":"product_cat","embeddable":true,"href":"https:\/\/www.parsemains.com\/de\/wp-json\/wp\/v2\/product_cat?post=35032"},{"taxonomy":"product_tag","embeddable":true,"href":"https:\/\/www.parsemains.com\/de\/wp-json\/wp\/v2\/product_tag?post=35032"}],"curies":[{"name":"wp","href":"https:\/\/api.w.org\/{rel}","templated":true}]}}