{"id":34568,"date":"2023-09-30T17:08:07","date_gmt":"2023-09-30T15:08:07","guid":{"rendered":"https:\/\/www.parsemains.com\/?post_type=product&#038;p=34568"},"modified":"2023-11-17T19:51:06","modified_gmt":"2023-11-17T18:51:06","slug":"invitation-anniversaire-ensemencee-2","status":"publish","type":"product","link":"https:\/\/www.parsemains.com\/de\/produkt\/einladung-geburtstags-saen-krone-herbst\/","title":{"rendered":"Ges\u00e4te Geburtstagseinladung - Herbstkranz"},"content":{"rendered":"<p><strong>Ges\u00e4te Geburtstagseinladung - Herbstkranz<\/strong><\/p>\n<p><strong>Au\u00dfergew\u00f6hnliche Eigenschaften :<\/strong><\/p>\n<p><strong>\ud83c\udf41 Eleganter Herbstkranz<\/strong> Die Einladung zeigt einen wundersch\u00f6nen Herbstkranz als Illustration, der die warmen Farben der Jahreszeit und die festliche Stimmung des Anlasses hervorruft. Diese k\u00fcnstlerische Note verleiht Ihrer Party einen Hauch von Charme, bevor sie \u00fcberhaupt begonnen hat.<\/p>\n<p><strong>\ud83c\udf31 \u00d6kologisch ges\u00e4tes Papier<\/strong> : Unser ges\u00e4tes Papier wird aus hochwertigem Recyclingmaterial hergestellt. Nachdem Ihre G\u00e4ste Ihre Geburtstagsfeier genossen haben, k\u00f6nnen sie diese Einladung in die Erde pflanzen und wundersch\u00f6ne Wildblumen bl\u00fchen sehen. Eine Einladung, die sich in eine bleibende Erinnerung an Ihre Liebe zur Natur verwandelt.<\/p>\n<p><strong>\ud83c\udf89 Einfache Anpassung<\/strong> : F\u00fcgen Sie Ihren Namen, das Datum, die Uhrzeit und den Ort der Party hinzu, um diese Einladung so einzigartig wie Ihre Feier zu machen. Sie k\u00f6nnen auch besondere Informationen oder Details zum Thema Ihrer Feier einf\u00fcgen.<\/p>\n<p><strong>\ud83c\udf1f Positive Auswirkungen auf die Umwelt<\/strong> : Wenn Sie sich f\u00fcr unsere Einladungen aus ges\u00e4tem Papier entscheiden, tun Sie etwas Konkretes f\u00fcr die Umwelt, indem Sie Ihren CO2-Fu\u00dfabdruck verringern.<\/p>\n<p><strong>Technische Details<\/strong> :<\/p>\n<p>- Ma\u00dfe der Einladung: 10 x 14,1 cm<br \/>\n- Ges\u00e4tes Papier: Hergestellt aus hochwertigem Recyclingmaterial<br \/>\n- Hochwertiger Druck: Lebendige Farben und makelloses Design<\/p>\n<p>Warten Sie nicht l\u00e4nger, um Ihre Geburtstagsfeier zu einem unvergesslichen Ereignis zu machen. Entscheiden Sie sich f\u00fcr die Geburtstagseinladung Herbstkrone aus ges\u00e4tem Papier und teilen Sie Ihre Liebe zur Natur mit Ihren Lieben, w\u00e4hrend Sie diesen besonderen Anlass feiern.<\/p>\n<p><strong>Bestellen Sie jetzt und bereiten Sie sich auf ein unvergessliches und umweltfreundliches Fest vor!<\/strong><\/p>\n<p><strong>Ges\u00e4te Geburtstagseinladung - Herbstkranz<\/strong><\/p>","protected":false},"excerpt":{"rendered":"<p><strong>Ges\u00e4te Geburtstagseinladung - Herbstkranz<\/strong><\/p>\n<p><em>Feiern Sie stilvoll und schonen Sie gleichzeitig die Natur!<\/em><\/p>\n<p>Sie sind herzlich zu einer ganz besonderen Feier eingeladen, und diese Geburtstagseinladung aus Papier, die mit einem wundersch\u00f6nen Herbstkranz bes\u00e4t ist, ist der Beweis daf\u00fcr. Mit Liebe f\u00fcr Naturliebhaber und kreative Seelen entworfen, ist diese einzigartige Einladung die perfekte M\u00f6glichkeit, Ihre Freude \u00fcber diesen besonderen Anlass zu teilen und gleichzeitig einen Beitrag zum Erhalt unserer Umwelt zu leisten.<\/p>\n<p><strong>Ges\u00e4te Geburtstagseinladung - Herbstkranz<\/strong><\/p>","protected":false},"featured_media":34773,"comment_status":"open","ping_status":"closed","template":"","meta":[],"product_brand":[],"product_cat":[211,196],"product_tag":[],"class_list":{"0":"post-34568","1":"product","2":"type-product","3":"status-publish","4":"has-post-thumbnail","6":"product_cat-cartes-danniversaire-ensemencees","7":"product_cat-invitation-ensemencee","9":"first","10":"instock","11":"shipping-taxable","12":"purchasable","13":"product-type-variable"},"_links":{"self":[{"href":"https:\/\/www.parsemains.com\/de\/wp-json\/wp\/v2\/product\/34568","targetHints":{"allow":["GET"]}}],"collection":[{"href":"https:\/\/www.parsemains.com\/de\/wp-json\/wp\/v2\/product"}],"about":[{"href":"https:\/\/www.parsemains.com\/de\/wp-json\/wp\/v2\/types\/product"}],"replies":[{"embeddable":true,"href":"https:\/\/www.parsemains.com\/de\/wp-json\/wp\/v2\/comments?post=34568"}],"wp:featuredmedia":[{"embeddable":true,"href":"https:\/\/www.parsemains.com\/de\/wp-json\/wp\/v2\/media\/34773"}],"wp:attachment":[{"href":"https:\/\/www.parsemains.com\/de\/wp-json\/wp\/v2\/media?parent=34568"}],"wp:term":[{"taxonomy":"product_brand","embeddable":true,"href":"https:\/\/www.parsemains.com\/de\/wp-json\/wp\/v2\/product_brand?post=34568"},{"taxonomy":"product_cat","embeddable":true,"href":"https:\/\/www.parsemains.com\/de\/wp-json\/wp\/v2\/product_cat?post=34568"},{"taxonomy":"product_tag","embeddable":true,"href":"https:\/\/www.parsemains.com\/de\/wp-json\/wp\/v2\/product_tag?post=34568"}],"curies":[{"name":"wp","href":"https:\/\/api.w.org\/{rel}","templated":true}]}}