{"id":34259,"date":"2023-09-30T16:50:59","date_gmt":"2023-09-30T14:50:59","guid":{"rendered":"https:\/\/www.parsemains.com\/?post_type=product&#038;p=34259"},"modified":"2023-11-17T19:56:33","modified_gmt":"2023-11-17T18:56:33","slug":"invitation-anniversaire-ensemencee-3","status":"publish","type":"product","link":"https:\/\/www.parsemains.com\/de\/produkt\/einladung-geburtstag-seminar-hochzeitsjubilaum\/","title":{"rendered":"Ges\u00e4te Geburtstagseinladung - Hochzeitstag"},"content":{"rendered":"<p><strong>Ges\u00e4te Geburtstagseinladung - Hochzeitstag<\/strong><\/p>\n<p><strong>Hauptmerkmale<\/strong> :<\/p>\n<p><strong>\u00d6kologisch und nachhaltig<\/strong> : Unser ges\u00e4tes Papier ist so konzipiert, dass es nach der Veranstaltung eingepflanzt werden kann. Sobald es in die Erde gelegt wird, verwandelt es sich in wundersch\u00f6ne Wildblumen und schafft so eine lebendige Erinnerung an Ihre Liebe.<\/p>\n<p><strong>Anpassbares Design<\/strong> : Gestalten Sie Ihre Einladungen so, dass sie Ihre einzigartige Liebesgeschichte widerspiegeln. W\u00e4hlen Sie aus einer Reihe von Farben, Schriftarten und Illustrationen, um eine Einladung zu gestalten, die genau Ihren Vorstellungen entspricht.<\/p>\n<p><strong>H\u00f6chste Qualit\u00e4t<\/strong> Unsere Einladungen werden aus hochwertigem Papier hergestellt und f\u00fchlen sich elegant an und sind optisch ansprechend. Sie spiegeln die Bedeutung dieses besonderen Ereignisses wider.<\/p>\n<p><strong>Einfach zu pflanzen<\/strong> : Die enthaltenen einfachen Anleitungen machen den Pflanzvorgang zu einem Kinderspiel. Sehen Sie zu, wie sich die Samen in Blumen verwandeln und zu bl\u00fchenden Erinnerungen an Ihren Hochzeitstag werden.<\/p>\n<p><strong>Eine verantwortungsvolle Wahl<\/strong> : Wenn Sie sich f\u00fcr unsere Einladungen aus ges\u00e4tem Papier entscheiden, tragen Sie dazu bei, den CO2-Fu\u00dfabdruck Ihrer Veranstaltung zu reduzieren, und bieten Ihren G\u00e4sten ein unvergessliches und nachhaltiges Erlebnis.<\/p>\n<p><strong>Warum Sie sich f\u00fcr unsere Einladungen aus ges\u00e4tem Papier entscheiden sollten<\/strong> ?<\/p>\n<p>Ob Sie Ihren ersten oder Ihren f\u00fcnfzigsten Hochzeitstag feiern, unsere Einladungen aus ges\u00e4tem Papier verleihen Ihrem besonderen Tag eine einzigartige Dimension. Jede Einladung ist ein Versprechen der Erneuerung und symbolisiert das st\u00e4ndige Wachstum Ihrer Liebe und Verbundenheit.<\/p>\n<p><strong>Bestellen Sie jetzt, um bleibende Erinnerungen zu schaffen, Ihre Liebe zu teilen und gleichzeitig die Natur zu sch\u00fctzen.<\/strong><\/p>\n<p>Unsere Einladungen zum Hochzeitstag aus ges\u00e4tem Papier sind mehr als nur eine Einladung; sie sind der Beginn eines neuen floralen Abenteuers f\u00fcr Sie und Ihre Lieben.<\/p>\n<p><strong>Ges\u00e4te Geburtstagseinladung - Hochzeitstag<\/strong><\/p>","protected":false},"excerpt":{"rendered":"<p><strong>Ges\u00e4te Geburtstagseinladung - Hochzeitstag<\/strong><\/p>\n<p>Feiern Sie die Liebe und Verbundenheit, die \u00fcber die Jahre hinweg Bestand hatte, mit unseren Einladungen zum Hochzeitstag aus ges\u00e4tem Papier - eine au\u00dfergew\u00f6hnliche Art, an einen so bedeutenden Schritt auf Ihrer gemeinsamen Reise zu erinnern. Sorgf\u00e4ltig und umweltbewusst hergestellt, verleihen diese Einladungen Ihrer Feier einen Hauch von Eleganz und tragen gleichzeitig dazu bei, unseren sch\u00f6nen Planeten zu erhalten.<\/p>\n<p><strong>Ges\u00e4te Geburtstagseinladung - Hochzeitstag<\/strong><\/p>","protected":false},"featured_media":34362,"comment_status":"open","ping_status":"closed","template":"","meta":[],"product_brand":[],"product_cat":[211,196],"product_tag":[],"class_list":{"0":"post-34259","1":"product","2":"type-product","3":"status-publish","4":"has-post-thumbnail","6":"product_cat-cartes-danniversaire-ensemencees","7":"product_cat-invitation-ensemencee","9":"first","10":"instock","11":"shipping-taxable","12":"purchasable","13":"product-type-variable"},"_links":{"self":[{"href":"https:\/\/www.parsemains.com\/de\/wp-json\/wp\/v2\/product\/34259","targetHints":{"allow":["GET"]}}],"collection":[{"href":"https:\/\/www.parsemains.com\/de\/wp-json\/wp\/v2\/product"}],"about":[{"href":"https:\/\/www.parsemains.com\/de\/wp-json\/wp\/v2\/types\/product"}],"replies":[{"embeddable":true,"href":"https:\/\/www.parsemains.com\/de\/wp-json\/wp\/v2\/comments?post=34259"}],"wp:featuredmedia":[{"embeddable":true,"href":"https:\/\/www.parsemains.com\/de\/wp-json\/wp\/v2\/media\/34362"}],"wp:attachment":[{"href":"https:\/\/www.parsemains.com\/de\/wp-json\/wp\/v2\/media?parent=34259"}],"wp:term":[{"taxonomy":"product_brand","embeddable":true,"href":"https:\/\/www.parsemains.com\/de\/wp-json\/wp\/v2\/product_brand?post=34259"},{"taxonomy":"product_cat","embeddable":true,"href":"https:\/\/www.parsemains.com\/de\/wp-json\/wp\/v2\/product_cat?post=34259"},{"taxonomy":"product_tag","embeddable":true,"href":"https:\/\/www.parsemains.com\/de\/wp-json\/wp\/v2\/product_tag?post=34259"}],"curies":[{"name":"wp","href":"https:\/\/api.w.org\/{rel}","templated":true}]}}