{"id":33431,"date":"2023-09-24T07:10:46","date_gmt":"2023-09-24T05:10:46","guid":{"rendered":"https:\/\/www.parsemains.com\/?post_type=product&#038;p=33431"},"modified":"2024-02-24T16:21:22","modified_gmt":"2024-02-24T15:21:22","slug":"save-the-date-ensemence-touche-moderne","status":"publish","type":"product","link":"https:\/\/www.parsemains.com\/de\/produkt\/save-the-date-ensemence-touch-modern\/","title":{"rendered":"Save-the-date ges\u00e4t - Moderner Touch"},"content":{"rendered":"<p><strong>Save-the-date ges\u00e4t - Moderner Touch<\/strong><\/p>\n<p><strong>\u00d6kologisch und verantwortungsvoll<\/strong> Unser Save-the-Date \"Touche Moderne\" wird aus hochwertigem, in Frankreich handgesch\u00f6pftem Saatpapier hergestellt.<\/p>\n<p>Nachdem Sie Ihre Hochzeit angek\u00fcndigt haben, k\u00f6nnen Ihre G\u00e4ste dieses Save-the-date einpflanzen, und es wird sich in wundersch\u00f6ne Wildblumen verwandeln. Dies ist eine Geste der Liebe zur Natur.<\/p>\n<p><strong>Schlankes, modernes Design<\/strong>\u00a0: Die zeitgen\u00f6ssische \u00c4sthetik dieses Save-the-Date ist perfekt f\u00fcr Paare, die einen eleganten und minimalistischen Stil suchen.<\/p>\n<p>Das zeitlose Design passt zu jedem Hochzeitsthema.<\/p>\n<p><strong>Individuell anpassbar<\/strong>\u00a0: Gestalten Sie dieses Save-the-Date mit den Einzelheiten Ihrer Hochzeit, einschlie\u00dflich Datum, Uhrzeit und Ort.<\/p>\n<p>F\u00fcgen Sie Ihre pers\u00f6nliche Note hinzu, indem Sie aus einer Reihe von Farben und Schriftarten w\u00e4hlen.<\/p>\n<p><strong>Praktisches Format<\/strong>\u00a0: Dieser quadratische Save-the-Date misst 9,5 x 9,5 cm, ein ideales Format f\u00fcr Ihre Hochzeitsank\u00fcndigungen, und er passt perfekt in einen Blumentopf.<\/p>\n<p><strong>Unvergesslich und nachhaltig<\/strong>\u00a0: Ihre G\u00e4ste werden sich nicht nur an Ihre Hochzeit erinnern, sondern auch an Ihr Engagement f\u00fcr Nachhaltigkeit.<\/p>\n<p>Jedes Save-the-date wird zu einem wundersch\u00f6nen Blumenmemory, das noch lange nach Ihrer Hochzeit bl\u00fchen und staunen wird.<\/p>\n<p>Das Save-the-Date \"Moderner Touch\" aus ges\u00e4tem Papier ist neben einer sch\u00f6nen Ank\u00fcndigung Ihrer Hochzeit auch ein Symbol f\u00fcr Liebe, Respekt f\u00fcr die Natur und zeitlosen Stil.<\/p>\n<p>Machen Sie mit diesem einzigartigen Save-the-Date eine bedeutsame Aussage \u00fcber Ihre Hochzeit und hinterlassen Sie einen positiven Fu\u00dfabdruck auf unserem Planeten.<\/p>\n<p>Sch\u00fctzen Sie den Planeten, w\u00e4hrend Sie Ihre Liebe mit unserem Save-the-Date \"Moderner Touch\" aus ges\u00e4tem Papier feiern.<\/p>\n<p><strong>Bestellen Sie jetzt und beginnen Sie Ihre Reise zu einer au\u00dfergew\u00f6hnlich eleganten und langlebigen Hochzeit.<\/strong><\/p>\n<p><strong>Save-the-date ges\u00e4t - Moderner Touch<\/strong><\/p>","protected":false},"excerpt":{"rendered":"<p><strong>Save-the-date ges\u00e4t - Moderner Touch<\/strong><\/p>\n<p>Feiern Sie die Liebe und bewahren Sie gleichzeitig die Sch\u00f6nheit der Natur mit unserem Save-the-Date \"Moderner Touch\" aus ges\u00e4tem Papier. Dieses elegante Save-the-Date verk\u00f6rpert zeitgen\u00f6ssische Eleganz und tr\u00e4gt gleichzeitig zum Erhalt unseres Planeten bei.<\/p>\n<p><b>Abmessungen\u00a0<\/b>: 9,5 cm x 9,5 cm<br \/>\n<b>Papier<\/b>\u00a0Parsemains : \u00d6ko-recycelt, handgefertigt, ca. 250g\/m\u00b2.<br \/>\n<b>Samen<\/b> : Bio-Wildblumenmischung oder Bio-Kr\u00e4uter (zur Auswahl)<\/p>\n<p><strong>Save-the-date ges\u00e4t - Moderner Touch<\/strong><\/p>\n<p><img decoding=\"async\" class=\"alignnone size-medium wp-image-13406\" src=\"https:\/\/www.parsemains.com\/wp-content\/uploads\/2023\/04\/footer-payment-method-7-300x27.png\" alt=\"footer-payment-method.png\" width=\"300\" height=\"27\" srcset=\"https:\/\/www.parsemains.com\/wp-content\/uploads\/2023\/04\/footer-payment-method-7-300x27.png 300w, https:\/\/www.parsemains.com\/wp-content\/uploads\/2023\/04\/footer-payment-method-7.png 358w\" sizes=\"(max-width: 300px) 100vw, 300px\" \/><\/p>","protected":false},"featured_media":41585,"comment_status":"open","ping_status":"closed","template":"","meta":[],"product_brand":[],"product_cat":[195,183],"product_tag":[],"class_list":{"0":"post-33431","1":"product","2":"type-product","3":"status-publish","4":"has-post-thumbnail","6":"product_cat-save-the-date-ensemence","7":"product_cat-touche-moderne","9":"first","10":"instock","11":"shipping-taxable","12":"purchasable","13":"product-type-variable"},"_links":{"self":[{"href":"https:\/\/www.parsemains.com\/de\/wp-json\/wp\/v2\/product\/33431","targetHints":{"allow":["GET"]}}],"collection":[{"href":"https:\/\/www.parsemains.com\/de\/wp-json\/wp\/v2\/product"}],"about":[{"href":"https:\/\/www.parsemains.com\/de\/wp-json\/wp\/v2\/types\/product"}],"replies":[{"embeddable":true,"href":"https:\/\/www.parsemains.com\/de\/wp-json\/wp\/v2\/comments?post=33431"}],"wp:featuredmedia":[{"embeddable":true,"href":"https:\/\/www.parsemains.com\/de\/wp-json\/wp\/v2\/media\/41585"}],"wp:attachment":[{"href":"https:\/\/www.parsemains.com\/de\/wp-json\/wp\/v2\/media?parent=33431"}],"wp:term":[{"taxonomy":"product_brand","embeddable":true,"href":"https:\/\/www.parsemains.com\/de\/wp-json\/wp\/v2\/product_brand?post=33431"},{"taxonomy":"product_cat","embeddable":true,"href":"https:\/\/www.parsemains.com\/de\/wp-json\/wp\/v2\/product_cat?post=33431"},{"taxonomy":"product_tag","embeddable":true,"href":"https:\/\/www.parsemains.com\/de\/wp-json\/wp\/v2\/product_tag?post=33431"}],"curies":[{"name":"wp","href":"https:\/\/api.w.org\/{rel}","templated":true}]}}