{"id":33326,"date":"2023-09-24T06:59:28","date_gmt":"2023-09-24T04:59:28","guid":{"rendered":"https:\/\/www.parsemains.com\/?post_type=product&#038;p=33326"},"modified":"2024-02-24T17:08:50","modified_gmt":"2024-02-24T16:08:50","slug":"save-the-date-ensemence-tendresse","status":"publish","type":"product","link":"https:\/\/www.parsemains.com\/de\/produkt\/save-the-date-seed-blossom-of-tendress\/","title":{"rendered":"Save-the-date ges\u00e4t - Blumen der Z\u00e4rtlichkeit"},"content":{"rendered":"<p><strong>Save-the-date ges\u00e4t - Blumen der Z\u00e4rtlichkeit<\/strong><\/p>\n<p><strong>\u00d6kologisch verantwortlich<\/strong> : Diese Save-the-Date werden aus hochwertigem \u00f6ko-recyceltem Saatpapier hergestellt, einem umweltfreundlichen Material.<\/p>\n<p>Sobald Ihre G\u00e4ste diese einzigartigen Karten erhalten haben, k\u00f6nnen sie sie in ihrem Garten einpflanzen, damit echte Wildblumen erbl\u00fchen und Bienen und Schmetterlinge sich daran erfreuen. Dies ist eine symbolische Geste, die an die Liebe erinnert, die Sie teilen, und tr\u00e4gt au\u00dferdem zum Erhalt unseres Planeten bei.<\/p>\n<p><strong>Elegantes Design<\/strong> : Die \"Fleurs de Tendresse\" sind mit einem zarten, romantischen Blumendesign geschm\u00fcckt, das mit akribischer Liebe zum Detail kreiert wurde und sich perfekt f\u00fcr eine Hochzeit im \u00d6ko-Chic oder auf dem Land eignet.<\/p>\n<p>Die sanften Farben und Blumenmuster rufen eine z\u00e4rtliche und romantische Stimmung hervor, die sich perfekt f\u00fcr die Ank\u00fcndigung Ihres gro\u00dfen Tages eignet.<\/p>\n<p><strong>Individuell anpassbar<\/strong> : Jedes Save-the-Date kann mit Ihrem Namen, dem Datum Ihrer Hochzeit und einem Text Ihrer Wahl personalisiert werden, was jeder Karte eine pers\u00f6nliche Note verleiht.<\/p>\n<p>Auf Wunsch k\u00f6nnen Sie auch aus den Farben und Schriftarten w\u00e4hlen, die Sie f\u00fcr Ihren Text w\u00fcnschen, damit er zu Ihrem Hochzeitsthema passt.<\/p>\n<p><strong>Unvergesslich<\/strong> : Ihre G\u00e4ste werden ger\u00fchrt sein, wenn sie diese einzigartigen und denkw\u00fcrdigen Save-the-Date-Date erhalten.<\/p>\n<p>Sie werden von der Botschaft der Liebe und Hoffnung, die sie tragen, ebenso ber\u00fchrt sein wie von der M\u00f6glichkeit, Blumen zu Ehren Ihrer Verbindung wachsen zu lassen.<\/p>\n<p><strong>Praxis<\/strong> : Diese Save-the-Date-Vorlage enth\u00e4lt auf der R\u00fcckseite eine einfache Anleitung, wie Sie die Samen pflanzen und die Blumen bl\u00fchen sehen k\u00f6nnen. Es ist eine st\u00e4ndige Erinnerung an Ihre Hochzeit, die auch lange nach dem gro\u00dfen Tag noch Bestand haben wird.<\/p>\n<p>Die Save-the-Date \"Blumen der Z\u00e4rtlichkeit\" aus ges\u00e4tem Papier sind die perfekte Wahl f\u00fcr Paare, die den Beginn ihres ehelichen Abenteuers mit einem Hauch von Liebe f\u00fcr den Planeten markieren m\u00f6chten.<\/p>\n<p><strong>Lassen Sie die Liebe und die Natur sprie\u00dfen mit diesen au\u00dfergew\u00f6hnlichen Save-the-Date-Dokumenten, die einen bleibenden Eindruck in den Herzen Ihrer G\u00e4ste hinterlassen werden.<\/strong><\/p>\n<p><em>\"Pflanzt die Liebe ein. Beobachte, wie sie w\u00e4chst.\"<\/em><\/p>\n<p><strong>Save-the-date ges\u00e4t - Blumen der Z\u00e4rtlichkeit<\/strong><\/p>","protected":false},"excerpt":{"rendered":"<p><strong>Save-the-date ges\u00e4t - Blumen der Z\u00e4rtlichkeit<\/strong><\/p>\n<p>Lassen Sie Ihre Liebe mit unseren wundersch\u00f6nen Save-the-Date \"Blumen der Z\u00e4rtlichkeit\" aus ges\u00e4tem Papier erbl\u00fchen!<\/p>\n<p>Die Save-the-Date \"Blumen der Z\u00e4rtlichkeit\" aus ges\u00e4tem Papier sind eine ganz besondere Hochzeitsank\u00fcndigung.<\/p>\n<p>Sie werden in Frankreich Blatt f\u00fcr Blatt aus Samen von Bio-Wildblumen handgefertigt und sind die Verk\u00f6rperung Ihrer Liebe und Ihres Engagements, etwas Sch\u00f6nes wachsen zu lassen, so wie ein Samenkorn, das zu einer wundersch\u00f6nen Honigblume keimt.<\/p>\n<p><b>Abmessungen\u00a0<\/b>: 9,5 cm x 9,5 cm<br \/>\n<b>Papier<\/b>\u00a0Parsemains : \u00d6ko-recycelt, handgefertigt, ca. 250g\/m\u00b2.<br \/>\n<b>Samen<\/b> : Bio-Wildblumenmischung oder Bio-Kr\u00e4uter (zur Auswahl)<\/p>\n<p><strong>Save-the-date ges\u00e4t - Blumen der Z\u00e4rtlichkeit<\/strong><\/p>","protected":false},"featured_media":41574,"comment_status":"open","ping_status":"closed","template":"","meta":[],"product_brand":[],"product_cat":[451,195],"product_tag":[],"class_list":{"0":"post-33326","1":"product","2":"type-product","3":"status-publish","4":"has-post-thumbnail","6":"product_cat-fleurs-de-tendresse","7":"product_cat-save-the-date-ensemence","9":"first","10":"instock","11":"shipping-taxable","12":"purchasable","13":"product-type-variable"},"_links":{"self":[{"href":"https:\/\/www.parsemains.com\/de\/wp-json\/wp\/v2\/product\/33326","targetHints":{"allow":["GET"]}}],"collection":[{"href":"https:\/\/www.parsemains.com\/de\/wp-json\/wp\/v2\/product"}],"about":[{"href":"https:\/\/www.parsemains.com\/de\/wp-json\/wp\/v2\/types\/product"}],"replies":[{"embeddable":true,"href":"https:\/\/www.parsemains.com\/de\/wp-json\/wp\/v2\/comments?post=33326"}],"wp:featuredmedia":[{"embeddable":true,"href":"https:\/\/www.parsemains.com\/de\/wp-json\/wp\/v2\/media\/41574"}],"wp:attachment":[{"href":"https:\/\/www.parsemains.com\/de\/wp-json\/wp\/v2\/media?parent=33326"}],"wp:term":[{"taxonomy":"product_brand","embeddable":true,"href":"https:\/\/www.parsemains.com\/de\/wp-json\/wp\/v2\/product_brand?post=33326"},{"taxonomy":"product_cat","embeddable":true,"href":"https:\/\/www.parsemains.com\/de\/wp-json\/wp\/v2\/product_cat?post=33326"},{"taxonomy":"product_tag","embeddable":true,"href":"https:\/\/www.parsemains.com\/de\/wp-json\/wp\/v2\/product_tag?post=33326"}],"curies":[{"name":"wp","href":"https:\/\/api.w.org\/{rel}","templated":true}]}}