{"id":33015,"date":"2023-09-23T17:43:27","date_gmt":"2023-09-23T15:43:27","guid":{"rendered":"https:\/\/www.parsemains.com\/?post_type=product&#038;p=33015"},"modified":"2024-02-24T15:40:19","modified_gmt":"2024-02-24T14:40:19","slug":"save-the-date-ensemence-entrelacs","status":"publish","type":"product","link":"https:\/\/www.parsemains.com\/de\/produkt\/save-the-date-ensemence-entrelacs-damour\/","title":{"rendered":"Save-the-date ges\u00e4t - Verflechtungen der Liebe"},"content":{"rendered":"<p><strong>Save-the-date ges\u00e4t - Verflechtungen der Liebe<\/strong><\/p>\n<p><strong>\u00d6kologisch ges\u00e4tes Papier<\/strong> : Mit tiefem Respekt f\u00fcr die Umwelt hergestellt, wird jedes Save-the-date aus hochwertigem, handgesch\u00f6pftem, in Frankreich ges\u00e4tem Papier gestaltet.<\/p>\n<p>Sobald Ihre G\u00e4ste seine Liebesbotschaft genossen haben, k\u00f6nnen sie ihn in ihrem Garten pflanzen, wo er wundersch\u00f6ne Wildblumen wachsen l\u00e4sst. So wird Ihre Hochzeit einen bleibenden floralen Eindruck in der Welt hinterlassen.<\/p>\n<p><strong>Elegantes Design<\/strong> : Das \"Entrelacs d'Amour\" ist mit einem einfachen und zugleich anspruchsvollen Design verziert, bei dem die Buchstaben kunstvoll ineinander verschlungen sind und die Vereinigung zweier Seelen symbolisieren. Die feinen Details, die eleganten Kurven und das schlichte Rohpapier erinnern an die Reinheit und zeitlose Sch\u00f6nheit Ihrer Liebe.<\/p>\n<p><strong>Individuelle Gestaltung<\/strong> : Jedes Save-the-Date kann nach Ihren W\u00fcnschen mit Ihren Namen, dem Datum Ihrer Hochzeit und Ihrem eigenen Text personalisiert werden. Sie k\u00f6nnen auch die Schriftart und die Farbe des Textes w\u00e4hlen, was ihn zu einer vollkommen einzigartigen Erinnerung an Ihren gro\u00dfen Tag macht.<\/p>\n<p><strong>Praktisches Format<\/strong> : Die \"Entrelacs d'Amour\" sind in einem praktischen und leichten Format erh\u00e4ltlich, das sich ideal in einen C6-Standardumschlag stecken l\u00e4sst. Ihre G\u00e4ste werden begeistert sein, wenn sie diesen kleinen Schatz entdecken, der ihnen den Beginn Ihres Abenteuers zu zweit ank\u00fcndigt.<\/p>\n<p><strong>Botschaft der Liebe<\/strong> : Schreiben Sie auf die R\u00fcckseite des save-the-date eine pers\u00f6nliche Nachricht an Ihre G\u00e4ste, die sie die Liebe und Aufregung sp\u00fcren l\u00e4sst, die Sie ausstrahlen.<\/p>\n<p>Das Save-the-Date \"Flechtwerk der Liebe\" aus ges\u00e4tem Papier f\u00e4ngt die Essenz Ihrer Liebe ein, l\u00e4sst sie in der fruchtbaren Erde der Natur wachsen und hinterl\u00e4sst eine Spur der Sch\u00f6nheit in der Welt.<\/p>\n<p>Ein einzigartiger, umweltfreundlicher und emotionaler R\u00fcckruf f\u00fcr einen Moment, der unvergesslich sein wird.<\/p>\n<p>K\u00fcndigen Sie Ihre Hochzeit auf bedeutsame und dauerhafte Weise mit dem \"Flechtwerk der Liebe\" an. Lassen Sie Ihre Liebe wie eine sch\u00f6ne Wildblume erbl\u00fchen und lassen Sie Ihre G\u00e4ste Zeugen dieses au\u00dfergew\u00f6hnlichen Wachstums werden.<\/p>\n<p><strong>Bestellen Sie noch heute und beginnen Sie, die Samen der Liebe zu s\u00e4en, die bei Ihrer Hochzeit erbl\u00fchen werden.<\/strong><\/p>\n<p>&#8220;<em>Verflechtet eure Herzen, pflanzt eure Liebe und seht zu, wie sie w\u00e4chst<\/em>.&#8221;<\/p>\n<p><strong>Save-the-date ges\u00e4t - Verflechtungen der Liebe<\/strong><\/p>","protected":false},"excerpt":{"rendered":"<p><strong>Save-the-date ges\u00e4t - Verflechtungen der Liebe<\/strong><\/p>\n<p>An der Schwelle zu einem ganz neuen und aufregenden Kapitel in Ihrer Liebesgeschichte ist das Save-the-Date \"Entrelacs d'Amour\" aus ges\u00e4tem Papier eine wundersch\u00f6ne M\u00f6glichkeit, Ihre Hochzeit auf poetische Weise anzuk\u00fcndigen. Es ist eine Ode an die Liebe, die Natur und die Nachhaltigkeit.<\/p>\n<p>Lassen Sie diese herrlich geschwungenen Linien zu Sprechern einer einzigartigen Liebe werden, die mit der Zeit w\u00e4chst und gedeiht wie die Wildblumen, die sie enth\u00e4lt.<\/p>\n<p><b>Abmessungen\u00a0<\/b>: 9,5 cm x 9,5 cm<br \/>\n<b>Papier<\/b>\u00a0Parsemains : \u00d6ko-recycelt, handgefertigt, ca. 250g\/m\u00b2.<br \/>\n<b>Samen<\/b> : Bio-Wildblumenmischung oder Bio-Kr\u00e4uter (zur Auswahl)<\/p>\n<p><strong>Save-the-date ges\u00e4t - Verflechtungen der Liebe<\/strong><\/p>\n<p><img decoding=\"async\" class=\"alignnone size-medium wp-image-13406\" src=\"https:\/\/www.parsemains.com\/wp-content\/uploads\/2023\/04\/footer-payment-method-7-300x27.png\" alt=\"footer-payment-method.png\" width=\"300\" height=\"27\" srcset=\"https:\/\/www.parsemains.com\/wp-content\/uploads\/2023\/04\/footer-payment-method-7-300x27.png 300w, https:\/\/www.parsemains.com\/wp-content\/uploads\/2023\/04\/footer-payment-method-7.png 358w\" sizes=\"(max-width: 300px) 100vw, 300px\" \/><\/p>","protected":false},"featured_media":41578,"comment_status":"open","ping_status":"closed","template":"","meta":[],"product_brand":[],"product_cat":[195],"product_tag":[],"class_list":{"0":"post-33015","1":"product","2":"type-product","3":"status-publish","4":"has-post-thumbnail","6":"product_cat-save-the-date-ensemence","8":"first","9":"instock","10":"shipping-taxable","11":"purchasable","12":"product-type-variable"},"_links":{"self":[{"href":"https:\/\/www.parsemains.com\/de\/wp-json\/wp\/v2\/product\/33015","targetHints":{"allow":["GET"]}}],"collection":[{"href":"https:\/\/www.parsemains.com\/de\/wp-json\/wp\/v2\/product"}],"about":[{"href":"https:\/\/www.parsemains.com\/de\/wp-json\/wp\/v2\/types\/product"}],"replies":[{"embeddable":true,"href":"https:\/\/www.parsemains.com\/de\/wp-json\/wp\/v2\/comments?post=33015"}],"wp:featuredmedia":[{"embeddable":true,"href":"https:\/\/www.parsemains.com\/de\/wp-json\/wp\/v2\/media\/41578"}],"wp:attachment":[{"href":"https:\/\/www.parsemains.com\/de\/wp-json\/wp\/v2\/media?parent=33015"}],"wp:term":[{"taxonomy":"product_brand","embeddable":true,"href":"https:\/\/www.parsemains.com\/de\/wp-json\/wp\/v2\/product_brand?post=33015"},{"taxonomy":"product_cat","embeddable":true,"href":"https:\/\/www.parsemains.com\/de\/wp-json\/wp\/v2\/product_cat?post=33015"},{"taxonomy":"product_tag","embeddable":true,"href":"https:\/\/www.parsemains.com\/de\/wp-json\/wp\/v2\/product_tag?post=33015"}],"curies":[{"name":"wp","href":"https:\/\/api.w.org\/{rel}","templated":true}]}}