{"id":32910,"date":"2023-09-23T17:32:48","date_gmt":"2023-09-23T15:32:48","guid":{"rendered":"https:\/\/www.parsemains.com\/?post_type=product&#038;p=32910"},"modified":"2023-11-10T22:19:26","modified_gmt":"2023-11-10T21:19:26","slug":"menu-de-mariage-ensemence-histoire-de-coquelicot","status":"publish","type":"product","link":"https:\/\/www.parsemains.com\/de\/produkt\/menu-de-mariage-ensemence-histoire-de-coquelicot\/","title":{"rendered":"Ausges\u00e4tes Hochzeitsmen\u00fc - \"Mohnblumengeschichte\"."},"content":{"rendered":"<p><strong>Ausges\u00e4tes Hochzeitsmen\u00fc - \"Mohnblumengeschichte\".<\/strong><\/p>\n<p><strong>Merkmale Schl\u00fcssel<\/strong> :<\/p>\n<p><strong>Ausges\u00e4tes Papier<\/strong> : Jedes Men\u00fc wird aus hochwertigem, ges\u00e4tem Papier hergestellt, einem nachhaltigen Material, das nach Ihrer Hochzeit gepflanzt werden kann, um wundersch\u00f6ne Mohnblumen wachsen zu lassen. Es steht f\u00fcr das Wachstum Ihrer Liebe und schafft bleibende Erinnerungen.<\/p>\n<p><strong>Elegantes Design<\/strong> : Die \u00c4sthetik der Mohnblumengeschichte ist einfach bet\u00f6rend. Der reinwei\u00dfe Hintergrund hebt die zarten Mohnblumenmotive in leuchtendem Rot hervor und schafft eine zarte, romantische Atmosph\u00e4re.<\/p>\n<p><strong>Individuell anpassbar<\/strong> : Jedes Men\u00fc kann mit Ihren Namen, dem Datum Ihrer Hochzeit und dem Men\u00fc f\u00fcr Ihr Essen personalisiert werden. Das macht es nicht nur zu einem dekorativen Element, sondern auch zu einem wertvollen Erinnerungsst\u00fcck f\u00fcr Sie und Ihre G\u00e4ste.<\/p>\n<p><strong>\u00d6ko-verantwortlich<\/strong> Wenn Sie sich f\u00fcr unsere Hochzeitsmen\u00fcs aus ges\u00e4tem Papier entscheiden, tragen Sie zum Erhalt unseres Planeten bei. Einmal bepflanzt, verwandelt sich das Papier in eine wundersch\u00f6ne Mohnblumenbl\u00fcte und reduziert so unn\u00f6tigen Abfall.<\/p>\n<p><strong>Eine Erinnerung, die bl\u00fcht<\/strong> :<\/p>\n<p>Nach Ihrer Hochzeit pflanzen Sie einfach das Men\u00fc \"Mohnblumengeschichte\" in einen Topf oder Garten, gie\u00dfen regelm\u00e4\u00dfig und warten sehns\u00fcchtig auf den magischen Moment, in dem die kleinen Samen zu keimen beginnen. Jedes Mal, wenn Sie die Blumen bl\u00fchen sehen, werden Sie sich an diesen magischen Tag und die Liebe, die alles ausgel\u00f6st hat, erinnern.<\/p>\n<p>Lassen Sie \"Histoire de Coquelicot\" Ihrer Hochzeit einen Hauch von Poesie und Natur verleihen und gleichzeitig Ihr Engagement f\u00fcr eine nachhaltige Zukunft widerspiegeln. Zelebrieren Sie Ihre Liebe mit einem Men\u00fc, das eine Liebesgeschichte erz\u00e4hlt, die so sch\u00f6n ist wie die Mohnblume.<\/p>\n<p><strong>Bestellen Sie jetzt und lassen Sie die Mohnblumen Ihre Geschichte erz\u00e4hlen.<\/strong><\/p>\n<p>Hinweis: Als umweltbewusstes Produkt sollten Sie darauf achten, Ihre G\u00e4ste \u00fcber die Bepflanzung und Pflege des ausges\u00e4ten Papiers zu informieren, um eine erfolgreiche Bl\u00fcte zu gew\u00e4hrleisten.<\/p>\n<p><strong>Ausges\u00e4tes Hochzeitsmen\u00fc - \"Mohnblumengeschichte\".<\/strong><\/p>","protected":false},"excerpt":{"rendered":"<p><strong>Ausges\u00e4tes Hochzeitsmen\u00fc - \"Mohnblumengeschichte\".<\/strong><\/p>\n<p>Liebe Braut und Br\u00e4utigam!<\/p>\n<p>Lassen Sie uns Ihnen unser Hochzeitsmen\u00fc \"Mohnblumengeschichte\" aus ges\u00e4tem Papier vorstellen, eine exquisite Kreation, die entworfen wurde, um Ihrem besonderen Tag einen Hauch von Natur und Eleganz zu verleihen. Dieses Men\u00fc verk\u00f6rpert die verg\u00e4ngliche Sch\u00f6nheit der Mohnblumen, symbolisiert leidenschaftliche Liebe und das Versprechen einer strahlenden Zukunft, die Sie gemeinsam teilen werden.<\/p>\n<p><b>Abmessungen <\/b>: 9,5 x 20 cm<br \/>\n<b>Papier<\/b>\u00a0Parsemains : \u00d6ko-recycelt, handgefertigt, ca. 250g\/m\u00b2.<br \/>\n<b>Samen<\/b> : Bio-Mischung aus honigs\u00fc\u00dfen Wildblumen<\/p>\n<p><strong>Ausges\u00e4tes Hochzeitsmen\u00fc - \"Mohnblumengeschichte\".<\/strong><\/p>","protected":false},"featured_media":39594,"comment_status":"open","ping_status":"closed","template":"","meta":[],"product_brand":[],"product_cat":[193],"product_tag":[],"class_list":{"0":"post-32910","1":"product","2":"type-product","3":"status-publish","4":"has-post-thumbnail","6":"product_cat-menu-mariage-ensemence","8":"first","9":"instock","10":"shipping-taxable","11":"purchasable","12":"product-type-variable"},"_links":{"self":[{"href":"https:\/\/www.parsemains.com\/de\/wp-json\/wp\/v2\/product\/32910","targetHints":{"allow":["GET"]}}],"collection":[{"href":"https:\/\/www.parsemains.com\/de\/wp-json\/wp\/v2\/product"}],"about":[{"href":"https:\/\/www.parsemains.com\/de\/wp-json\/wp\/v2\/types\/product"}],"replies":[{"embeddable":true,"href":"https:\/\/www.parsemains.com\/de\/wp-json\/wp\/v2\/comments?post=32910"}],"wp:featuredmedia":[{"embeddable":true,"href":"https:\/\/www.parsemains.com\/de\/wp-json\/wp\/v2\/media\/39594"}],"wp:attachment":[{"href":"https:\/\/www.parsemains.com\/de\/wp-json\/wp\/v2\/media?parent=32910"}],"wp:term":[{"taxonomy":"product_brand","embeddable":true,"href":"https:\/\/www.parsemains.com\/de\/wp-json\/wp\/v2\/product_brand?post=32910"},{"taxonomy":"product_cat","embeddable":true,"href":"https:\/\/www.parsemains.com\/de\/wp-json\/wp\/v2\/product_cat?post=32910"},{"taxonomy":"product_tag","embeddable":true,"href":"https:\/\/www.parsemains.com\/de\/wp-json\/wp\/v2\/product_tag?post=32910"}],"curies":[{"name":"wp","href":"https:\/\/api.w.org\/{rel}","templated":true}]}}