{"id":32805,"date":"2023-09-23T17:26:07","date_gmt":"2023-09-23T15:26:07","guid":{"rendered":"https:\/\/www.parsemains.com\/?post_type=product&#038;p=32805"},"modified":"2023-11-17T21:26:44","modified_gmt":"2023-11-17T20:26:44","slug":"menu-de-mariage-a-planter","status":"publish","type":"product","link":"https:\/\/www.parsemains.com\/de\/produkt\/menu-de-mariage-ensemence-douceur-nature\/","title":{"rendered":"Hochzeitsmen\u00fc zum Einpflanzen - Douceur Nature"},"content":{"rendered":"<p><strong>Hochzeitsmen\u00fc zum Einpflanzen - Douceur Nature<\/strong><\/p>\n<p><strong>Au\u00dfergew\u00f6hnliche Eigenschaften<\/strong> :<\/p>\n<p><strong>Ausges\u00e4tes Papier<\/strong> : Unser Men\u00fc wird aus hochwertigem, ges\u00e4tem Papier hergestellt. Nach der Verwendung kann es gepflanzt werden, um wundersch\u00f6ne Wildblumen hervorzubringen. Dies ist eine nachhaltige Art, Ihr neues gemeinsames Leben zu beginnen.<\/p>\n<p><strong>Elegantes Design<\/strong> : Das Hochzeitsmen\u00fc \"Douceur Nature\" verf\u00fcgt \u00fcber ein zartes und raffiniertes Design, das sich perfekt in jede Hochzeitsdekoration einf\u00fcgt. Seine subtilen Blumenmotive und die sorgf\u00e4ltige Typografie verleihen Ihrer Tafel einen Hauch von Romantik.<\/p>\n<p><strong>Individuell anpassbar<\/strong> : Gestalten Sie dieses Men\u00fc nach Ihren W\u00fcnschen. F\u00fcgen Sie Ihre Namen, das Datum Ihrer Hochzeit und die Wahl Ihres Men\u00fcs hinzu, um es wirklich einzigartig f\u00fcr Ihre Veranstaltung zu machen.<\/p>\n<p><strong>\u00d6ko-verantwortlich<\/strong> Wenn Sie sich f\u00fcr unser Hochzeitsmen\u00fc aus ges\u00e4tem Papier entscheiden, tun Sie etwas f\u00fcr die Umwelt. Sobald das Papier bepflanzt ist, verwandelt es sich in Wildblumen und schafft so einen positiven Einfluss auf die Biodiversit\u00e4t.<\/p>\n<p><strong>Qualit\u00e4tsdetails<\/strong> : Jede Speisekarte wird sorgf\u00e4ltig entworfen und mit akribischer Liebe zum Detail gedruckt, wodurch eine hohe Qualit\u00e4t gew\u00e4hrleistet wird.<\/p>\n<p><strong>Eine bleibende Erinnerung<\/strong> :<\/p>\n<p>Das Hochzeitsmen\u00fc \"Douceur Nature\" aus besamtem Papier ist mehr als nur ein Men\u00fc. Es ist ein Symbol f\u00fcr Ihr Engagement f\u00fcr die Natur, Ihre Liebe und Ihre gemeinsame Zukunft. Schenken Sie Ihren G\u00e4sten eine bleibende und bedeutungsvolle Erinnerung an Ihren besonderen Tag.<\/p>\n<p>Machen Sie Ihre Hochzeit zu einem unvergesslichen und umweltfreundlichen Ereignis mit dem Hochzeitsmen\u00fc \"Douceur Nature\" aus Papier Ensemenc\u00e9.<\/p>\n<p><strong>Bestellen Sie Ihren noch heute und beobachten Sie, wie Ihre Liebe im Laufe der Zeit erbl\u00fcht.<\/strong><\/p>\n<p><strong>Hochzeitsmen\u00fc zum Einpflanzen - Douceur Nature<\/strong><\/p>","protected":false},"excerpt":{"rendered":"<p><strong>Hochzeitsmen\u00fc zum Einpflanzen - Douceur Nature<\/strong><\/p>\n<p>Verleihen Sie Ihrem besonderen Tag einen Hauch von umweltfreundlicher Eleganz mit unserem Hochzeitsmen\u00fc \"Douceur Nature\" aus ges\u00e4tem Papier. Dieses exquisite Men\u00fc vereint nat\u00fcrlichen Charme mit Raffinesse und schafft so ein einzigartiges Erlebnis f\u00fcr Ihre G\u00e4ste, w\u00e4hrend Sie gleichzeitig unseren Planeten schonen.<\/p>\n<p><strong>Hochzeitsmen\u00fc zum Einpflanzen - Douceur Nature<\/strong><\/p>\n<p><img decoding=\"async\" class=\"alignnone size-medium wp-image-13406\" src=\"https:\/\/www.parsemains.com\/wp-content\/uploads\/2023\/04\/footer-payment-method-7-300x27.png\" alt=\"footer-payment-method.png\" width=\"300\" height=\"27\" srcset=\"https:\/\/www.parsemains.com\/wp-content\/uploads\/2023\/04\/footer-payment-method-7-300x27.png 300w, https:\/\/www.parsemains.com\/wp-content\/uploads\/2023\/04\/footer-payment-method-7.png 358w\" sizes=\"(max-width: 300px) 100vw, 300px\" \/><\/p>","protected":false},"featured_media":32908,"comment_status":"open","ping_status":"closed","template":"","meta":[],"product_brand":[],"product_cat":[193],"product_tag":[],"class_list":{"0":"post-32805","1":"product","2":"type-product","3":"status-publish","4":"has-post-thumbnail","6":"product_cat-menu-mariage-ensemence","8":"first","9":"instock","10":"shipping-taxable","11":"purchasable","12":"product-type-variable"},"_links":{"self":[{"href":"https:\/\/www.parsemains.com\/de\/wp-json\/wp\/v2\/product\/32805","targetHints":{"allow":["GET"]}}],"collection":[{"href":"https:\/\/www.parsemains.com\/de\/wp-json\/wp\/v2\/product"}],"about":[{"href":"https:\/\/www.parsemains.com\/de\/wp-json\/wp\/v2\/types\/product"}],"replies":[{"embeddable":true,"href":"https:\/\/www.parsemains.com\/de\/wp-json\/wp\/v2\/comments?post=32805"}],"wp:featuredmedia":[{"embeddable":true,"href":"https:\/\/www.parsemains.com\/de\/wp-json\/wp\/v2\/media\/32908"}],"wp:attachment":[{"href":"https:\/\/www.parsemains.com\/de\/wp-json\/wp\/v2\/media?parent=32805"}],"wp:term":[{"taxonomy":"product_brand","embeddable":true,"href":"https:\/\/www.parsemains.com\/de\/wp-json\/wp\/v2\/product_brand?post=32805"},{"taxonomy":"product_cat","embeddable":true,"href":"https:\/\/www.parsemains.com\/de\/wp-json\/wp\/v2\/product_cat?post=32805"},{"taxonomy":"product_tag","embeddable":true,"href":"https:\/\/www.parsemains.com\/de\/wp-json\/wp\/v2\/product_tag?post=32805"}],"curies":[{"name":"wp","href":"https:\/\/api.w.org\/{rel}","templated":true}]}}