{"id":32700,"date":"2023-09-23T15:14:59","date_gmt":"2023-09-23T13:14:59","guid":{"rendered":"https:\/\/www.parsemains.com\/?post_type=product&#038;p=32700"},"modified":"2023-11-17T21:34:05","modified_gmt":"2023-11-17T20:34:05","slug":"menu-de-mariage-ensemence-hiver","status":"publish","type":"product","link":"https:\/\/www.parsemains.com\/de\/produkt\/heiratsmenu-semester-winter\/","title":{"rendered":"Ausges\u00e4tes Hochzeitsmen\u00fc - Winter"},"content":{"rendered":"<p><strong>Ausges\u00e4tes Hochzeitsmen\u00fc - Winter<\/strong><\/p>\n<p><strong>Eigenschaften des \"Winter\"-Men\u00fcs aus ges\u00e4tem Papier<\/strong> :<\/p>\n<p><strong>Winterliche Eleganz<\/strong> : Lassen Sie sich von dem zarten Design unseres Men\u00fcs verzaubern, das von der Magie des Winters inspiriert ist. Die k\u00fcnstlerischen Details erinnern an sanfte Schneeflocken und die Sch\u00f6nheit verschneiter Landschaften und schaffen so eine warme und romantische Atmosph\u00e4re f\u00fcr Ihren Hochzeitsempfang.<\/p>\n<p><strong>\u00d6kologisches Material<\/strong> : Unser Men\u00fc wird aus hochwertigem, ges\u00e4tem Papier hergestellt, einer umweltfreundlichen Option. Nachdem es seinen Zweck als Men\u00fc erf\u00fcllt hat, k\u00f6nnen Ihre G\u00e4ste das Men\u00fc in ihren Garten oder in einen Blumentopf pflanzen, wo es sich in wundersch\u00f6ne Wildblumen verwandeln wird und so eine lebendige Erinnerung an Ihren besonderen Tag schafft.<\/p>\n<p><strong>Individuelle Gestaltung<\/strong> Gestalten Sie das \"Winter\"-Men\u00fc aus ges\u00e4tem Papier mit Ihren Namen, dem Datum Ihrer Hochzeit und dem Tagesmen\u00fc. F\u00fcgen Sie eine pers\u00f6nliche Note hinzu, indem Sie aus einer Vielzahl von Schriftarten und Farben w\u00e4hlen, um Ihrem Hochzeitsthema zu entsprechen.<\/p>\n<p><strong>Nachhaltiges Andenken<\/strong> Ihre G\u00e4ste werden dieses Men\u00fc als wertvolle Erinnerung an Ihre Hochzeit aufbewahren und mit Freude beobachten, wie die Wildblumen wachsen und bl\u00fchen, so wie auch Ihre Liebe weiter w\u00e4chst.<\/p>\n<p><strong>Verantwortung f\u00fcr die Umwelt<\/strong> : Indem Sie sich f\u00fcr unser \"Winter\"-Men\u00fc aus ges\u00e4tem Papier entscheiden, zeigen Sie Ihr Engagement f\u00fcr den Erhalt unseres Planeten, indem Sie Abfall reduzieren und die Artenvielfalt f\u00f6rdern.<\/p>\n<p>Machen Sie Ihre Winterhochzeit zu einem unvergesslichen Ereignis und tragen Sie gleichzeitig zum Erhalt der Natur bei - mit unserem \"Winter\"-Men\u00fc aus ges\u00e4tem Papier. Es ist die perfekte Wahl f\u00fcr umweltbewusste Paare, die ihrem besonderen Tag einen Hauch von Winterzauber verleihen m\u00f6chten.<\/p>\n<p><strong>Bestellen Sie jetzt und lassen Sie den Zauber des Winters noch lange nach Ihrer Hochzeit mit unserem \"Winter\"-Men\u00fc aus ges\u00e4tem Papier weiterleben.<\/strong><\/p>\n<p><strong>Ausges\u00e4tes Hochzeitsmen\u00fc - Winter<\/strong><\/p>","protected":false},"excerpt":{"rendered":"<p><strong>Ausges\u00e4tes Hochzeitsmen\u00fc - Winter<\/strong><\/p>\n<p>Schenken Sie Ihren G\u00e4sten anl\u00e4sslich Ihrer Winterhochzeit ein umweltfreundliches und poetisches Andenken mit unserem \"Winter\"-Men\u00fc aus ges\u00e4tem Papier. Dieses elegante und zugleich umweltfreundliche Men\u00fc wurde entworfen, um Ihrem denkw\u00fcrdigen Tag eine besondere Note zu verleihen.<\/p>\n<p><strong>Ausges\u00e4tes Hochzeitsmen\u00fc - Winter<br \/>\n<img decoding=\"async\" class=\"alignnone size-medium wp-image-13406\" src=\"https:\/\/www.parsemains.com\/wp-content\/uploads\/2023\/04\/footer-payment-method-7-300x27.png\" alt=\"footer-payment-method.png\" width=\"300\" height=\"27\" srcset=\"https:\/\/www.parsemains.com\/wp-content\/uploads\/2023\/04\/footer-payment-method-7-300x27.png 300w, https:\/\/www.parsemains.com\/wp-content\/uploads\/2023\/04\/footer-payment-method-7.png 358w\" sizes=\"(max-width: 300px) 100vw, 300px\" \/><br \/>\n<\/strong><\/p>","protected":false},"featured_media":32803,"comment_status":"open","ping_status":"closed","template":"","meta":[],"product_brand":[],"product_cat":[193],"product_tag":[],"class_list":{"0":"post-32700","1":"product","2":"type-product","3":"status-publish","4":"has-post-thumbnail","6":"product_cat-menu-mariage-ensemence","8":"first","9":"instock","10":"shipping-taxable","11":"purchasable","12":"product-type-variable"},"_links":{"self":[{"href":"https:\/\/www.parsemains.com\/de\/wp-json\/wp\/v2\/product\/32700","targetHints":{"allow":["GET"]}}],"collection":[{"href":"https:\/\/www.parsemains.com\/de\/wp-json\/wp\/v2\/product"}],"about":[{"href":"https:\/\/www.parsemains.com\/de\/wp-json\/wp\/v2\/types\/product"}],"replies":[{"embeddable":true,"href":"https:\/\/www.parsemains.com\/de\/wp-json\/wp\/v2\/comments?post=32700"}],"wp:featuredmedia":[{"embeddable":true,"href":"https:\/\/www.parsemains.com\/de\/wp-json\/wp\/v2\/media\/32803"}],"wp:attachment":[{"href":"https:\/\/www.parsemains.com\/de\/wp-json\/wp\/v2\/media?parent=32700"}],"wp:term":[{"taxonomy":"product_brand","embeddable":true,"href":"https:\/\/www.parsemains.com\/de\/wp-json\/wp\/v2\/product_brand?post=32700"},{"taxonomy":"product_cat","embeddable":true,"href":"https:\/\/www.parsemains.com\/de\/wp-json\/wp\/v2\/product_cat?post=32700"},{"taxonomy":"product_tag","embeddable":true,"href":"https:\/\/www.parsemains.com\/de\/wp-json\/wp\/v2\/product_tag?post=32700"}],"curies":[{"name":"wp","href":"https:\/\/api.w.org\/{rel}","templated":true}]}}