{"id":32491,"date":"2023-09-23T10:20:29","date_gmt":"2023-09-23T08:20:29","guid":{"rendered":"https:\/\/www.parsemains.com\/?post_type=product&#038;p=32491"},"modified":"2023-11-17T21:51:03","modified_gmt":"2023-11-17T20:51:03","slug":"menu-de-mariage-ensemence-ete","status":"publish","type":"product","link":"https:\/\/www.parsemains.com\/de\/produkt\/menu-de-mariage-ensemence-ete\/","title":{"rendered":"Ausges\u00e4ttigtes Hochzeitsmen\u00fc - Sommer"},"content":{"rendered":"<p><strong>Ausges\u00e4ttigtes Hochzeitsmen\u00fc - Sommer<\/strong><\/p>\n<p><strong>Hauptmerkmale :<\/strong><\/p>\n<p><strong>Ausges\u00e4tes Papier<\/strong> : Hergestellt aus hochwertigem, ges\u00e4tem Papier ist dieses Men\u00fc nicht nur biologisch abbaubar, sondern auch eine Quelle des Lebens. Nachdem Sie Ihre G\u00e4ste mit den K\u00f6stlichkeiten Ihres Essens verzaubert haben, k\u00f6nnen sie dieses Men\u00fc in die Erde pflanzen, liebevoll gie\u00dfen, wundersch\u00f6ne Wildblumen bl\u00fchen sehen und so eine bleibende Erinnerung an Ihre Liebe schaffen.<\/p>\n<p><strong>Design Sommer<\/strong> : Unser Hochzeitsmen\u00fc \"Sommer\" ist eine Ode an die Jahreszeit der Liebe und des Lichts. Das sommerliche Design mit leuchtenden Farben, floralen Illustrationen und eleganter Typografie verleiht Ihrer Hochzeitstafel einen frischen Touch. Es ist eine visuelle Einladung, jeden Moment dieses denkw\u00fcrdigen Tages zu genie\u00dfen.<\/p>\n<p><strong>Individuell anpassbar<\/strong> Jedes Men\u00fc ist eine Leinwand, die mit Ihren Namen, dem Datum Ihrer Hochzeit, den Tagesgerichten und einer besonderen Nachricht personalisiert werden kann. Machen Sie es zu einem Unikat, das Ihre Liebesgeschichte widerspiegelt.<\/p>\n<p><strong>\u00d6kologisch<\/strong> : Wenn Sie sich f\u00fcr unser Hochzeitsmen\u00fc \"Sommer\" aus ges\u00e4tem Papier entscheiden, treffen Sie eine umweltbewusste Entscheidung. Sie tragen damit zur Abfallvermeidung und zum Erhalt unseres Planeten bei und schaffen gleichzeitig unvergessliche Erinnerungen.<\/p>\n<p><strong>H\u00f6chste Qualit\u00e4t<\/strong>e: Wir achten akribisch auf die Details und die Qualit\u00e4t unseres geimpften Papiers. Jedes Men\u00fc wird sorgf\u00e4ltig hergestellt, um ein angenehmes taktiles und visuelles Erlebnis zu gew\u00e4hrleisten.<\/p>\n<p><strong>Eine denkw\u00fcrdige und umweltfreundliche Hochzeit<\/strong> :<\/p>\n<p>Das Hochzeitsmen\u00fc \"Sommer\" aus ges\u00e4tem Papier ist viel mehr als nur ein dekoratives Element. Es ist eine Liebeserkl\u00e4rung an die Natur und ein Bekenntnis zu einer nachhaltigen Zukunft. Schenken Sie Ihren G\u00e4sten eine einzigartige Erinnerung und leisten Sie gleichzeitig einen Beitrag zur Sch\u00f6nheit unseres Planeten.<\/p>\n<p>Entscheiden Sie sich f\u00fcr Eleganz, Nachhaltigkeit und Individualit\u00e4t mit unserem Hochzeitsmen\u00fc \"Sommer\" aus Saatpapier, einer perfekten Verschmelzung von Liebe und Natur.<\/p>\n<p><strong>Bestellen Sie jetzt, um Ihrer Hochzeit einen umweltfreundlichen Touch zu verleihen, die Liebe zu teilen und gleichzeitig die Erde, die wir alle lieben, zu sch\u00fctzen.<\/strong><\/p>\n<p><strong>Ausges\u00e4ttigtes Hochzeitsmen\u00fc - Sommer<\/strong><\/p>","protected":false},"excerpt":{"rendered":"<p><strong>Ausges\u00e4ttigtes Hochzeitsmen\u00fc - Sommer<\/strong><\/p>\n<p>Erheben Sie Ihre Hochzeit auf den Gipfel der \u00d6kologie mit unserem Hochzeitsmen\u00fc \"Sommer\" aus ges\u00e4tem Papier, einer exquisiten Kreation, die Eleganz und Nachhaltigkeit perfekt miteinander verbindet. Dieses Men\u00fc wurde entworfen, um den besondersten Tag Ihres Lebens zu feiern und gleichzeitig die Sch\u00f6nheit der Natur zu bewahren, und ist weit mehr als nur ein St\u00fcck Papier.<\/p>\n<p><strong>Ausges\u00e4ttigtes Hochzeitsmen\u00fc - Sommer<br \/>\n<img decoding=\"async\" class=\"alignnone size-medium wp-image-13406\" src=\"https:\/\/www.parsemains.com\/wp-content\/uploads\/2023\/04\/footer-payment-method-7-300x27.png\" alt=\"footer-payment-method.png\" width=\"300\" height=\"27\" srcset=\"https:\/\/www.parsemains.com\/wp-content\/uploads\/2023\/04\/footer-payment-method-7-300x27.png 300w, https:\/\/www.parsemains.com\/wp-content\/uploads\/2023\/04\/footer-payment-method-7.png 358w\" sizes=\"(max-width: 300px) 100vw, 300px\" \/><br \/>\n<\/strong><\/p>","protected":false},"featured_media":32594,"comment_status":"open","ping_status":"closed","template":"","meta":[],"product_brand":[],"product_cat":[193],"product_tag":[],"class_list":{"0":"post-32491","1":"product","2":"type-product","3":"status-publish","4":"has-post-thumbnail","6":"product_cat-menu-mariage-ensemence","8":"first","9":"instock","10":"shipping-taxable","11":"purchasable","12":"product-type-variable"},"_links":{"self":[{"href":"https:\/\/www.parsemains.com\/de\/wp-json\/wp\/v2\/product\/32491","targetHints":{"allow":["GET"]}}],"collection":[{"href":"https:\/\/www.parsemains.com\/de\/wp-json\/wp\/v2\/product"}],"about":[{"href":"https:\/\/www.parsemains.com\/de\/wp-json\/wp\/v2\/types\/product"}],"replies":[{"embeddable":true,"href":"https:\/\/www.parsemains.com\/de\/wp-json\/wp\/v2\/comments?post=32491"}],"wp:featuredmedia":[{"embeddable":true,"href":"https:\/\/www.parsemains.com\/de\/wp-json\/wp\/v2\/media\/32594"}],"wp:attachment":[{"href":"https:\/\/www.parsemains.com\/de\/wp-json\/wp\/v2\/media?parent=32491"}],"wp:term":[{"taxonomy":"product_brand","embeddable":true,"href":"https:\/\/www.parsemains.com\/de\/wp-json\/wp\/v2\/product_brand?post=32491"},{"taxonomy":"product_cat","embeddable":true,"href":"https:\/\/www.parsemains.com\/de\/wp-json\/wp\/v2\/product_cat?post=32491"},{"taxonomy":"product_tag","embeddable":true,"href":"https:\/\/www.parsemains.com\/de\/wp-json\/wp\/v2\/product_tag?post=32491"}],"curies":[{"name":"wp","href":"https:\/\/api.w.org\/{rel}","templated":true}]}}