{"id":32387,"date":"2023-09-23T10:13:33","date_gmt":"2023-09-23T08:13:33","guid":{"rendered":"https:\/\/www.parsemains.com\/?post_type=product&#038;p=32387"},"modified":"2024-02-08T12:06:11","modified_gmt":"2024-02-08T11:06:11","slug":"menu-mariage-a-planter-printemps","status":"publish","type":"product","link":"https:\/\/www.parsemains.com\/de\/produkt\/heiratsmenu-samen-fruhling\/","title":{"rendered":"Hochzeitsmen\u00fc zum Einpflanzen - Fr\u00fchling"},"content":{"rendered":"<p><strong>Hochzeitsmen\u00fc zum Einpflanzen - Fr\u00fchling<\/strong><\/p>\n<p><strong>Merkmale Schl\u00fcssel<\/strong> :<\/p>\n<p><strong>\u00d6kologisch ges\u00e4ttigtes Papier<\/strong> Unser Men\u00fc \"Fr\u00fchling\" wird aus unserem hochwertigen, handgefertigten, ges\u00e4ten Papier hergestellt und hinterl\u00e4sst einen positiven \u00f6kologischen Fu\u00dfabdruck. Nach dem Servieren kann es gepflanzt werden, um wundersch\u00f6ne Wildblumen entstehen zu lassen: eine lebendige Erinnerung an Ihre Hochzeit!<\/p>\n<p><strong>Zartes Blumendesign<\/strong> Das Men\u00fc hat ein zartes, romantisches Blumendesign, das von den Farben und Blumen des Fr\u00fchlings inspiriert ist. Es verleiht Ihrer Hochzeitstafel einen Hauch von Frische und nat\u00fcrlicher Sch\u00f6nheit.<\/p>\n<p><strong>Einfache Anpassung<\/strong> : Gestalten Sie Ihr Aussaatmen\u00fc \"Fr\u00fchling\" nach Ihren W\u00fcnschen, indem Sie uns das Men\u00fc Ihres gro\u00dfen Tages und alle anderen gew\u00fcnschten Informationen mitteilen. Machen Sie dieses Men\u00fc zu einer einzigartigen Erinnerung f\u00fcr Sie und Ihre G\u00e4ste.<\/p>\n<p><strong>Umweltfreundlich<\/strong> : Wenn Sie sich f\u00fcr unser Men\u00fc aus ges\u00e4tem Papier entscheiden, tragen Sie zur Abfallvermeidung und zum Erhalt der Artenvielfalt bei. So wird Ihre Hochzeit nicht nur unvergesslich, sondern auch nachhaltig.<\/p>\n<p><strong>Perfekt f\u00fcr eine Zeremonie im Freien<\/strong> : Das Men\u00fc \"Fr\u00fchling\" ist ideal f\u00fcr Hochzeiten im Freien, wo es am Ende der Feierlichkeiten direkt in den Boden gepflanzt werden kann und so eine symbolische Verbindung zwischen Ihrer Verbindung und der Natur schafft.<\/p>\n<p><strong>Nachhaltiges Andenken<\/strong> : Ihre G\u00e4ste, die es w\u00fcnschen, k\u00f6nnen dieses einzigartige Men\u00fc auch als Andenken an Ihren besonderen Tag mit nach Hause nehmen. W\u00e4hrend sie die Blumen wachsen sehen, k\u00f6nnen sie sich an Ihre bl\u00fchende Liebe erinnern.<\/p>\n<p>Machen Sie Ihren Hochzeitstag zu einer unvergesslichen Feier und k\u00fcmmern Sie sich gleichzeitig um unseren sch\u00f6nen Planeten. Entscheiden Sie sich f\u00fcr das Hochzeitsmen\u00fc \"Fr\u00fchling\" aus ges\u00e4tem Papier und hinterlassen Sie ein blumiges und nachhaltiges Verm\u00e4chtnis Ihrer Liebe.<\/p>\n<p><strong>Bestellen Sie jetzt und bereiten Sie sich darauf vor, Ihre Hochzeit auf ethische, elegante und naturfreundliche Weise zu feiern.<\/strong><\/p>\n<p><strong>Hochzeitsmen\u00fc zum Einpflanzen - Fr\u00fchling<\/strong><\/p>","protected":false},"excerpt":{"rendered":"<p><strong>Hochzeitsmen\u00fc zum Einpflanzen - Fr\u00fchling<\/strong><\/p>\n<p>Verleihen Sie Ihrer Hochzeit an Ihrem gro\u00dfen Tag einen Hauch von Poesie und machen Sie sie mit unserem Hochzeitsmen\u00fc \"Fr\u00fchling\" aus ges\u00e4tem Papier zu einem umweltfreundlichen Ereignis. Diese exquisite Kreation vereint Eleganz und Nachhaltigkeit und erweckt ein unvergessliches Erlebnis zum Leben - f\u00fcr Sie und f\u00fcr den Planeten.<\/p>\n<p><b>dimensionen : <\/b>9,5 x 20 cm<br \/>\n<b>Papier<\/b>\u00a0Parsemains : \u00d6ko-recycelt, handgefertigt, ca. 250g\/m\u00b2.<br \/>\n<b>Samen<\/b> : Bio-Wildblumenmischung oder Bio-Kr\u00e4uter (zur Auswahl)<\/p>\n<p><strong>Hochzeitsmen\u00fc zum Einpflanzen - Fr\u00fchling<br \/>\n<img decoding=\"async\" class=\"alignnone size-medium wp-image-13406\" src=\"https:\/\/www.parsemains.com\/wp-content\/uploads\/2023\/04\/footer-payment-method-7-300x27.png\" alt=\"footer-payment-method.png\" width=\"300\" height=\"27\" srcset=\"https:\/\/www.parsemains.com\/wp-content\/uploads\/2023\/04\/footer-payment-method-7-300x27.png 300w, https:\/\/www.parsemains.com\/wp-content\/uploads\/2023\/04\/footer-payment-method-7.png 358w\" sizes=\"(max-width: 300px) 100vw, 300px\" \/><br \/>\n<\/strong><\/p>","protected":false},"featured_media":41438,"comment_status":"open","ping_status":"closed","template":"","meta":[],"product_brand":[],"product_cat":[193],"product_tag":[],"class_list":{"0":"post-32387","1":"product","2":"type-product","3":"status-publish","4":"has-post-thumbnail","6":"product_cat-menu-mariage-ensemence","8":"first","9":"instock","10":"shipping-taxable","11":"purchasable","12":"product-type-variable"},"_links":{"self":[{"href":"https:\/\/www.parsemains.com\/de\/wp-json\/wp\/v2\/product\/32387","targetHints":{"allow":["GET"]}}],"collection":[{"href":"https:\/\/www.parsemains.com\/de\/wp-json\/wp\/v2\/product"}],"about":[{"href":"https:\/\/www.parsemains.com\/de\/wp-json\/wp\/v2\/types\/product"}],"replies":[{"embeddable":true,"href":"https:\/\/www.parsemains.com\/de\/wp-json\/wp\/v2\/comments?post=32387"}],"wp:featuredmedia":[{"embeddable":true,"href":"https:\/\/www.parsemains.com\/de\/wp-json\/wp\/v2\/media\/41438"}],"wp:attachment":[{"href":"https:\/\/www.parsemains.com\/de\/wp-json\/wp\/v2\/media?parent=32387"}],"wp:term":[{"taxonomy":"product_brand","embeddable":true,"href":"https:\/\/www.parsemains.com\/de\/wp-json\/wp\/v2\/product_brand?post=32387"},{"taxonomy":"product_cat","embeddable":true,"href":"https:\/\/www.parsemains.com\/de\/wp-json\/wp\/v2\/product_cat?post=32387"},{"taxonomy":"product_tag","embeddable":true,"href":"https:\/\/www.parsemains.com\/de\/wp-json\/wp\/v2\/product_tag?post=32387"}],"curies":[{"name":"wp","href":"https:\/\/api.w.org\/{rel}","templated":true}]}}