{"id":32178,"date":"2023-09-23T09:06:43","date_gmt":"2023-09-23T07:06:43","guid":{"rendered":"https:\/\/www.parsemains.com\/?post_type=product&#038;p=32178"},"modified":"2023-11-17T22:04:50","modified_gmt":"2023-11-17T21:04:50","slug":"menu-mariage-ensemence-divine-idylle","status":"publish","type":"product","link":"https:\/\/www.parsemains.com\/de\/produkt\/heiratsmenu-seminar-diven-idylle\/","title":{"rendered":"Ausges\u00e4tes Hochzeitsmen\u00fc - Divine Idylle"},"content":{"rendered":"<p><strong>Ausges\u00e4tes Hochzeitsmen\u00fc - Divine Idylle<\/strong><\/p>\n<p><strong>Eigenschaften :<\/strong><\/p>\n<p><strong>Ausges\u00e4tes Papier<\/strong> Unser Men\u00fc wird aus einem zarten, strukturierten Papier hergestellt, das mit Wildblumensamen impr\u00e4gniert ist. Nach Gebrauch pflanzen Sie es in Ihrem Garten und beobachten Sie, wie die Liebe in Form von wundersch\u00f6nen Blumen heranw\u00e4chst.<\/p>\n<p><strong>Exquisites Design<\/strong> : Die \"Divine Idylle\" verf\u00fcgt \u00fcber ein raffiniertes Design, das sich individuell an die \u00c4sthetik Ihrer Hochzeit anpassen l\u00e4sst. Von zarten Blumenmustern bis hin zu sanften Farben ist jedes Detail durchdacht, um Ihrem Tisch einen Hauch von Sch\u00f6nheit zu verleihen.<\/p>\n<p><strong>\u00d6kologisch<\/strong> : Mit der Wahl dieses Men\u00fcs tragen Sie zum Erhalt unseres Planeten bei. Das geimpfte Papier ist biologisch abbaubar und f\u00f6rdert das Wachstum von Bienen und Schmetterlingen, die f\u00fcr unser \u00d6kosystem wichtig sind.<\/p>\n<p><strong>Individuell anpassbar<\/strong> : Gestalten Sie das Men\u00fc mit Ihren Vornamen, dem Datum Ihrer Hochzeit und dem Tagesmen\u00fc f\u00fcr eine noch besondersere Erinnerung.<\/p>\n<p><strong>Handgemacht<\/strong> : Jedes Men\u00fc \"Divine Idylle\" wird von unserem Team aus qualifizierten Handwerkern mit Liebe und Aufmerksamkeit hergestellt.<\/p>\n<p><strong>Verwendung<\/strong> :<br \/>\n1. Platzieren Sie das Men\u00fc \"Divine Idylle\" auf jedem Teller f\u00fcr einen sofortigen Zauber.<br \/>\n2. Lassen Sie Ihre G\u00e4ste jedes Detail des Men\u00fcs genie\u00dfen, w\u00e4hrend sie die Sch\u00f6nheit dieses einzigartigen Papiers bewundern.<br \/>\n3. Nach der Hochzeit pflanzen Sie das Men\u00fc in einen Topf oder direkt in Ihren Garten. Gie\u00dfen Sie ihn regelm\u00e4\u00dfig und beobachten Sie, wie die Wildblumen Ihre Liebe f\u00fcr die n\u00e4chsten Jahre zum Bl\u00fchen bringen.<\/p>\n<p><strong>Eine umweltfreundliche und elegante Hochzeit<\/strong> :<\/p>\n<p>Das Hochzeitsmen\u00fc \"Divine Idylle\" aus ges\u00e4tem Papier vereint Eleganz und Umweltbewusstsein. Es bietet Ihren G\u00e4sten ein unvergessliches Erlebnis und tr\u00e4gt gleichzeitig zur Erhaltung unseres kostbaren Planeten bei. Entscheiden Sie sich f\u00fcr nachhaltige Sch\u00f6nheit und hinterlassen Sie mit \"Divine Idylle\" einen Abdruck ewiger Liebe.<\/p>\n<p>Machen Sie Ihre Hochzeit zu einem Moment, der in Erinnerung bleibt - nicht nur wegen Ihrer Liebe, sondern auch wegen Ihres Engagements f\u00fcr eine gr\u00fcnere Zukunft.<\/p>\n<p><strong>Bestellen Sie noch heute Ihre \"Divine Idylle\"-Men\u00fcs und bereiten Sie sich darauf vor, eine unvergessliche Verbindung in der Harmonie der Natur zu feiern.<br \/>\nAusges\u00e4tes Hochzeitsmen\u00fc - Divine Idylle<br \/>\n<\/strong><\/p>","protected":false},"excerpt":{"rendered":"<p><strong>Ausges\u00e4tes Hochzeitsmen\u00fc - Divine Idylle<\/strong><\/p>\n<p>Feiern Sie an Ihrem besonderen Tag die Liebe und sch\u00fctzen Sie gleichzeitig die Natur mit unserem Hochzeitsmen\u00fc \"Divine Idylle\" aus ges\u00e4tem Papier. Dieses exquisite Men\u00fc verk\u00f6rpert zeitlose Eleganz und macht gleichzeitig einen gro\u00dfen Schritt in eine gr\u00fcnere und nachhaltigere Zukunft.<br \/>\n<strong>Ausges\u00e4tes Hochzeitsmen\u00fc - Divine Idylle<\/strong><\/p>\n<p><img decoding=\"async\" class=\"alignnone size-medium wp-image-13406\" src=\"https:\/\/www.parsemains.com\/wp-content\/uploads\/2023\/04\/footer-payment-method-7-300x27.png\" alt=\"footer-payment-method.png\" width=\"300\" height=\"27\" srcset=\"https:\/\/www.parsemains.com\/wp-content\/uploads\/2023\/04\/footer-payment-method-7-300x27.png 300w, https:\/\/www.parsemains.com\/wp-content\/uploads\/2023\/04\/footer-payment-method-7.png 358w\" sizes=\"(max-width: 300px) 100vw, 300px\" \/><\/p>","protected":false},"featured_media":32281,"comment_status":"open","ping_status":"closed","template":"","meta":[],"product_brand":[],"product_cat":[193],"product_tag":[],"class_list":{"0":"post-32178","1":"product","2":"type-product","3":"status-publish","4":"has-post-thumbnail","6":"product_cat-menu-mariage-ensemence","8":"first","9":"instock","10":"shipping-taxable","11":"purchasable","12":"product-type-variable"},"_links":{"self":[{"href":"https:\/\/www.parsemains.com\/de\/wp-json\/wp\/v2\/product\/32178","targetHints":{"allow":["GET"]}}],"collection":[{"href":"https:\/\/www.parsemains.com\/de\/wp-json\/wp\/v2\/product"}],"about":[{"href":"https:\/\/www.parsemains.com\/de\/wp-json\/wp\/v2\/types\/product"}],"replies":[{"embeddable":true,"href":"https:\/\/www.parsemains.com\/de\/wp-json\/wp\/v2\/comments?post=32178"}],"wp:featuredmedia":[{"embeddable":true,"href":"https:\/\/www.parsemains.com\/de\/wp-json\/wp\/v2\/media\/32281"}],"wp:attachment":[{"href":"https:\/\/www.parsemains.com\/de\/wp-json\/wp\/v2\/media?parent=32178"}],"wp:term":[{"taxonomy":"product_brand","embeddable":true,"href":"https:\/\/www.parsemains.com\/de\/wp-json\/wp\/v2\/product_brand?post=32178"},{"taxonomy":"product_cat","embeddable":true,"href":"https:\/\/www.parsemains.com\/de\/wp-json\/wp\/v2\/product_cat?post=32178"},{"taxonomy":"product_tag","embeddable":true,"href":"https:\/\/www.parsemains.com\/de\/wp-json\/wp\/v2\/product_tag?post=32178"}],"curies":[{"name":"wp","href":"https:\/\/api.w.org\/{rel}","templated":true}]}}