{"id":32074,"date":"2023-09-23T08:58:01","date_gmt":"2023-09-23T06:58:01","guid":{"rendered":"https:\/\/www.parsemains.com\/?post_type=product&#038;p=32074"},"modified":"2023-11-17T22:09:41","modified_gmt":"2023-11-17T21:09:41","slug":"menu-mariage-a-planter-tendresse","status":"publish","type":"product","link":"https:\/\/www.parsemains.com\/de\/produkt\/heiratsmenu-seed-blumen-von-der-zunge\/","title":{"rendered":"Hochzeitsmen\u00fc zum Einpflanzen - Fleurs de Tendresse"},"content":{"rendered":"<p><strong>Hochzeitsmen\u00fc zum Einpflanzen - Fleurs de Tendresse<\/strong><\/p>\n<p><strong>Merkmale des Men\u00fcs \"Blumen der Z\u00e4rtlichkeit\" :<\/strong><\/p>\n<p><strong>\u00a0\ud83c\udf31 \u00d6kologisches ges\u00e4tes Papier<\/strong> : Jedes Men\u00fc wird aus hochwertigem, ges\u00e4tem Papier hergestellt, einer umweltfreundlichen Option, die keinen CO2-Fu\u00dfabdruck hinterl\u00e4sst. Einmal gepflanzt, wird es sich in wundersch\u00f6ne Wildblumen verwandeln - ein Symbol f\u00fcr Ihre Liebe, die w\u00e4chst und gedeiht.<\/p>\n<p><strong>\u00a0\ud83c\udf38 Elegantes Blumendesign<\/strong> : Das Men\u00fc \"Fleurs de Tendresse\" ist mit einem eleganten und raffinierten Blumendesign verziert, das perfekt zu Ihrer Hochzeitsdekoration passt. Die sanften Farben und zarten Muster verleihen Ihrer Tafel einen Hauch von Romantik.<\/p>\n<p><strong>\u00a0\ud83d\udc91 Individuell anpassbar<\/strong> : Jedes Men\u00fc kann mit Ihren Namen, dem Datum Ihrer Hochzeit und sogar einer kleinen speziellen Nachricht f\u00fcr Ihre G\u00e4ste personalisiert werden. Dies ist eine einzigartige M\u00f6glichkeit, Ihre Liebesgeschichte mit den Menschen zu teilen, die Ihnen am Herzen liegen.<\/p>\n<p><strong>\u00a0\ud83c\udf7d\ufe0f Klare und pr\u00e4gnante Informationen<\/strong> : Die Speisekarte enth\u00e4lt eine Liste mit k\u00f6stlichen Gerichten, die Ihre G\u00e4ste bei Ihrem Empfang genie\u00dfen k\u00f6nnen. Die Beschreibungen der Gerichte sind klar und detailliert, sodass f\u00fcr jeden Gaumen etwas dabei ist.<\/p>\n<p><strong>\u00a0\ud83c\udf81 Nachhaltiges Geschenk<\/strong> Neben einem au\u00dfergew\u00f6hnlichen Men\u00fc ist \"Fleurs de Tendresse\" auch ein nachhaltiges Geschenk, das Ihre G\u00e4ste mit nach Hause nehmen k\u00f6nnen. Sie m\u00fcssen nur den Anweisungen auf der R\u00fcckseite des Men\u00fcs folgen, um ihre eigenen Blumen wachsen zu lassen und so die Erinnerung an Ihren besonderen Tag aufrechtzuerhalten.<\/p>\n<p>Das Hochzeitsmen\u00fc \"Fleurs de Tendresse\" ist viel mehr als nur ein Element der Tischdekoration. Es verk\u00f6rpert Liebe, Sch\u00f6nheit und Nachhaltigkeit und spiegelt damit Ihre Werte und Ihr Engagement f\u00fcr die Umwelt wider. Schenken Sie Ihren G\u00e4sten ein unvergessliches Erlebnis, indem Sie dieses einzigartige und verantwortungsvolle Men\u00fc f\u00fcr Ihre Hochzeit w\u00e4hlen.<\/p>\n<p>Feiern Sie Ihre Liebe und sch\u00fctzen Sie gleichzeitig die Natur mit dem Men\u00fc \"Fleurs de Tendresse\" (Z\u00e4rtliche Blumen).<\/p>\n<p><strong>Bestellen Sie Ihren noch heute und lassen Sie Liebe und Sch\u00f6nheit in der Welt um Sie herum erbl\u00fchen.<\/strong><\/p>\n<p><strong>Hochzeitsmen\u00fc zum Einpflanzen - Fleurs de Tendresse<\/strong><\/p>","protected":false},"excerpt":{"rendered":"<p><strong>Hochzeitsmen\u00fc zum Einpflanzen - Fleurs de Tendresse - \u00d6kologische Edition<\/strong><\/p>\n<p>Liebe Freunde und Verwandte, Ihre Liebe ist die sch\u00f6nste aller Geschichten, und heute freuen wir uns, Ihnen ein Hochzeitsmen\u00fc vorstellen zu k\u00f6nnen, das so einzigartig ist wie Ihre Verbindung. Das Men\u00fc \"Fleurs de Tendresse\" verk\u00f6rpert die Sch\u00f6nheit Ihrer Liebe und bewahrt gleichzeitig die Sch\u00f6nheit der Natur.<br \/>\n<strong>Hochzeitsmen\u00fc zum Einpflanzen - Fleurs de Tendresse<\/strong><\/p>\n<p><img decoding=\"async\" class=\"alignnone size-medium wp-image-13406\" src=\"https:\/\/www.parsemains.com\/wp-content\/uploads\/2023\/04\/footer-payment-method-7-300x27.png\" alt=\"footer-payment-method.png\" width=\"300\" height=\"27\" srcset=\"https:\/\/www.parsemains.com\/wp-content\/uploads\/2023\/04\/footer-payment-method-7-300x27.png 300w, https:\/\/www.parsemains.com\/wp-content\/uploads\/2023\/04\/footer-payment-method-7.png 358w\" sizes=\"(max-width: 300px) 100vw, 300px\" \/><\/p>","protected":false},"featured_media":32177,"comment_status":"open","ping_status":"closed","template":"","meta":[],"product_brand":[],"product_cat":[193],"product_tag":[],"class_list":{"0":"post-32074","1":"product","2":"type-product","3":"status-publish","4":"has-post-thumbnail","6":"product_cat-menu-mariage-ensemence","8":"first","9":"instock","10":"shipping-taxable","11":"purchasable","12":"product-type-variable"},"_links":{"self":[{"href":"https:\/\/www.parsemains.com\/de\/wp-json\/wp\/v2\/product\/32074","targetHints":{"allow":["GET"]}}],"collection":[{"href":"https:\/\/www.parsemains.com\/de\/wp-json\/wp\/v2\/product"}],"about":[{"href":"https:\/\/www.parsemains.com\/de\/wp-json\/wp\/v2\/types\/product"}],"replies":[{"embeddable":true,"href":"https:\/\/www.parsemains.com\/de\/wp-json\/wp\/v2\/comments?post=32074"}],"wp:featuredmedia":[{"embeddable":true,"href":"https:\/\/www.parsemains.com\/de\/wp-json\/wp\/v2\/media\/32177"}],"wp:attachment":[{"href":"https:\/\/www.parsemains.com\/de\/wp-json\/wp\/v2\/media?parent=32074"}],"wp:term":[{"taxonomy":"product_brand","embeddable":true,"href":"https:\/\/www.parsemains.com\/de\/wp-json\/wp\/v2\/product_brand?post=32074"},{"taxonomy":"product_cat","embeddable":true,"href":"https:\/\/www.parsemains.com\/de\/wp-json\/wp\/v2\/product_cat?post=32074"},{"taxonomy":"product_tag","embeddable":true,"href":"https:\/\/www.parsemains.com\/de\/wp-json\/wp\/v2\/product_tag?post=32074"}],"curies":[{"name":"wp","href":"https:\/\/api.w.org\/{rel}","templated":true}]}}