{"id":31969,"date":"2023-09-23T08:45:46","date_gmt":"2023-09-23T06:45:46","guid":{"rendered":"https:\/\/www.parsemains.com\/?post_type=product&#038;p=31969"},"modified":"2023-11-17T22:13:18","modified_gmt":"2023-11-17T21:13:18","slug":"menu-mariage-ensemence-entrelacs-damour","status":"publish","type":"product","link":"https:\/\/www.parsemains.com\/de\/produkt\/menu-de-mariage-ensemence-entrelacs-damour\/","title":{"rendered":"Ausges\u00e4tes Hochzeitsmen\u00fc - Flechtwerk der Liebe"},"content":{"rendered":"<p><strong>Ausges\u00e4tes Hochzeitsmen\u00fc - Flechtwerk der Liebe<\/strong><\/p>\n<p><strong>Schl\u00fcsselmerkmale<\/strong> :<\/p>\n<p><strong>Geimpftes Papier<\/strong> Unsere Men\u00fckarte wird aus hochwertigem Papier hergestellt, in das Samen von Wildblumen eingearbeitet sind. Nach der Hochzeit k\u00f6nnen Sie die Speisekarte einfach in Ihren Garten oder einen Blumentopf stecken und die sch\u00f6nen Blumen als Erinnerung an Ihren besonderen Tag wachsen sehen.<\/p>\n<p><strong>Elegantes Design<\/strong> : Das \"Liebesgeflecht\" ist mit einem kunstvollen Design aus Flechtwerk und Blumenmotiven verziert, die die Vereinigung zweier Seelen symbolisieren. Die sanften, romantischen Farben verleihen Ihrer Hochzeitstafel einen Hauch von Raffinesse.<\/p>\n<p><strong>Individuell anpassbar<\/strong>e: Personalisieren Sie die Speisekarte mit den Namen des Brautpaars, dem Hochzeitsdatum und dem Men\u00fc des Essens, um Ihrer Tischdekoration eine pers\u00f6nliche und einpr\u00e4gsame Note zu verleihen.<\/p>\n<p><strong>Umweltfreundlich<\/strong> : Wenn Sie sich f\u00fcr unser Men\u00fc aus ges\u00e4tem Papier entscheiden, tragen Sie dazu bei, Ihren CO2-Fu\u00dfabdruck zu verringern. Es handelt sich um eine nachhaltige Wahl, die das Wachstum pflanzlichen Lebens f\u00f6rdert und daran erinnert, wie wichtig es ist, Liebe und Natur zu kultivieren.<\/p>\n<p><strong>Emotionale Bindung<\/strong> : Die im Men\u00fc enthaltenen Wildblumensamen sind ein dauerhaftes Symbol f\u00fcr Ihre st\u00e4ndig wachsende Liebe, ebenso wie die Blumen, die aus diesem ges\u00e4ten Papier wachsen.<\/p>\n<p>Abmessungen: [Geben Sie die Abmessungen des Men\u00fcs an].<\/p>\n<p>**Packungsinhalt:** [Geben Sie an, was in der Packung enthalten ist, z. B. die Anzahl der Men\u00fcs]<\/p>\n<p>Schaffen Sie auf Ihrer Hochzeit eine einzigartige und unvergessliche Atmosph\u00e4re, indem Sie sich f\u00fcr unser Hochzeitsmen\u00fc \"Entrelacs d'amour\" aus ges\u00e4tem Papier entscheiden. Sie werden nicht nur Ihre G\u00e4ste mit seiner Eleganz und Individualit\u00e4t beeindrucken, sondern auch dazu beitragen, die Sch\u00f6nheit unseres Planeten zu bewahren.<\/p>\n<p><strong>Beginnen Sie Ihre Reise zu einem Leben voller Ehegl\u00fcck, indem Sie mit diesem au\u00dfergew\u00f6hnlichen Men\u00fc die Samen der Liebe und der Natur s\u00e4en.<\/strong><\/p>\n<p><strong>Ausges\u00e4tes Hochzeitsmen\u00fc - Flechtwerk der Liebe<\/strong><\/p>","protected":false},"excerpt":{"rendered":"<p><strong>Ausges\u00e4tes Hochzeitsmen\u00fc - Flechtwerk der Liebe<\/strong><\/p>\n<p>Zelebrieren Sie Ihre Liebe auf umweltfreundliche und unvergessliche Weise mit unserem Hochzeitsmen\u00fc \"Flechtwerk der Liebe\" aus ges\u00e4tem Papier. Dieses elegante Men\u00fc wurde entworfen, um Ihrem besonderen Tag einen Hauch von nat\u00fcrlichem Charme zu verleihen und verk\u00f6rpert sowohl die Liebe, die Sie teilen, als auch Ihr Engagement f\u00fcr den Planeten.<\/p>\n<p><strong>Ausges\u00e4tes Hochzeitsmen\u00fc - Flechtwerk der Liebe<\/strong><\/p>\n<p><img decoding=\"async\" class=\"alignnone size-medium wp-image-13406\" src=\"https:\/\/www.parsemains.com\/wp-content\/uploads\/2023\/04\/footer-payment-method-7-300x27.png\" alt=\"footer-payment-method.png\" width=\"300\" height=\"27\" srcset=\"https:\/\/www.parsemains.com\/wp-content\/uploads\/2023\/04\/footer-payment-method-7-300x27.png 300w, https:\/\/www.parsemains.com\/wp-content\/uploads\/2023\/04\/footer-payment-method-7.png 358w\" sizes=\"(max-width: 300px) 100vw, 300px\" \/><\/p>","protected":false},"featured_media":32072,"comment_status":"open","ping_status":"closed","template":"","meta":[],"product_brand":[],"product_cat":[193],"product_tag":[],"class_list":{"0":"post-31969","1":"product","2":"type-product","3":"status-publish","4":"has-post-thumbnail","6":"product_cat-menu-mariage-ensemence","8":"first","9":"instock","10":"shipping-taxable","11":"purchasable","12":"product-type-variable"},"_links":{"self":[{"href":"https:\/\/www.parsemains.com\/de\/wp-json\/wp\/v2\/product\/31969","targetHints":{"allow":["GET"]}}],"collection":[{"href":"https:\/\/www.parsemains.com\/de\/wp-json\/wp\/v2\/product"}],"about":[{"href":"https:\/\/www.parsemains.com\/de\/wp-json\/wp\/v2\/types\/product"}],"replies":[{"embeddable":true,"href":"https:\/\/www.parsemains.com\/de\/wp-json\/wp\/v2\/comments?post=31969"}],"wp:featuredmedia":[{"embeddable":true,"href":"https:\/\/www.parsemains.com\/de\/wp-json\/wp\/v2\/media\/32072"}],"wp:attachment":[{"href":"https:\/\/www.parsemains.com\/de\/wp-json\/wp\/v2\/media?parent=31969"}],"wp:term":[{"taxonomy":"product_brand","embeddable":true,"href":"https:\/\/www.parsemains.com\/de\/wp-json\/wp\/v2\/product_brand?post=31969"},{"taxonomy":"product_cat","embeddable":true,"href":"https:\/\/www.parsemains.com\/de\/wp-json\/wp\/v2\/product_cat?post=31969"},{"taxonomy":"product_tag","embeddable":true,"href":"https:\/\/www.parsemains.com\/de\/wp-json\/wp\/v2\/product_tag?post=31969"}],"curies":[{"name":"wp","href":"https:\/\/api.w.org\/{rel}","templated":true}]}}