{"id":31343,"date":"2023-09-22T17:47:01","date_gmt":"2023-09-22T15:47:01","guid":{"rendered":"https:\/\/www.parsemains.com\/?post_type=product&#038;p=31343"},"modified":"2023-11-17T22:19:27","modified_gmt":"2023-11-17T21:19:27","slug":"marque-place-ensemence-mariage-nature","status":"publish","type":"product","link":"https:\/\/www.parsemains.com\/de\/produkt\/marke-platz-segens-hochzeits-sus-natur\/","title":{"rendered":"Ausges\u00e4ter Platzanweiser Hochzeit - Douceur nature"},"content":{"rendered":"<p><strong>Ausges\u00e4ter Platzanweiser Hochzeit - Douceur nature<\/strong><\/p>\n<p><strong>Einzigartige Eigenschaften<\/strong>:<\/p>\n<p><strong>Hochwertiges geimpftes Papier<\/strong>: Hergestellt aus umweltfreundlichem Papier, sind unsere \"Douceur Nature\"-Platzkarten mit Intarsien aus Wildblumensamen versehen.<\/p>\n<p>Nach der Verwendung stecken Sie den Platzhalter einfach in die Erde, gie\u00dfen ihn regelm\u00e4\u00dfig und in wenigen Wochen verwandelt er sich in einen kleinen, blendend aussehenden Blumengarten.<\/p>\n<p><strong>Elegantes Design<\/strong>: Das Design unserer Platzkarten verk\u00f6rpert elegante Schlichtheit und die Sanftheit der Natur. Sie sind mit subtilen Blumenmustern und zarter Kalligraphie verziert und verleihen Ihrer Hochzeitstafel einen Hauch von Authentizit\u00e4t.<\/p>\n<p><strong>Individuell anpassbar<\/strong>: Jedes Platzk\u00e4rtchen kann mit den Namen Ihrer G\u00e4ste personalisiert werden, was Ihrem besonderen Tag eine pers\u00f6nliche Note verleiht. Sie k\u00f6nnen auch aus einer Vielzahl von Farben w\u00e4hlen, um Ihrer Hochzeitspalette zu entsprechen.<\/p>\n<p><strong>\u00d6kologisch<\/strong>Die Entscheidung f\u00fcr unsere Platzkarten aus ges\u00e4tem Papier reduziert Ihren \u00f6kologischen Fu\u00dfabdruck und bietet Ihren G\u00e4sten ein einzigartiges und bedeutungsvolles Geschenk.<\/p>\n<p><strong>Unvergessliche Erinnerung<\/strong>Ihre G\u00e4ste werden diese Platzkarten als Andenken an Ihre Hochzeit in Ehren halten. Jedes Mal, wenn sie ihre Wildblumen wachsen sehen, werden sie sich liebevoll an diesen besonderen Tag zur\u00fcckerinnern.<\/p>\n<p>Die \"Douceur Nature\"-Platzkarten sind mehr als nur ein Tischaccessoire. Sie sind Symbole f\u00fcr Ihre Liebe zu unserem Planeten und f\u00fcr die kostbaren Momente, die Sie mit Ihren Lieben teilen.<\/p>\n<p><strong>Verleihen Sie Ihrer Hochzeit einen Hauch von Natur und hinterlassen Sie gleichzeitig einen positiven Fu\u00dfabdruck auf der Erde mit diesen au\u00dfergew\u00f6hnlichen Platzkarten.<\/strong><\/p>\n<p><strong>Ausges\u00e4ter Platzanweiser Hochzeit - Douceur nature<\/strong><\/p>","protected":false},"excerpt":{"rendered":"<p><strong>Ausges\u00e4ter Platzanweiser Hochzeit - Douceur nature<\/strong><\/p>\n<p>Lassen Sie Ihre G\u00e4ste mit unseren Platzkarten \"Douceur Nature\" in die nat\u00fcrliche Eleganz Ihrer Hochzeit eintauchen.<\/p>\n<p>Diese liebevoll aus hochwertigem, ges\u00e4tem Papier hergestellten Platzkarten verleihen Ihrer Tischdekoration nicht nur einen Hauch von rustikalem Charme, sondern bieten auch ein einpr\u00e4gsames und umweltfreundliches Erlebnis.<\/p>\n<p>Jeder Platzanweiser ist sorgf\u00e4ltig gestaltet und weist eine zarte und raffinierte \u00c4sthetik auf, die an die Sch\u00f6nheit der Natur erinnert.<\/p>\n<p>Das verwendete ges\u00e4te Papier ist ein Wunder an Nachhaltigkeit, da es nach der Veranstaltung gepflanzt werden kann, um wundersch\u00f6ne Wildblumen hervorzubringen. Eine symbolische und nachhaltige Art, Ihre Liebe zu feiern.<\/p>\n<p><strong>Ausges\u00e4ter Platzanweiser Hochzeit - Douceur nature<\/strong><\/p>\n<p><img decoding=\"async\" class=\"alignnone size-medium wp-image-13406\" src=\"https:\/\/www.parsemains.com\/wp-content\/uploads\/2023\/04\/footer-payment-method-7-300x27.png\" alt=\"footer-payment-method.png\" width=\"300\" height=\"27\" srcset=\"https:\/\/www.parsemains.com\/wp-content\/uploads\/2023\/04\/footer-payment-method-7-300x27.png 300w, https:\/\/www.parsemains.com\/wp-content\/uploads\/2023\/04\/footer-payment-method-7.png 358w\" sizes=\"(max-width: 300px) 100vw, 300px\" \/><\/p>","protected":false},"featured_media":31446,"comment_status":"open","ping_status":"closed","template":"","meta":[],"product_brand":[],"product_cat":[187],"product_tag":[],"class_list":{"0":"post-31343","1":"product","2":"type-product","3":"status-publish","4":"has-post-thumbnail","6":"product_cat-marque-place-ensemence-mariage","8":"first","9":"instock","10":"shipping-taxable","11":"purchasable","12":"product-type-variable"},"_links":{"self":[{"href":"https:\/\/www.parsemains.com\/de\/wp-json\/wp\/v2\/product\/31343","targetHints":{"allow":["GET"]}}],"collection":[{"href":"https:\/\/www.parsemains.com\/de\/wp-json\/wp\/v2\/product"}],"about":[{"href":"https:\/\/www.parsemains.com\/de\/wp-json\/wp\/v2\/types\/product"}],"replies":[{"embeddable":true,"href":"https:\/\/www.parsemains.com\/de\/wp-json\/wp\/v2\/comments?post=31343"}],"wp:featuredmedia":[{"embeddable":true,"href":"https:\/\/www.parsemains.com\/de\/wp-json\/wp\/v2\/media\/31446"}],"wp:attachment":[{"href":"https:\/\/www.parsemains.com\/de\/wp-json\/wp\/v2\/media?parent=31343"}],"wp:term":[{"taxonomy":"product_brand","embeddable":true,"href":"https:\/\/www.parsemains.com\/de\/wp-json\/wp\/v2\/product_brand?post=31343"},{"taxonomy":"product_cat","embeddable":true,"href":"https:\/\/www.parsemains.com\/de\/wp-json\/wp\/v2\/product_cat?post=31343"},{"taxonomy":"product_tag","embeddable":true,"href":"https:\/\/www.parsemains.com\/de\/wp-json\/wp\/v2\/product_tag?post=31343"}],"curies":[{"name":"wp","href":"https:\/\/api.w.org\/{rel}","templated":true}]}}