{"id":31239,"date":"2023-09-22T14:18:26","date_gmt":"2023-09-22T12:18:26","guid":{"rendered":"https:\/\/www.parsemains.com\/?post_type=product&#038;p=31239"},"modified":"2023-11-17T22:27:02","modified_gmt":"2023-11-17T21:27:02","slug":"marque-place-mariage-a-planter-hiver","status":"publish","type":"product","link":"https:\/\/www.parsemains.com\/de\/produkt\/platzhalter-seminar-winterhochzeit\/","title":{"rendered":"Platzanweiser Hochzeit zum Einpflanzen - Winter"},"content":{"rendered":"<p><strong>Platzanweiser Hochzeit zum Einpflanzen - Winter<\/strong><\/p>\n<p><strong>Au\u00dfergew\u00f6hnliche Eigenschaften :<\/strong><\/p>\n<p><strong>Ges\u00e4ttigtes Papier von h\u00f6chster Qualit\u00e4t<\/strong> Unsere Platzkarten werden aus hochwertigem, geimpftem Papier hergestellt.<\/p>\n<p>Nachdem sie ihre Rolle als Platzmarker erf\u00fcllt haben, k\u00f6nnen Ihre G\u00e4ste diese kleinen Sch\u00e4tze in ihren Garten pflanzen, wo sie sich in wundersch\u00f6ne Wildblumen verwandeln werden. Eine echte lebende Erinnerung an Ihre Hochzeit!<\/p>\n<p><strong>Winterliches Thema Elegant<\/strong> Winter\"-Platzhalter haben ein raffiniertes Design, das von der kalten Jahreszeit inspiriert ist.<\/p>\n<p>Zarte Schneeflocken, schneebedeckte B\u00e4ume und eine sanfte Farbpalette schaffen eine magische Atmosph\u00e4re, die an die Liebe und W\u00e4rme Ihrer Verbindung erinnert.<\/p>\n<p><strong>Individuell anpassbar<\/strong> Jeder unserer Platzkarten kann mit den Namen Ihrer G\u00e4ste und dem Datum Ihrer Hochzeit personalisiert werden. Dies verleiht jedem Detail Ihres Empfangs einen Hauch von Sentimentalit\u00e4t.<\/p>\n<p><strong>\u00d6kologisch und nachhaltig<\/strong> : Unser Engagement f\u00fcr Nachhaltigkeit ist von gr\u00f6\u00dfter Bedeutung. Wenn Sie sich f\u00fcr unsere Platzkarten aus ges\u00e4tem Papier entscheiden, tragen Sie dazu bei, Ihren \u00f6kologischen Fu\u00dfabdruck zu verringern und das Wachstum der lokalen Biodiversit\u00e4t zu f\u00f6rdern.<\/p>\n<p><strong>Favoriten Memorables<\/strong> : Neben der Verwendung als Platzkarten k\u00f6nnen unsere Produkte auch als kleine Geschenke an Ihre G\u00e4ste verschenkt werden. Jedes Mal, wenn sie ihren Garten mit den Erinnerungen an Ihre Hochzeit erbl\u00fchen sehen, werden sie sich an diesen besonderen Tag erinnern.<\/p>\n<p>Wie Sie unsere bestellten \"Winter\"-Parkplatzmarkierungen verwenden :<\/p>\n<p><strong>Gestalten Sie sie individuell<\/strong> : Gestalten Sie vor Ihrer Hochzeit jedes Platzk\u00e4rtchen mit den Namen Ihrer G\u00e4ste und dem Datum der Veranstaltung.<\/p>\n<p><strong>Ordne sie mit Sorgfalt an<\/strong> : Platzieren Sie diese bezaubernden Platzkarten auf jedem Tisch Ihres Empfangs, um anzuzeigen, wo jeder Gast sitzen soll.<\/p>\n<p><strong>Schenken Sie ein \u00f6kologisches Souvenir<\/strong> : Ermutige deine G\u00e4ste, ihre Platzkarten mitzunehmen und sie in ihrem Garten zu pflanzen. Beobachten Sie, wie sie wachsen und bl\u00fchen, genau wie Ihre Liebe.<\/p>\n<p><strong>Erinnerungen einfangen<\/strong> : Vergessen Sie nicht, Fotos von diesen kleinen nat\u00fcrlichen Meisterwerken in der Umgebung Ihrer Hochzeit zu machen, um diesen einzigartigen Tag festzuhalten.<\/p>\n<p>Die Hochzeits-Platzkarten \"Winter\" aus ges\u00e4tem Papier sind viel mehr als nur Tischkarten. Sie sind ein Symbol f\u00fcr Liebe, Best\u00e4ndigkeit und Wachstum - genau wie Ihre Hochzeit.<\/p>\n<p>Machen Sie Ihren besonderen Tag zu einem unvergesslichen Ereignis mit diesen wunderbaren Accessoires, die einen bleibenden Eindruck hinterlassen.<\/p>\n<p><strong>Bestellen Sie Ihre noch heute und verwandeln Sie Ihre Hochzeit in ein magisches und umweltfreundliches Erlebnis.<\/strong><\/p>\n<p><strong>Platzanweiser Hochzeit zum Einpflanzen - Winter<\/strong><\/p>","protected":false},"excerpt":{"rendered":"<p><strong>Platzanweiser Hochzeit zum Einpflanzen - Winter<\/strong><\/p>\n<p>Suchen Sie nach einer eleganten und umweltfreundlichen M\u00f6glichkeit, Ihrer Hochzeit im Winter eine besondere Note zu verleihen? Suchen Sie nicht weiter!<\/p>\n<p>Unsere \"Winter\"-Hochzeitsplatzkarten aus ges\u00e4tem Papier sind die perfekte Option, um Ihren besonderen Tag abzurunden und gleichzeitig einen Beitrag zum Erhalt unseres sch\u00f6nen Planeten zu leisten.<\/p>\n<p><strong>Platzanweiser Hochzeit zum Einpflanzen - Winter<\/strong><\/p>\n<p><img decoding=\"async\" class=\"alignnone size-medium wp-image-13406\" src=\"https:\/\/www.parsemains.com\/wp-content\/uploads\/2023\/04\/footer-payment-method-7-300x27.png\" alt=\"footer-payment-method.png\" width=\"300\" height=\"27\" srcset=\"https:\/\/www.parsemains.com\/wp-content\/uploads\/2023\/04\/footer-payment-method-7-300x27.png 300w, https:\/\/www.parsemains.com\/wp-content\/uploads\/2023\/04\/footer-payment-method-7.png 358w\" sizes=\"(max-width: 300px) 100vw, 300px\" \/><\/p>","protected":false},"featured_media":31342,"comment_status":"open","ping_status":"closed","template":"","meta":[],"product_brand":[],"product_cat":[187],"product_tag":[],"class_list":{"0":"post-31239","1":"product","2":"type-product","3":"status-publish","4":"has-post-thumbnail","6":"product_cat-marque-place-ensemence-mariage","8":"first","9":"instock","10":"shipping-taxable","11":"purchasable","12":"product-type-variable"},"_links":{"self":[{"href":"https:\/\/www.parsemains.com\/de\/wp-json\/wp\/v2\/product\/31239","targetHints":{"allow":["GET"]}}],"collection":[{"href":"https:\/\/www.parsemains.com\/de\/wp-json\/wp\/v2\/product"}],"about":[{"href":"https:\/\/www.parsemains.com\/de\/wp-json\/wp\/v2\/types\/product"}],"replies":[{"embeddable":true,"href":"https:\/\/www.parsemains.com\/de\/wp-json\/wp\/v2\/comments?post=31239"}],"wp:featuredmedia":[{"embeddable":true,"href":"https:\/\/www.parsemains.com\/de\/wp-json\/wp\/v2\/media\/31342"}],"wp:attachment":[{"href":"https:\/\/www.parsemains.com\/de\/wp-json\/wp\/v2\/media?parent=31239"}],"wp:term":[{"taxonomy":"product_brand","embeddable":true,"href":"https:\/\/www.parsemains.com\/de\/wp-json\/wp\/v2\/product_brand?post=31239"},{"taxonomy":"product_cat","embeddable":true,"href":"https:\/\/www.parsemains.com\/de\/wp-json\/wp\/v2\/product_cat?post=31239"},{"taxonomy":"product_tag","embeddable":true,"href":"https:\/\/www.parsemains.com\/de\/wp-json\/wp\/v2\/product_tag?post=31239"}],"curies":[{"name":"wp","href":"https:\/\/api.w.org\/{rel}","templated":true}]}}