{"id":30613,"date":"2023-09-22T12:39:24","date_gmt":"2023-09-22T10:39:24","guid":{"rendered":"https:\/\/www.parsemains.com\/?post_type=product&#038;p=30613"},"modified":"2023-11-17T23:01:44","modified_gmt":"2023-11-17T22:01:44","slug":"marque-place-mariage-ecologique-ensemence","status":"publish","type":"product","link":"https:\/\/www.parsemains.com\/de\/produkt\/marke-platz-segen-hochzeits-blumen-von-der-zunge\/","title":{"rendered":"\u00d6kologischer Hochzeits-Platzanweiser mit Saatgut - Blumen der Z\u00e4rtlichkeit"},"content":{"rendered":"<p><strong>\u00d6kologischer Hochzeits-Platzanweiser mit Saatgut - Blumen der Z\u00e4rtlichkeit<\/strong><\/p>\n<p><strong>Wichtigste Merkmale<\/strong> :<\/p>\n<p><strong>Ausges\u00e4tes Papier<\/strong> : Hergestellt aus hochwertigem, ges\u00e4tem Papier, ist jedes Lesezeichen ein Werk der Papiermacherkunst mit Zukunft.<\/p>\n<p>Nach der Veranstaltung kann er gepflanzt werden, um wundersch\u00f6ne Wildblumen hervorzubringen, die an die Bl\u00fctezeit Ihrer Liebe erinnern.<\/p>\n<p><strong>Exquisites Design<\/strong> Die \"Fleurs de Tendresse\" haben ein zartes und romantisches Blumendesign.<\/p>\n<p>Jedes St\u00fcck wird pr\u00e4zise ausgeschnitten, um bezaubernde Blumendetails zu schaffen, die mit Samenk\u00f6rnern verkrustet sind, die zuk\u00fcnftige Bl\u00fcten versprechen.<\/p>\n<p><strong>Individuell anpassbar<\/strong> : Gestalten Sie diese Platzkarten mit den Namen Ihrer G\u00e4ste und dem Datum Ihrer Hochzeit, um sie zu einer einzigartigen Erinnerung an diesen unvergesslichen Tag zu machen.<\/p>\n<p><strong>\u00d6ko-verantwortlich<\/strong> Die Wahl der Platzkarten aus Papier mit der Saat \"Fleurs de Tendresse\" bedeutet, dass Sie sich f\u00fcr eine umweltfreundliche Option f\u00fcr Ihre Hochzeit entscheiden.<\/p>\n<p>Reduzieren Sie Ihren CO2-Fu\u00dfabdruck und schaffen Sie gleichzeitig Erinnerungen, die ein Leben lang halten.<\/p>\n<p><strong>Dekorationselement<\/strong> Diese Platzkarten dienen auch als wundersch\u00f6ne Elemente der Tischdekoration. Ihre nat\u00fcrliche Eleganz passt perfekt zu jedem Hochzeitsthema und verleiht jedem Tisch einen Hauch von Romantik.<\/p>\n<p><strong>Eine unvergessliche Hochzeitsbevorzugung<\/strong><\/p>\n<p>Schenken Sie Ihren G\u00e4sten eine einzigartige Erinnerung, die sie f\u00fcr immer in Ehren halten werden.<\/p>\n<p>Die Platzkarten \"Blumen der Z\u00e4rtlichkeit\" sind eine zeit\u00fcberdauernde Hochzeitsgunst, die das st\u00e4ndige Wachstum Ihrer Liebe symbolisiert.<\/p>\n<p>Treffen Sie die umweltbewusste Wahl, treffen Sie die Wahl der zeitlosen Eleganz, treffen Sie die Wahl der \"Fleurs de Tendresse\" (Blumen der Z\u00e4rtlichkeit).<\/p>\n<p><strong>Bestellen Sie jetzt und machen Sie sich darauf gefasst, dass Ihre Liebe genauso aufbl\u00fcht wie diese wundersch\u00f6nen Wildblumen.<\/strong><\/p>\n<p><strong>\u00d6kologischer Hochzeits-Platzanweiser mit Saatgut - Blumen der Z\u00e4rtlichkeit<\/strong><\/p>","protected":false},"excerpt":{"rendered":"<p><strong>\u00d6kologischer Hochzeits-Platzanweiser mit Saatgut - Blumen der Z\u00e4rtlichkeit<\/strong><\/p>\n<p>Versetzen Sie Ihre G\u00e4ste mit bleibenden Erinnerungen an Ihren besonderen Tag in Erstaunen.<\/p>\n<p>Die Hochzeits-Platzkarten \"Fleurs de Tendresse\" aus ges\u00e4tem Papier verk\u00f6rpern die fl\u00fcchtige Sch\u00f6nheit der Liebe und fangen das Versprechen Ihrer Verbindung in einem au\u00dfergew\u00f6hnlichen Kunsthandwerk ein.<\/p>\n<p>Diese zarten Platzkarten verleihen Ihrer Feier einen Hauch von Raffinesse und Umweltbewusstsein und schaffen ein unvergessliches Erlebnis f\u00fcr Sie und Ihre G\u00e4ste.<\/p>\n<p><strong>\u00d6kologischer Hochzeits-Platzanweiser mit Saatgut - Blumen der Z\u00e4rtlichkeit<\/strong><\/p>\n<p><img decoding=\"async\" class=\"alignnone size-medium wp-image-13406\" src=\"https:\/\/www.parsemains.com\/wp-content\/uploads\/2023\/04\/footer-payment-method-7-300x27.png\" alt=\"footer-payment-method.png\" width=\"300\" height=\"27\" srcset=\"https:\/\/www.parsemains.com\/wp-content\/uploads\/2023\/04\/footer-payment-method-7-300x27.png 300w, https:\/\/www.parsemains.com\/wp-content\/uploads\/2023\/04\/footer-payment-method-7.png 358w\" sizes=\"(max-width: 300px) 100vw, 300px\" \/><\/p>","protected":false},"featured_media":30716,"comment_status":"open","ping_status":"closed","template":"","meta":[],"product_brand":[],"product_cat":[187],"product_tag":[],"class_list":{"0":"post-30613","1":"product","2":"type-product","3":"status-publish","4":"has-post-thumbnail","6":"product_cat-marque-place-ensemence-mariage","8":"first","9":"instock","10":"shipping-taxable","11":"purchasable","12":"product-type-variable"},"_links":{"self":[{"href":"https:\/\/www.parsemains.com\/de\/wp-json\/wp\/v2\/product\/30613","targetHints":{"allow":["GET"]}}],"collection":[{"href":"https:\/\/www.parsemains.com\/de\/wp-json\/wp\/v2\/product"}],"about":[{"href":"https:\/\/www.parsemains.com\/de\/wp-json\/wp\/v2\/types\/product"}],"replies":[{"embeddable":true,"href":"https:\/\/www.parsemains.com\/de\/wp-json\/wp\/v2\/comments?post=30613"}],"wp:featuredmedia":[{"embeddable":true,"href":"https:\/\/www.parsemains.com\/de\/wp-json\/wp\/v2\/media\/30716"}],"wp:attachment":[{"href":"https:\/\/www.parsemains.com\/de\/wp-json\/wp\/v2\/media?parent=30613"}],"wp:term":[{"taxonomy":"product_brand","embeddable":true,"href":"https:\/\/www.parsemains.com\/de\/wp-json\/wp\/v2\/product_brand?post=30613"},{"taxonomy":"product_cat","embeddable":true,"href":"https:\/\/www.parsemains.com\/de\/wp-json\/wp\/v2\/product_cat?post=30613"},{"taxonomy":"product_tag","embeddable":true,"href":"https:\/\/www.parsemains.com\/de\/wp-json\/wp\/v2\/product_tag?post=30613"}],"curies":[{"name":"wp","href":"https:\/\/api.w.org\/{rel}","templated":true}]}}