{"id":30404,"date":"2023-09-21T19:15:54","date_gmt":"2023-09-21T17:15:54","guid":{"rendered":"https:\/\/www.parsemains.com\/?post_type=product&#038;p=30404"},"modified":"2023-11-17T23:07:42","modified_gmt":"2023-11-17T22:07:42","slug":"marque-place-mariage-ecologique-planter","status":"publish","type":"product","link":"https:\/\/www.parsemains.com\/de\/produkt\/marke-platz-segens-hochzeit-zwischen-seen-damur\/","title":{"rendered":"\u00d6kologische Hochzeits-Platzanweiser zum Einpflanzen - Entrelacs d'amour"},"content":{"rendered":"<p><strong>\u00d6kologische Hochzeits-Platzanweiser zum Einpflanzen - Entrelacs d'amour<\/strong><\/p>\n<p><strong>Hauptmerkmale<\/strong>:<\/p>\n<p><strong>Elegantes Design<\/strong> : Die \"Entrelacs d'Amour\" weisen ein raffiniertes und zeitloses Design auf, das zarte Muster und eine rustikal-schicke \u00c4sthetik hervorhebt. Sie verleihen jedem Platz einen Hauch von Romantik.<\/p>\n<p><strong>Hochwertiges geimpftes Papier<\/strong> : Hergestellt aus erstklassigem, ges\u00e4tem Papier sind diese Platzkarten umweltfreundlich. Nach Ihrer Hochzeit k\u00f6nnen Ihre G\u00e4ste die Platzkarten direkt in die Erde stecken, und sie werden sich in wundersch\u00f6ne Wildblumen verwandeln - ein Symbol f\u00fcr Ihre aufbl\u00fchende Liebe.<\/p>\n<p><strong>Individuell anpassbar<\/strong> : Gestalten Sie jedes Platzk\u00e4rtchen mit den Namen Ihrer G\u00e4ste und dem Datum Ihrer Hochzeit, um die Erinnerung noch unvergesslicher zu machen. W\u00e4hlen Sie aus einer Reihe von Farben, die zu Ihrer Hochzeitspalette passen.<\/p>\n<p><strong>F\u00f6rdern Sie die Nachhaltigkeit<\/strong> : Die \"Entrelacs d'Amour\" sehen nicht nur sch\u00f6n aus, sie sind auch nachhaltig. Wenn Sie sich f\u00fcr diese Platzkarten aus ges\u00e4tem Papier entscheiden, tragen Sie dazu bei, den \u00f6kologischen Fu\u00dfabdruck Ihrer Hochzeit zu verringern.<\/p>\n<p><strong>Tiefe Bedeutung<\/strong> : Die verschlungenen Muster stehen f\u00fcr die unaufl\u00f6sliche Vereinigung zweier verliebter Seelen, w\u00e4hrend die Verwandlung in Blumen das st\u00e4ndige Wachstum eurer Liebe auf eurer gemeinsamen Reise symbolisiert.<\/p>\n<p>Die Hochzeits-Platzkarten \"Entrelacs d'Amour\" aus ges\u00e4tem Papier sind die perfekte Wahl f\u00fcr Paare, die an ihrem besonderen Tag Eleganz, symbolische Bedeutung und Engagement f\u00fcr die Umwelt miteinander verbinden m\u00f6chten. Schenken Sie Ihren G\u00e4sten ein einzigartiges und umweltfreundliches Andenken, das sie noch lange nach der Feier Ihrer Liebe in Ehren halten werden.<\/p>\n<p>Feiern Sie Ihre Hochzeit mit Stil und \u00f6kologischer Verantwortung dank unserer Platzkarten \"Entrelacs d'Amour\".<\/p>\n<p><strong>Bestellen Sie Ihre noch heute, um Ihrem denkw\u00fcrdigen Tag einen Hauch von Natur zu verleihen.<br \/>\n<\/strong><\/p>\n<p><strong>\u00d6kologische Hochzeits-Platzanweiser zum Einpflanzen - Entrelacs d'amour<\/strong><\/p>","protected":false},"excerpt":{"rendered":"<p><strong>\u00d6kologische Hochzeits-Platzanweiser zum Einpflanzen - Entrelacs d'amour<\/strong><\/p>\n<p>An der Schnittstelle zwischen Liebe und Natur verk\u00f6rpern unsere Hochzeits-Platzkarten \"Entrelacs d'Amour\" aus ges\u00e4tem Papier die tiefe Symbolik Ihrer Verbindung, w\u00e4hrend Sie gleichzeitig auf unseren Planeten achten.<\/p>\n<p>Diese zarten Platzkarten verleihen Ihrem Empfang einen Hauch von nat\u00fcrlichem Charme und lassen Ihre G\u00e4ste aktiv am Wachstum Ihrer gemeinsamen Liebe teilhaben.<\/p>\n<p><strong>\u00d6kologische Hochzeits-Platzanweiser zum Einpflanzen - Entrelacs d'amour<\/strong><\/p>\n<p><img decoding=\"async\" class=\"alignnone size-medium wp-image-13406\" src=\"https:\/\/www.parsemains.com\/wp-content\/uploads\/2023\/04\/footer-payment-method-7-300x27.png\" alt=\"footer-payment-method.png\" width=\"300\" height=\"27\" srcset=\"https:\/\/www.parsemains.com\/wp-content\/uploads\/2023\/04\/footer-payment-method-7-300x27.png 300w, https:\/\/www.parsemains.com\/wp-content\/uploads\/2023\/04\/footer-payment-method-7.png 358w\" sizes=\"(max-width: 300px) 100vw, 300px\" \/><\/p>","protected":false},"featured_media":30612,"comment_status":"open","ping_status":"closed","template":"","meta":[],"product_brand":[],"product_cat":[187],"product_tag":[],"class_list":{"0":"post-30404","1":"product","2":"type-product","3":"status-publish","4":"has-post-thumbnail","6":"product_cat-marque-place-ensemence-mariage","8":"first","9":"instock","10":"shipping-taxable","11":"purchasable","12":"product-type-variable"},"_links":{"self":[{"href":"https:\/\/www.parsemains.com\/de\/wp-json\/wp\/v2\/product\/30404","targetHints":{"allow":["GET"]}}],"collection":[{"href":"https:\/\/www.parsemains.com\/de\/wp-json\/wp\/v2\/product"}],"about":[{"href":"https:\/\/www.parsemains.com\/de\/wp-json\/wp\/v2\/types\/product"}],"replies":[{"embeddable":true,"href":"https:\/\/www.parsemains.com\/de\/wp-json\/wp\/v2\/comments?post=30404"}],"wp:featuredmedia":[{"embeddable":true,"href":"https:\/\/www.parsemains.com\/de\/wp-json\/wp\/v2\/media\/30612"}],"wp:attachment":[{"href":"https:\/\/www.parsemains.com\/de\/wp-json\/wp\/v2\/media?parent=30404"}],"wp:term":[{"taxonomy":"product_brand","embeddable":true,"href":"https:\/\/www.parsemains.com\/de\/wp-json\/wp\/v2\/product_brand?post=30404"},{"taxonomy":"product_cat","embeddable":true,"href":"https:\/\/www.parsemains.com\/de\/wp-json\/wp\/v2\/product_cat?post=30404"},{"taxonomy":"product_tag","embeddable":true,"href":"https:\/\/www.parsemains.com\/de\/wp-json\/wp\/v2\/product_tag?post=30404"}],"curies":[{"name":"wp","href":"https:\/\/api.w.org\/{rel}","templated":true}]}}