{"id":30196,"date":"2023-09-21T18:52:29","date_gmt":"2023-09-21T16:52:29","guid":{"rendered":"https:\/\/www.parsemains.com\/?post_type=product&#038;p=30196"},"modified":"2024-06-13T17:54:12","modified_gmt":"2024-06-13T15:54:12","slug":"faire-part-mariage-ensemence-histoire-de-coquelicot","status":"publish","type":"product","link":"https:\/\/www.parsemains.com\/de\/produkt\/faire-part-mariage-ensemence-histoire-de-coquelicot\/","title":{"rendered":"Ausges\u00e4te Hochzeitseinladung - \"Geschichte der Mohnblume\"."},"content":{"rendered":"<div class=\"flex-1 overflow-hidden\">\n<div class=\"react-scroll-to-bottom--css-qyzsl-79elbk h-full dark:bg-gray-800\">\n<div class=\"react-scroll-to-bottom--css-qyzsl-1n7m0yu\">\n<div class=\"flex flex-col text-sm dark:bg-gray-800\">\n<div class=\"group w-full text-token-text-primary border-b border-black\/10 dark:border-gray-900\/50 bg-gray-50 dark:bg-[#444654]\" data-testid=\"conversation-turn-2\">\n<div class=\"p-4 justify-center text-base md:gap-6 md:py-6 m-auto\">\n<div class=\"flex flex-1 gap-4 text-base mx-auto md:gap-6 md:max-w-2xl lg:max-w-[38rem] xl:max-w-3xl }\">\n<div class=\"relative flex w-[calc(100%-50px)] flex-col gap-1 md:gap-3 lg:w-[calc(100%-115px)]\">\n<div class=\"flex flex-grow flex-col gap-3 max-w-full\">\n<div class=\"min-h-[20px] flex flex-col items-start gap-3 overflow-x-auto whitespace-pre-wrap break-words\">\n<div class=\"markdown prose w-full break-words dark:prose-invert dark\">\n<p><strong>Ausges\u00e4te Hochzeitseinladung - \"Geschichte der Mohnblume\".<\/strong><\/p>\n<p><strong>Geimpftes Papier<\/strong> Unsere Einladungskarte \"Mohnblumengeschichte\" wird aus hochwertigem, ges\u00e4tem Papier hergestellt. Nach der Feier k\u00f6nnen Ihre G\u00e4ste diese Einladung in ihren G\u00e4rten pflanzen und so eine lebendige Erinnerung an Ihre Verbindung schaffen.<\/p>\n<p><strong>Elegantes Design<\/strong> : Die nat\u00fcrliche Eleganz der Mohnblume ist in unserem k\u00fcnstlerischen Design perfekt eingefangen. Die zarten, roten Kraftlinien verschmelzen harmonisch mit einem modernen Stil, der an Gravuren erinnert, um eine Einladung zu schaffen, die sowohl an Leidenschaft als auch an Wachstum erinnert.<\/p>\n<p><strong>Individuelle Gestaltung<\/strong> : Jede Einladungskarte kann nach Ihren W\u00fcnschen gestaltet werden. W\u00e4hlen Sie Schriftart, Farben und Text, um eine Einladung zu gestalten, die Ihren pers\u00f6nlichen Stil und das Wesen Ihrer Liebesgeschichte widerspiegelt.<\/p>\n<p><strong>Umweltfreundlich<\/strong> : Wenn Sie unsere Einladungskarte \"Mohnblumengeschichte\" w\u00e4hlen, entscheiden Sie sich f\u00fcr eine umweltfreundliche Option. Das ges\u00e4te Papier reduziert nicht nur den Abfall, sondern tr\u00e4gt auch zum Erhalt der Natur bei, indem es Wildblumen wachsen und gedeihen l\u00e4sst.<\/p>\n<p>Lassen Sie sich von dieser \"Mohnblumengeschichte\" dabei helfen, Ihre eigene Liebesgeschichte auf einzigartige und unvergessliche Weise zu erz\u00e4hlen. Laden Sie Ihre Lieben ein, gemeinsam mit Ihnen diesen magischen Moment zu feiern und dabei einen bleibenden Eindruck in ihrem Garten und in ihren Herzen zu hinterlassen.<\/p>\n<p><strong>Bestellen Sie jetzt Ihre Einladungskarte \"Mohnblumengeschichte\" und beginnen Sie, das erste Kapitel Ihrer Hochzeitsgeschichte auf au\u00dfergew\u00f6hnliche und naturfreundliche Weise zu schreiben.<\/strong><\/p>\n<p><strong>Ausges\u00e4te Hochzeitseinladung - \"Geschichte der Mohnblume\".<\/strong><\/p>\n<\/div>\n<\/div>\n<\/div>\n<\/div>\n<\/div>\n<\/div>\n<\/div>\n<\/div>\n<\/div>\n<\/div>\n<\/div>","protected":false},"excerpt":{"rendered":"<p><strong>Ausges\u00e4te Hochzeitseinladung - \"Geschichte der Mohnblume\".<\/strong><\/p>\n<p>Entdecken Sie unsere Hochzeitseinladung \"Mohnblumengeschichte\", eine au\u00dfergew\u00f6hnliche, liebevoll gestaltete Einladung, mit der Sie den Beginn Ihrer eigenen Liebesgeschichte feiern k\u00f6nnen. Sorgf\u00e4ltig aus ges\u00e4tem Papier hergestellt, verk\u00f6rpert diese Einladung die Sch\u00f6nheit der Natur und die zeitlose Symbolik der Mohnblume, einer Blume, die f\u00fcr Leidenschaft, Zartheit und das Versprechen einer strahlenden Zukunft steht.<\/p>\n<p><b>dimensionen : <\/b>10 x 14 cm<br \/>\n<b>Papier<\/b>\u00a0Parsemains : \u00d6ko-recycelt, handgefertigt, ca. 250g\/m\u00b2.<br \/>\n<b>Samen<\/b> : Bio-Wildblumenmischung oder Bio-Kr\u00e4uter (nach Wahl)<\/p>\n<p><strong>Ausges\u00e4te Hochzeitseinladung - \"Geschichte der Mohnblume\".<\/strong><\/p>","protected":false},"featured_media":42537,"comment_status":"open","ping_status":"closed","template":"","meta":[],"product_brand":[],"product_cat":[180],"product_tag":[],"class_list":{"0":"post-30196","1":"product","2":"type-product","3":"status-publish","4":"has-post-thumbnail","6":"product_cat-faire-part-mariage-ensemence-ecologique","8":"first","9":"instock","10":"shipping-taxable","11":"purchasable","12":"product-type-variable"},"_links":{"self":[{"href":"https:\/\/www.parsemains.com\/de\/wp-json\/wp\/v2\/product\/30196","targetHints":{"allow":["GET"]}}],"collection":[{"href":"https:\/\/www.parsemains.com\/de\/wp-json\/wp\/v2\/product"}],"about":[{"href":"https:\/\/www.parsemains.com\/de\/wp-json\/wp\/v2\/types\/product"}],"replies":[{"embeddable":true,"href":"https:\/\/www.parsemains.com\/de\/wp-json\/wp\/v2\/comments?post=30196"}],"wp:featuredmedia":[{"embeddable":true,"href":"https:\/\/www.parsemains.com\/de\/wp-json\/wp\/v2\/media\/42537"}],"wp:attachment":[{"href":"https:\/\/www.parsemains.com\/de\/wp-json\/wp\/v2\/media?parent=30196"}],"wp:term":[{"taxonomy":"product_brand","embeddable":true,"href":"https:\/\/www.parsemains.com\/de\/wp-json\/wp\/v2\/product_brand?post=30196"},{"taxonomy":"product_cat","embeddable":true,"href":"https:\/\/www.parsemains.com\/de\/wp-json\/wp\/v2\/product_cat?post=30196"},{"taxonomy":"product_tag","embeddable":true,"href":"https:\/\/www.parsemains.com\/de\/wp-json\/wp\/v2\/product_tag?post=30196"}],"curies":[{"name":"wp","href":"https:\/\/api.w.org\/{rel}","templated":true}]}}