{"id":29989,"date":"2023-09-21T18:41:08","date_gmt":"2023-09-21T16:41:08","guid":{"rendered":"https:\/\/www.parsemains.com\/?post_type=product&#038;p=29989"},"modified":"2024-08-27T12:53:13","modified_gmt":"2024-08-27T10:53:13","slug":"faire-part-de-mariage-ensemence-nature","status":"publish","type":"product","link":"https:\/\/www.parsemains.com\/de\/produkt\/faire-part-mariage-ensemence-douceur-nature\/","title":{"rendered":"Ausges\u00e4te Hochzeitseinladung - Douceur Nature"},"content":{"rendered":"<div class=\"flex-1 overflow-hidden\">\n<div class=\"react-scroll-to-bottom--css-qyzsl-79elbk h-full dark:bg-gray-800\">\n<div class=\"react-scroll-to-bottom--css-qyzsl-1n7m0yu\">\n<div class=\"flex flex-col text-sm dark:bg-gray-800\">\n<div class=\"group w-full text-token-text-primary border-b border-black\/10 dark:border-gray-900\/50 bg-gray-50 dark:bg-[#444654]\" data-testid=\"conversation-turn-2\">\n<div class=\"p-4 justify-center text-base md:gap-6 md:py-6 m-auto\">\n<div class=\"flex flex-1 gap-4 text-base mx-auto md:gap-6 md:max-w-2xl lg:max-w-[38rem] xl:max-w-3xl }\">\n<div class=\"relative flex w-[calc(100%-50px)] flex-col gap-1 md:gap-3 lg:w-[calc(100%-115px)]\">\n<div class=\"flex flex-grow flex-col gap-3 max-w-full\">\n<div class=\"min-h-[20px] flex flex-col items-start gap-3 overflow-x-auto whitespace-pre-wrap break-words\">\n<div class=\"markdown prose w-full break-words dark:prose-invert dark\">\n<p><strong>Ausges\u00e4te Hochzeitseinladung - Douceur Nature<\/strong><\/p>\n<p><strong>Au\u00dfergew\u00f6hnliche Eigenschaften<\/strong> :<\/p>\n<p><strong>Hochwertiges geimpftes Papier<\/strong> : Hergestellt aus hochwertigem Papier, ist jede Einladungskarte mit Intarsien aus Wildblumensamen versehen.<\/p>\n<p>Nach der Veranstaltung k\u00f6nnen Ihre G\u00e4ste die Einladungskarte einpflanzen und eine sch\u00f6ne Vielfalt an Blumen erbl\u00fchen sehen, wodurch eine lebendige Metapher f\u00fcr Ihre wachsende Liebe geschaffen wird.<\/p>\n<p><strong>Schlankes, elegantes Design<\/strong>\u00a0: Die sanfte und nat\u00fcrliche \u00c4sthetik der Einladungskarte \"Douceur Nature\" erinnert an die Reinheit Ihrer Verlobung. Beruhigende Farbnuancen, zarte Muster und eine raffinierte Typografie verleihen Ihrer Hochzeitsanzeige einen Hauch von Raffinesse.<\/p>\n<p><strong>Nach Belieben anpassbar<\/strong> : Jedes Paar ist einzigartig. Gestalten Sie Ihre Einladungskarte mit Ihren Namen, dem Hochzeitsdatum und einer besonderen Nachricht f\u00fcr Ihre Lieben individuell und machen Sie sie zu einer Einladung, die Ihre Liebesgeschichte widerspiegelt.<\/p>\n<p><strong>Umweltbewusst<\/strong> : Wenn Sie sich f\u00fcr die Einladungskarte \"Douceur Nature\" entscheiden, reduzieren Sie Ihre Umweltbelastung. Einmal gepflanzt, zersetzt sich das ausges\u00e4te Papier auf nat\u00fcrliche Weise und macht Platz f\u00fcr eine sch\u00f6ne Bl\u00fcte.<\/p>\n<p><strong>Eine lebendige Erinnerung<\/strong> : Ihre G\u00e4ste werden sich jedes Mal an Ihre Hochzeit erinnern, wenn sie die Blumen wachsen sehen, die das st\u00e4ndige Wachstum Ihrer Liebe und Ihres Engagements bezeugen.<\/p>\n<p>Feiern Sie die Liebe und schonen Sie gleichzeitig unseren Planeten. W\u00e4hlen Sie die Hochzeitseinladung \"Douceur Nature\" aus ges\u00e4tem Papier und teilen Sie einen einzigartigen und bedeutungsvollen Moment mit Ihren Lieben.<\/p>\n<p><strong>Bestellen Sie Ihren noch heute und beginnen Sie, die Samen Ihrer ewigen Liebe zu s\u00e4en.<br \/>\n<\/strong><\/p>\n<p><strong>Ausges\u00e4te Hochzeitseinladung - Douceur Nature<\/strong><\/p>\n<\/div>\n<\/div>\n<\/div>\n<\/div>\n<\/div>\n<\/div>\n<\/div>\n<\/div>\n<\/div>\n<\/div>\n<\/div>","protected":false},"excerpt":{"rendered":"<p><strong>Ausges\u00e4te Hochzeitseinladung - Douceur Nature<\/strong><\/p>\n<p>Sind Sie auf der Suche nach einer M\u00f6glichkeit, Ihre Verbindung auf eine Weise zu feiern, die sowohl sch\u00f6n ist als auch Ihr Engagement f\u00fcr unseren sch\u00f6nen Planeten widerspiegelt?<\/p>\n<p>Unsere Hochzeitseinladung \"Douceur Nature\" aus ges\u00e4tem Papier verk\u00f6rpert perfekt dieses Gleichgewicht zwischen Eleganz und Nachhaltigkeit.<\/p>\n<p>Mit Liebe f\u00fcr Naturliebhaber geschaffen, l\u00e4sst diese Einladungskarte unvergessliche Erinnerungen keimen, w\u00e4hrend Sie gleichzeitig unsere wertvolle Umwelt sch\u00fctzen.<\/p>\n<p><b>dimensionen : <\/b>13,5 x 13,5 cm<br \/>\n<b>Papier<\/b>\u00a0Parsemains : \u00d6ko-recycelt, handgefertigt, ca. 250g\/m\u00b2.<br \/>\n<b>Samen<\/b> : Bio-Wildblumenmischung oder Bio-Kr\u00e4uter (zur Auswahl)<\/p>\n<p><strong>Ausges\u00e4te Hochzeitseinladung - Douceur Nature<\/strong><\/p>","protected":false},"featured_media":41763,"comment_status":"open","ping_status":"closed","template":"","meta":[],"product_brand":[],"product_cat":[180],"product_tag":[],"class_list":{"0":"post-29989","1":"product","2":"type-product","3":"status-publish","4":"has-post-thumbnail","6":"product_cat-faire-part-mariage-ensemence-ecologique","8":"first","9":"instock","10":"shipping-taxable","11":"purchasable","12":"product-type-variable"},"_links":{"self":[{"href":"https:\/\/www.parsemains.com\/de\/wp-json\/wp\/v2\/product\/29989","targetHints":{"allow":["GET"]}}],"collection":[{"href":"https:\/\/www.parsemains.com\/de\/wp-json\/wp\/v2\/product"}],"about":[{"href":"https:\/\/www.parsemains.com\/de\/wp-json\/wp\/v2\/types\/product"}],"replies":[{"embeddable":true,"href":"https:\/\/www.parsemains.com\/de\/wp-json\/wp\/v2\/comments?post=29989"}],"wp:featuredmedia":[{"embeddable":true,"href":"https:\/\/www.parsemains.com\/de\/wp-json\/wp\/v2\/media\/41763"}],"wp:attachment":[{"href":"https:\/\/www.parsemains.com\/de\/wp-json\/wp\/v2\/media?parent=29989"}],"wp:term":[{"taxonomy":"product_brand","embeddable":true,"href":"https:\/\/www.parsemains.com\/de\/wp-json\/wp\/v2\/product_brand?post=29989"},{"taxonomy":"product_cat","embeddable":true,"href":"https:\/\/www.parsemains.com\/de\/wp-json\/wp\/v2\/product_cat?post=29989"},{"taxonomy":"product_tag","embeddable":true,"href":"https:\/\/www.parsemains.com\/de\/wp-json\/wp\/v2\/product_tag?post=29989"}],"curies":[{"name":"wp","href":"https:\/\/api.w.org\/{rel}","templated":true}]}}