{"id":29781,"date":"2023-09-21T12:43:23","date_gmt":"2023-09-21T10:43:23","guid":{"rendered":"https:\/\/www.parsemains.com\/?post_type=product&#038;p=29781"},"modified":"2024-08-27T12:57:20","modified_gmt":"2024-08-27T10:57:20","slug":"faire-part-mariage-a-planter-hiver","status":"publish","type":"product","link":"https:\/\/www.parsemains.com\/de\/produkt\/heiratsmappe-segen-winter\/","title":{"rendered":"Hochzeitseinladung zum Einpflanzen - Winter"},"content":{"rendered":"<div class=\"flex-1 overflow-hidden\">\n<div class=\"react-scroll-to-bottom--css-qyzsl-79elbk h-full dark:bg-gray-800\">\n<div class=\"react-scroll-to-bottom--css-qyzsl-1n7m0yu\">\n<div class=\"flex flex-col text-sm dark:bg-gray-800\">\n<div class=\"group w-full text-token-text-primary border-b border-black\/10 dark:border-gray-900\/50 bg-gray-50 dark:bg-[#444654]\" data-testid=\"conversation-turn-2\">\n<div class=\"p-4 justify-center text-base md:gap-6 md:py-6 m-auto\">\n<div class=\"flex flex-1 gap-4 text-base mx-auto md:gap-6 md:max-w-2xl lg:max-w-[38rem] xl:max-w-3xl }\">\n<div class=\"relative flex w-[calc(100%-50px)] flex-col gap-1 md:gap-3 lg:w-[calc(100%-115px)]\">\n<div class=\"flex flex-grow flex-col gap-3 max-w-full\">\n<div class=\"min-h-[20px] flex flex-col items-start gap-3 overflow-x-auto whitespace-pre-wrap break-words\">\n<div class=\"markdown prose w-full break-words dark:prose-invert dark\">\n<p><strong>Hochzeitseinladung zum Einpflanzen - Winter<\/strong><\/p>\n<p><strong>Der Zauber des Winters eingefangen in einem einzigartigen ges\u00e4ten Papier<\/strong><\/p>\n<p>Unsere Einladungskarte \"Winter\" ist viel mehr als nur eine Einladung. Sie ist liebevoll gestaltet und sorgf\u00e4ltig hergestellt aus <strong>geimpftes Papier<\/strong>Das macht es zu einem Souvenir <strong>\u00f6kologisch<\/strong> und <strong>nachhaltig<\/strong> von Ihrem besonderen Tag. Diese <strong>handgesch\u00f6pftes Papier<\/strong> enth\u00e4lt Bio-Wildblumensamen, ein Versprechen des Lebens und der Erneuerung. Einmal gepflanzt, wird er wundersch\u00f6ne Blumen hervorbringen, genau wie Ihre Liebe, die immer weiter w\u00e4chst.<\/p>\n<p><strong>Elegantes und zeitloses Design<\/strong><\/p>\n<p>Unsere Einladungskarte \"Winter\" verk\u00f6rpert den Zauber der Schneezeit. Seine zarte Krone mit Beeren und Schneeflocken in Blaut\u00f6nen erinnert an die reine Sch\u00f6nheit und die beruhigende Atmosph\u00e4re des Winters und schafft so einen unvergesslichen ersten Eindruck.<\/p>\n<p><strong>Personalisierung f\u00fcr Ihren besonderen Tag<\/strong><\/p>\n<p>Jede Hochzeit ist einzigartig. Unsere Hochzeitseinladung \"Winter\" aus ges\u00e4tem Papier ist individuell gestaltbar. Sie k\u00f6nnen Farben, Schriftarten und Details ausw\u00e4hlen, um perfekt zu Ihrem Hochzeitsthema zu passen. F\u00fcgen Sie bei der Bestellung Ihre Namen, das Datum Ihrer Hochzeit und alle wichtigen Details hinzu, damit sich Ihre G\u00e4ste darauf vorbereiten k\u00f6nnen, diesen besonderen Moment mit Ihnen zu teilen.<\/p>\n<p><strong>Eine Einladung, die fortbesteht<\/strong><\/p>\n<p>Wenn Ihre Lieben diese besondere Einladung erhalten, werden sie zusammen mit einer wundersch\u00f6nen Einladungskarte ein echtes Versprechen der Liebe und des Wachstums in den H\u00e4nden halten. Nachdem Sie Ihre Hochzeit gefeiert haben, k\u00f6nnen sie diese Einladungskarte \"Winter\" pflanzen und den Wildblumen beim Wachsen zusehen - eine st\u00e4ndige Erinnerung an Ihre dauerhafte Liebe.<\/p>\n<p><strong>Bestellen Sie noch heute<\/strong><\/p>\n<p>Seien Sie herzlich willkommen zu unserer winterlichen Feier der ewigen Liebe. Bestellen Sie noch heute Ihr<strong> Hochzeitseinladung \"Winter\"<\/strong> aus ges\u00e4tem Papier und machen Sie Ihre Hochzeit zu einem Ereignis, das einen bleibenden Eindruck in den Herzen Ihrer G\u00e4ste hinterlassen wird.<\/p>\n<p>Die Liebe ist wie der Winter, ewig und wundersch\u00f6n. Warum feiern Sie sie nicht und integrieren sie gleichzeitig in die Mitte Ihrer<strong> ges\u00e4te Einladungen<\/strong>Die Verhei\u00dfung der Fr\u00fchlingsblumen?<\/p>\n<p><strong>Hochzeitseinladung zum Einpflanzen - Winter<\/strong><\/p>\n<\/div>\n<\/div>\n<\/div>\n<\/div>\n<\/div>\n<\/div>\n<\/div>\n<\/div>\n<\/div>\n<\/div>\n<\/div>","protected":false},"excerpt":{"rendered":"<p><strong>Hochzeitseinladung zum Einpflanzen - Winter<\/strong><\/p>\n<p>Die Liebe ist eine Jahreszeit, die ewig w\u00e4hrt, genau wie die wertvollen Erinnerungen an eine unvergessliche Hochzeit. Um diese Liebe zu feiern, freuen wir uns, Ihnen unsere <strong>Hochzeitseinladung<\/strong> \"Winter\" in <strong>geimpftes Papier<\/strong>Eine Einladung, die die Sch\u00f6nheit dieser magischen Jahreszeit verk\u00f6rpert.<\/p>\n<p><b>dimensionen : <\/b>9,5 x 20 cm<br \/>\n<b>Papier<\/b>\u00a0Parsemains : \u00d6ko-recycelt, handgefertigt, ca. 250g\/m\u00b2.<br \/>\n<b>Samen<\/b> : Bio-Wildblumenmischung oder Bio-Kr\u00e4uter (zur Auswahl)<\/p>\n<p><strong>Hochzeitseinladung zum Einpflanzen - Winter<\/strong><\/p>\n<p><img decoding=\"async\" class=\"alignnone size-medium wp-image-13406\" src=\"https:\/\/www.parsemains.com\/wp-content\/uploads\/2023\/04\/footer-payment-method-7-300x27.png\" alt=\"footer-payment-method.png\" width=\"300\" height=\"27\" srcset=\"https:\/\/www.parsemains.com\/wp-content\/uploads\/2023\/04\/footer-payment-method-7-300x27.png 300w, https:\/\/www.parsemains.com\/wp-content\/uploads\/2023\/04\/footer-payment-method-7.png 358w\" sizes=\"(max-width: 300px) 100vw, 300px\" \/><\/p>","protected":false},"featured_media":42325,"comment_status":"open","ping_status":"closed","template":"","meta":[],"product_brand":[],"product_cat":[180],"product_tag":[],"class_list":{"0":"post-29781","1":"product","2":"type-product","3":"status-publish","4":"has-post-thumbnail","6":"product_cat-faire-part-mariage-ensemence-ecologique","8":"first","9":"instock","10":"shipping-taxable","11":"purchasable","12":"product-type-variable"},"_links":{"self":[{"href":"https:\/\/www.parsemains.com\/de\/wp-json\/wp\/v2\/product\/29781","targetHints":{"allow":["GET"]}}],"collection":[{"href":"https:\/\/www.parsemains.com\/de\/wp-json\/wp\/v2\/product"}],"about":[{"href":"https:\/\/www.parsemains.com\/de\/wp-json\/wp\/v2\/types\/product"}],"replies":[{"embeddable":true,"href":"https:\/\/www.parsemains.com\/de\/wp-json\/wp\/v2\/comments?post=29781"}],"wp:featuredmedia":[{"embeddable":true,"href":"https:\/\/www.parsemains.com\/de\/wp-json\/wp\/v2\/media\/42325"}],"wp:attachment":[{"href":"https:\/\/www.parsemains.com\/de\/wp-json\/wp\/v2\/media?parent=29781"}],"wp:term":[{"taxonomy":"product_brand","embeddable":true,"href":"https:\/\/www.parsemains.com\/de\/wp-json\/wp\/v2\/product_brand?post=29781"},{"taxonomy":"product_cat","embeddable":true,"href":"https:\/\/www.parsemains.com\/de\/wp-json\/wp\/v2\/product_cat?post=29781"},{"taxonomy":"product_tag","embeddable":true,"href":"https:\/\/www.parsemains.com\/de\/wp-json\/wp\/v2\/product_tag?post=29781"}],"curies":[{"name":"wp","href":"https:\/\/api.w.org\/{rel}","templated":true}]}}