{"id":29574,"date":"2023-09-21T12:11:42","date_gmt":"2023-09-21T10:11:42","guid":{"rendered":"https:\/\/www.parsemains.com\/?post_type=product&#038;p=29574"},"modified":"2024-08-27T13:00:40","modified_gmt":"2024-08-27T11:00:40","slug":"faire-part-de-mariage-a-planter-automne","status":"publish","type":"product","link":"https:\/\/www.parsemains.com\/de\/produkt\/faire-part-mariage-semence-herbst\/","title":{"rendered":"Pflanzliche Hochzeitseinladung - Herbst"},"content":{"rendered":"<div class=\"flex-1 overflow-hidden\">\n<div class=\"react-scroll-to-bottom--css-qyzsl-79elbk h-full dark:bg-gray-800\">\n<div class=\"react-scroll-to-bottom--css-qyzsl-1n7m0yu\">\n<div class=\"flex flex-col text-sm dark:bg-gray-800\">\n<div class=\"group w-full text-token-text-primary border-b border-black\/10 dark:border-gray-900\/50 bg-gray-50 dark:bg-[#444654]\" data-testid=\"conversation-turn-2\">\n<div class=\"p-4 justify-center text-base md:gap-6 md:py-6 m-auto\">\n<div class=\"flex flex-1 gap-4 text-base mx-auto md:gap-6 md:max-w-2xl lg:max-w-[38rem] xl:max-w-3xl }\">\n<div class=\"relative flex w-[calc(100%-50px)] flex-col gap-1 md:gap-3 lg:w-[calc(100%-115px)]\">\n<div class=\"flex flex-grow flex-col gap-3 max-w-full\">\n<div class=\"min-h-[20px] flex flex-col items-start gap-3 overflow-x-auto whitespace-pre-wrap break-words\">\n<div class=\"markdown prose w-full break-words dark:prose-invert dark\">\n<p><strong>Pflanzliche Hochzeitseinladung - Herbst<\/strong><\/p>\n<p><strong>Merkmale<\/strong>\u00a0:<\/p>\n<p><strong>Hochwertiges geimpftes Papier<\/strong> : Unsere Einladungskarte wird aus erstklassigem, ges\u00e4tem Papier hergestellt. Nachdem Ihre G\u00e4ste die Ank\u00fcndigung Ihrer Hochzeit geteilt haben, k\u00f6nnen sie die Einladungskarte einpflanzen, und sie wird sich in wundersch\u00f6ne Wildblumen verwandeln. Eine umweltfreundliche Geste, die das Wachstum Ihrer Liebe symbolisiert.<\/p>\n<p><strong>Elegantes \"Herbst\"-Design<\/strong> : Die \u00c4sthetik unserer Einladungskarte \"Herbst\" f\u00e4ngt den Zauber der Jahreszeiten mit satten und warmen Farbt\u00f6nen ein. Die zarten Details erinnern an die Sch\u00f6nheit der Natur im Herbst und schaffen eine romantische und bezaubernde Atmosph\u00e4re.<\/p>\n<p><strong>Individuell anpassbar<\/strong> : Jede Einladungskarte kann individuell gestaltet werden, um Ihrem einzigartigen Hochzeitsstil zu entsprechen. W\u00e4hlen Sie die Schriftart, die Tintenfarbe und die Details, um ein Design zu erstellen, das genau Ihren Vorstellungen entspricht.<\/p>\n<p><strong>Umweltbewusst<\/strong> : Wenn Sie sich f\u00fcr unsere Einladungskarte aus ges\u00e4tem Papier entscheiden, zeigen Sie Ihr Engagement f\u00fcr eine nachhaltige Zukunft und feiern gleichzeitig den Beginn Ihrer Verbindung.<\/p>\n<p><strong>Ein Symbol f\u00fcr Liebe und Erneuerung<\/strong> :<\/p>\n<p>Der Herbst ist die Jahreszeit der Erneuerung, in der die Bl\u00e4tter fallen, um den Boden f\u00fcr neues Wachstum zu bereiten. Ebenso markiert Ihre Hochzeit den Beginn eines neuen Kapitels in Ihrem gemeinsamen Leben. Unsere Einladungskarte \"Herbst\" aus ges\u00e4tem Papier f\u00e4ngt diese Symbolik auf au\u00dfergew\u00f6hnliche Weise ein.<\/p>\n<p><strong>Anleitung f\u00fcr G\u00e4ste<\/strong> :<\/p>\n<p>Wenn Ihre G\u00e4ste diese Einladungskarte erhalten, werden sie die besondere \u00dcberraschung entdecken, die darin enthalten ist. Nachdem sie Ihre s\u00fc\u00dfen Worte gelesen haben, k\u00f6nnen sie die Einladungskarte in ihren Garten oder in einen Blumentopf pflanzen. Mit ein wenig Pflege und Aufmerksamkeit wird sie sich in einen sch\u00f6nen Wildblumengarten verwandeln, der an Ihren Hochzeitstag erinnert.<\/p>\n<p><strong>Bestellen Sie noch heute, um Ihre Hochzeit zu einem unvergesslichen und umweltfreundlichen Ereignis zu machen.<\/strong><\/p>\n<p>Unsere Hochzeitseinladung \"Herbst\" zum Bepflanzen ist die perfekte Ank\u00fcndigung f\u00fcr eine Liebe, die bl\u00fcht und gedeiht, genau wie die Natur im Herbst.<\/p>\n<p><strong>Pflanzliche Hochzeitseinladung - Herbst<\/strong><\/p>\n<\/div>\n<\/div>\n<\/div>\n<\/div>\n<\/div>\n<\/div>\n<\/div>\n<\/div>\n<\/div>\n<\/div>\n<\/div>","protected":false},"excerpt":{"rendered":"<p><strong>Pflanzliche Hochzeitseinladung - Herbst<\/strong><\/p>\n<p>Halten Sie die Essenz Ihrer Liebe in einer umweltbewussten Geste voller Symbolik fest - mit unserer Hochzeitseinladung \"Herbst\" aus ges\u00e4tem Papier. Sorgf\u00e4ltig kreiert, um die W\u00e4rme und Sch\u00f6nheit der Jahreszeit, in der sich die Natur mit Gold schm\u00fcckt, heraufzubeschw\u00f6ren, wird diese einzigartige Einladung den Beginn Ihrer Reise zu einer unvergesslichen Hochzeit markieren.<\/p>\n<p><b>dimensionen : <\/b>13,5 x 13,5 cm<br \/>\n<b>Papier<\/b>\u00a0Parsemains : \u00d6ko-recycelt, handgefertigt, ca. 250g\/m\u00b2.<br \/>\n<b>Samen<\/b> : Bio-Wildblumenmischung oder Bio-Kr\u00e4uter (zur Auswahl)<\/p>\n<p><strong>Pflanzliche Hochzeitseinladung - Herbst<\/strong><\/p>\n<p><img decoding=\"async\" class=\"alignnone size-medium wp-image-13406\" src=\"https:\/\/www.parsemains.com\/wp-content\/uploads\/2023\/04\/footer-payment-method-7-300x27.png\" alt=\"footer-payment-method.png\" width=\"300\" height=\"27\" srcset=\"https:\/\/www.parsemains.com\/wp-content\/uploads\/2023\/04\/footer-payment-method-7-300x27.png 300w, https:\/\/www.parsemains.com\/wp-content\/uploads\/2023\/04\/footer-payment-method-7.png 358w\" sizes=\"(max-width: 300px) 100vw, 300px\" \/><\/p>","protected":false},"featured_media":41767,"comment_status":"open","ping_status":"closed","template":"","meta":[],"product_brand":[],"product_cat":[180],"product_tag":[],"class_list":{"0":"post-29574","1":"product","2":"type-product","3":"status-publish","4":"has-post-thumbnail","6":"product_cat-faire-part-mariage-ensemence-ecologique","8":"first","9":"instock","10":"shipping-taxable","11":"purchasable","12":"product-type-variable"},"_links":{"self":[{"href":"https:\/\/www.parsemains.com\/de\/wp-json\/wp\/v2\/product\/29574","targetHints":{"allow":["GET"]}}],"collection":[{"href":"https:\/\/www.parsemains.com\/de\/wp-json\/wp\/v2\/product"}],"about":[{"href":"https:\/\/www.parsemains.com\/de\/wp-json\/wp\/v2\/types\/product"}],"replies":[{"embeddable":true,"href":"https:\/\/www.parsemains.com\/de\/wp-json\/wp\/v2\/comments?post=29574"}],"wp:featuredmedia":[{"embeddable":true,"href":"https:\/\/www.parsemains.com\/de\/wp-json\/wp\/v2\/media\/41767"}],"wp:attachment":[{"href":"https:\/\/www.parsemains.com\/de\/wp-json\/wp\/v2\/media?parent=29574"}],"wp:term":[{"taxonomy":"product_brand","embeddable":true,"href":"https:\/\/www.parsemains.com\/de\/wp-json\/wp\/v2\/product_brand?post=29574"},{"taxonomy":"product_cat","embeddable":true,"href":"https:\/\/www.parsemains.com\/de\/wp-json\/wp\/v2\/product_cat?post=29574"},{"taxonomy":"product_tag","embeddable":true,"href":"https:\/\/www.parsemains.com\/de\/wp-json\/wp\/v2\/product_tag?post=29574"}],"curies":[{"name":"wp","href":"https:\/\/api.w.org\/{rel}","templated":true}]}}