{"id":29367,"date":"2023-09-20T19:21:46","date_gmt":"2023-09-20T17:21:46","guid":{"rendered":"https:\/\/www.parsemains.com\/?post_type=product&#038;p=29367"},"modified":"2024-08-27T13:06:03","modified_gmt":"2024-08-27T11:06:03","slug":"faire-part-ensemence-mariage-ete","status":"publish","type":"product","link":"https:\/\/www.parsemains.com\/de\/produkt\/faire-part-marriage-semence-ete\/","title":{"rendered":"Ausges\u00e4te Hochzeitseinladung - Sommer"},"content":{"rendered":"<div class=\"flex-1 overflow-hidden\">\n<div class=\"react-scroll-to-bottom--css-qyzsl-79elbk h-full dark:bg-gray-800\">\n<div class=\"react-scroll-to-bottom--css-qyzsl-1n7m0yu\">\n<div class=\"flex flex-col text-sm dark:bg-gray-800\">\n<div class=\"group w-full text-token-text-primary border-b border-black\/10 dark:border-gray-900\/50 bg-gray-50 dark:bg-[#444654]\" data-testid=\"conversation-turn-2\">\n<div class=\"p-4 justify-center text-base md:gap-6 md:py-6 m-auto\">\n<div class=\"flex flex-1 gap-4 text-base mx-auto md:gap-6 md:max-w-2xl lg:max-w-[38rem] xl:max-w-3xl }\">\n<div class=\"relative flex w-[calc(100%-50px)] flex-col gap-1 md:gap-3 lg:w-[calc(100%-115px)]\">\n<div class=\"flex flex-grow flex-col gap-3 max-w-full\">\n<div class=\"min-h-[20px] flex flex-col items-start gap-3 overflow-x-auto whitespace-pre-wrap break-words\">\n<div class=\"markdown prose w-full break-words dark:prose-invert dark\">\n<p><strong>Ausges\u00e4te Hochzeitseinladung - Sommer<\/strong><\/p>\n<p><strong>Au\u00dfergew\u00f6hnliche Eigenschaften<\/strong> :<\/p>\n<p><strong>\ud83c\udf31 Umweltfreundlich<\/strong> Unsere Einladungskarte \"Sommer\" ist aus hochwertigem, ges\u00e4tem Papier hergestellt. Das bedeutet, dass Ihre Lieben, nachdem sie Ihr Gl\u00fcck mit Ihnen geteilt haben, dieses wertvolle Erinnerungsst\u00fcck einpflanzen k\u00f6nnen, um wundersch\u00f6ne Wildblumen wachsen zu sehen. Eine symbolische und nachhaltige Art, Ihre Liebe zu feiern.<\/p>\n<p><strong>\u2600\ufe0f Sommerthema<\/strong> : Das Design unserer Einladungskarte \"Sommer\" f\u00e4ngt den Zauber der Sommerzeit mit leuchtenden Farben und von der Natur inspirierten Mustern ein. Jedes Element erinnert an die W\u00e4rme der Sonne, die sanfte Sommerbrise und das Versprechen einer Liebe, die sich wie ein sch\u00f6ner Sonnentag entfalten wird.<\/p>\n<p><strong>\ud83d\udc91 Individuell anpassbar<\/strong>e: Wir verstehen, dass jede Hochzeit einzigartig ist. Deshalb bieten wir Ihnen die M\u00f6glichkeit, Ihre Einladungskarte \"Sommer\" mit Ihren Namen, dem Datum Ihrer Hochzeit und sogar einer besonderen Nachricht, die Ihren Stil und Ihre Liebesgeschichte widerspiegelt, zu personalisieren.<\/p>\n<p><strong>\ud83d\udc8c Denkw\u00fcrdige Einladung<\/strong> : Wenn Ihre G\u00e4ste diese Einladungskarte aus ges\u00e4tem Papier erhalten, werden sie von ihrer Originalit\u00e4t und ihrer Bedeutung ber\u00fchrt sein. Es ist eine Einladung, die nicht in einer Schublade landet, sondern w\u00e4chst und bl\u00fcht und alle an die Sch\u00f6nheiten Ihrer Verbindung erinnert.<\/p>\n<p><strong>\ud83c\udf3f Umweltverantwortung<\/strong> : Wenn Sie sich f\u00fcr unsere Einladungskarte \"Sommer\" entscheiden, leisten Sie einen aktiven Beitrag zum Erhalt unseres Planeten. Jede Geste z\u00e4hlt, und jede Einladung aus ges\u00e4tem Papier ist ein weiterer Schritt in Richtung einer gr\u00fcneren und nachhaltigeren Welt.<\/p>\n<p>Geben Sie Ihren G\u00e4sten einen Vorgeschmack auf die Pracht Ihrer Hochzeit und k\u00fcmmern Sie sich gleichzeitig um die Erde mit unserer Einladungskarte \"Sommer\". Sie ist viel mehr als nur eine Einladung, sie ist ein Symbol f\u00fcr Ihr Engagement f\u00fcr eine nachhaltige und strahlende Zukunft.<\/p>\n<p>Bestellen Sie noch heute Ihre Einladungskarte \"Sommer\" und beginnen Sie damit, die Samen der Liebe und Best\u00e4ndigkeit f\u00fcr ein Leben zu zweit zu s\u00e4en, das ewig bl\u00fchen wird.<\/p>\n<p><strong>Ausges\u00e4te Hochzeitseinladung - Sommer<\/strong><\/p>\n<\/div>\n<\/div>\n<\/div>\n<\/div>\n<\/div>\n<\/div>\n<\/div>\n<\/div>\n<\/div>\n<\/div>\n<\/div>","protected":false},"excerpt":{"rendered":"<p><strong>Ausges\u00e4te Hochzeitseinladung - Sommer<\/strong><\/p>\n<p>Schaffen Sie unvergessliche Erinnerungen an Ihre Hochzeit und sch\u00fctzen Sie gleichzeitig die Natur mit unserer liebevoll gestalteten Einladungskarte im sonnigen Design \"Sommer\", die aus franz\u00f6sischem Saatpapier 100% hergestellt wurde.<\/p>\n<p>Mehr als nur eine Einladung; es ist der perfekte Beginn Ihrer Reise in eine Zukunft voller Liebe und Respekt f\u00fcr die Umwelt.<\/p>\n<p><b>dimensionen : <\/b>13,5 x 13,5 cm<br \/>\n<b>Papier<\/b>\u00a0Parsemains : \u00d6ko-recycelt, handgefertigt, ca. 250g\/m\u00b2.<br \/>\n<b>Samen<\/b> : Bio-Wildblumenmischung oder Bio-Kr\u00e4uter (zur Auswahl)<\/p>\n<p><strong>Ausges\u00e4te Hochzeitseinladung - Sommer<\/strong><\/p>\n<p><img decoding=\"async\" class=\"alignnone size-medium wp-image-13406\" src=\"https:\/\/www.parsemains.com\/wp-content\/uploads\/2023\/04\/footer-payment-method-7-300x27.png\" alt=\"footer-payment-method.png\" width=\"300\" height=\"27\" srcset=\"https:\/\/www.parsemains.com\/wp-content\/uploads\/2023\/04\/footer-payment-method-7-300x27.png 300w, https:\/\/www.parsemains.com\/wp-content\/uploads\/2023\/04\/footer-payment-method-7.png 358w\" sizes=\"(max-width: 300px) 100vw, 300px\" \/><\/p>","protected":false},"featured_media":42303,"comment_status":"open","ping_status":"closed","template":"","meta":[],"product_brand":[],"product_cat":[180],"product_tag":[],"class_list":{"0":"post-29367","1":"product","2":"type-product","3":"status-publish","4":"has-post-thumbnail","6":"product_cat-faire-part-mariage-ensemence-ecologique","8":"first","9":"instock","10":"shipping-taxable","11":"purchasable","12":"product-type-variable"},"_links":{"self":[{"href":"https:\/\/www.parsemains.com\/de\/wp-json\/wp\/v2\/product\/29367","targetHints":{"allow":["GET"]}}],"collection":[{"href":"https:\/\/www.parsemains.com\/de\/wp-json\/wp\/v2\/product"}],"about":[{"href":"https:\/\/www.parsemains.com\/de\/wp-json\/wp\/v2\/types\/product"}],"replies":[{"embeddable":true,"href":"https:\/\/www.parsemains.com\/de\/wp-json\/wp\/v2\/comments?post=29367"}],"wp:featuredmedia":[{"embeddable":true,"href":"https:\/\/www.parsemains.com\/de\/wp-json\/wp\/v2\/media\/42303"}],"wp:attachment":[{"href":"https:\/\/www.parsemains.com\/de\/wp-json\/wp\/v2\/media?parent=29367"}],"wp:term":[{"taxonomy":"product_brand","embeddable":true,"href":"https:\/\/www.parsemains.com\/de\/wp-json\/wp\/v2\/product_brand?post=29367"},{"taxonomy":"product_cat","embeddable":true,"href":"https:\/\/www.parsemains.com\/de\/wp-json\/wp\/v2\/product_cat?post=29367"},{"taxonomy":"product_tag","embeddable":true,"href":"https:\/\/www.parsemains.com\/de\/wp-json\/wp\/v2\/product_tag?post=29367"}],"curies":[{"name":"wp","href":"https:\/\/api.w.org\/{rel}","templated":true}]}}