{"id":28980,"date":"2023-09-20T18:51:48","date_gmt":"2023-09-20T16:51:48","guid":{"rendered":"https:\/\/www.parsemains.com\/?post_type=product&#038;p=28980"},"modified":"2024-08-27T13:11:06","modified_gmt":"2024-08-27T11:11:06","slug":"faire-part-a-planter-mariage-printemps","status":"publish","type":"product","link":"https:\/\/www.parsemains.com\/de\/produkt\/home-making-wedding-seed-spring\/","title":{"rendered":"Pflanzliche Einladungen Hochzeit - Fr\u00fchling"},"content":{"rendered":"<div class=\"flex-1 overflow-hidden\">\n<div class=\"react-scroll-to-bottom--css-qyzsl-79elbk h-full dark:bg-gray-800\">\n<div class=\"react-scroll-to-bottom--css-qyzsl-1n7m0yu\">\n<div class=\"flex flex-col text-sm dark:bg-gray-800\">\n<div class=\"group w-full text-token-text-primary border-b border-black\/10 dark:border-gray-900\/50 bg-gray-50 dark:bg-[#444654]\" data-testid=\"conversation-turn-2\">\n<div class=\"p-4 justify-center text-base md:gap-6 md:py-6 m-auto\">\n<div class=\"flex flex-1 gap-4 text-base mx-auto md:gap-6 md:max-w-2xl lg:max-w-[38rem] xl:max-w-3xl }\">\n<div class=\"relative flex w-[calc(100%-50px)] flex-col gap-1 md:gap-3 lg:w-[calc(100%-115px)]\">\n<div class=\"flex flex-grow flex-col gap-3 max-w-full\">\n<div class=\"min-h-[20px] flex flex-col items-start gap-3 overflow-x-auto whitespace-pre-wrap break-words\">\n<div class=\"markdown prose w-full break-words dark:prose-invert dark\">\n<p><strong>Pflanzliche Einladungen Hochzeit - Fr\u00fchling<\/strong><\/p>\n<p><strong>Eigenschaften der Pflanzeinladung \"Fr\u00fchling\" :<\/strong><\/p>\n<p><strong>\u00d6kologisch und nachhaltig\u00a0<\/strong>Unsere Einladungskarte wird aus unserem hochwertigen, handgesch\u00f6pften Saatpapier hergestellt, was bedeutet, dass sie nach dem Lesen gepflanzt werden kann, um wundersch\u00f6ne Wildblumen hervorzubringen. Eine Einladung, die sich symbolisch in ein Geschenk f\u00fcr den Planeten verwandelt.<\/p>\n<p><strong>Elegantes Design\u00a0<\/strong>: Die zarte und frische \u00c4sthetik der Einladungskarte \"Fr\u00fchling\" ist perfekt f\u00fcr Fr\u00fchlingshochzeiten und f\u00fcr jede Hochzeit mit l\u00e4ndlichem, \u00d6ko-Chic- oder Boho-Thema. Mit ihrem subtilen Blumendesign und den Pastellt\u00f6nen erinnert sie an die Frische und Reinheit der Liebe.<\/p>\n<p><strong>Individuell anpassbar\u00a0<\/strong>: Jede Hochzeit ist einzigartig, und unsere ges\u00e4te Einladungskarte kann individuell gestaltet werden, um Ihren pers\u00f6nlichen Stil widerzuspiegeln. \u00c4ndern Sie Ihren Text, w\u00e4hlen Sie die Schriftart, die Tintenfarbe - Sie k\u00f6nnen zum Beispiel auch ein besonderes Zitat hinzuf\u00fcgen.<\/p>\n<p><strong>Eine Einladung zur Entfaltung\u00a0<\/strong>Die Samen keimen und bl\u00fchen in einer sch\u00f6nen Manifestation des Lebens, die sowohl Ihre Verbindung als auch Ihr Engagement f\u00fcr eine nachhaltige Zukunft symbolisiert.<\/p>\n<p>Die Einladungskarte \"Fr\u00fchling\" ist nicht nur eine Einladung, die Ihre G\u00e4ste k\u00f6stlich \u00fcberraschen wird, sondern auch ein Symbol f\u00fcr die Liebe, die Sie miteinander teilen. Machen Sie Ihre Hochzeit zu einem unvergesslichen Ereignis f\u00fcr Sie und die Natur, indem Sie unsere Einladungskarte \"Fr\u00fchling\" w\u00e4hlen. Vereint in der Liebe, vereint im Respekt f\u00fcr unsere sch\u00f6ne Erde. Bestellen Sie Ihre noch heute und beginnen Sie damit, die Samen der Liebe und einer Zukunft voller Blumen zu s\u00e4en.<\/p>\n<p><strong>Pflanzliche Einladungen Hochzeit - Fr\u00fchling<\/strong><\/p>\n<\/div>\n<\/div>\n<\/div>\n<\/div>\n<\/div>\n<\/div>\n<\/div>\n<\/div>\n<\/div>\n<\/div>\n<\/div>","protected":false},"excerpt":{"rendered":"<p><strong>Pflanzliche Einladungen Hochzeit - Fr\u00fchling<\/strong><\/p>\n<p>Entdecken Sie unsere Hochzeitseinladung \"Fr\u00fchling\", eine elegante und zugleich umweltfreundliche Einladung, die liebevoll gestaltet und aus mit Bio-Wildblumen ausges\u00e4tem Papier hergestellt wurde.<\/p>\n<p>Diese Einladung verk\u00f6rpert die Sch\u00f6nheit der Natur und das Versprechen der Erneuerung und l\u00e4dt Ihre Lieben dazu ein, die Liebe, die Sie teilen, zu feiern.<\/p>\n<p><b>dimensionen : <\/b>13,5 x 13,5 cm<br \/>\n<b>Papier<\/b>\u00a0Parsemains : \u00d6ko-recycelt, handgefertigt, ca. 250g\/m\u00b2.<br \/>\n<b>Samen<\/b> : Bio-Wildblumenmischung oder Bio-Kr\u00e4uter (zur Auswahl)<\/p>\n<p><strong>Pflanzliche Einladungen Hochzeit - Fr\u00fchling<\/strong><\/p>\n<p><img decoding=\"async\" class=\"alignnone size-medium wp-image-13406\" src=\"https:\/\/www.parsemains.com\/wp-content\/uploads\/2023\/04\/footer-payment-method-7-300x27.png\" alt=\"footer-payment-method.png\" width=\"300\" height=\"27\" srcset=\"https:\/\/www.parsemains.com\/wp-content\/uploads\/2023\/04\/footer-payment-method-7-300x27.png 300w, https:\/\/www.parsemains.com\/wp-content\/uploads\/2023\/04\/footer-payment-method-7.png 358w\" sizes=\"(max-width: 300px) 100vw, 300px\" \/><\/p>","protected":false},"featured_media":41433,"comment_status":"open","ping_status":"closed","template":"","meta":[],"product_brand":[],"product_cat":[180],"product_tag":[],"class_list":{"0":"post-28980","1":"product","2":"type-product","3":"status-publish","4":"has-post-thumbnail","6":"product_cat-faire-part-mariage-ensemence-ecologique","8":"first","9":"instock","10":"shipping-taxable","11":"purchasable","12":"product-type-variable"},"_links":{"self":[{"href":"https:\/\/www.parsemains.com\/de\/wp-json\/wp\/v2\/product\/28980","targetHints":{"allow":["GET"]}}],"collection":[{"href":"https:\/\/www.parsemains.com\/de\/wp-json\/wp\/v2\/product"}],"about":[{"href":"https:\/\/www.parsemains.com\/de\/wp-json\/wp\/v2\/types\/product"}],"replies":[{"embeddable":true,"href":"https:\/\/www.parsemains.com\/de\/wp-json\/wp\/v2\/comments?post=28980"}],"wp:featuredmedia":[{"embeddable":true,"href":"https:\/\/www.parsemains.com\/de\/wp-json\/wp\/v2\/media\/41433"}],"wp:attachment":[{"href":"https:\/\/www.parsemains.com\/de\/wp-json\/wp\/v2\/media?parent=28980"}],"wp:term":[{"taxonomy":"product_brand","embeddable":true,"href":"https:\/\/www.parsemains.com\/de\/wp-json\/wp\/v2\/product_brand?post=28980"},{"taxonomy":"product_cat","embeddable":true,"href":"https:\/\/www.parsemains.com\/de\/wp-json\/wp\/v2\/product_cat?post=28980"},{"taxonomy":"product_tag","embeddable":true,"href":"https:\/\/www.parsemains.com\/de\/wp-json\/wp\/v2\/product_tag?post=28980"}],"curies":[{"name":"wp","href":"https:\/\/api.w.org\/{rel}","templated":true}]}}