{"id":28749,"date":"2023-09-20T18:42:36","date_gmt":"2023-09-20T16:42:36","guid":{"rendered":"https:\/\/www.parsemains.com\/?post_type=product&#038;p=28749"},"modified":"2024-08-27T13:15:13","modified_gmt":"2024-08-27T11:15:13","slug":"faire-part-mariage-ensemence-moderne","status":"publish","type":"product","link":"https:\/\/www.parsemains.com\/de\/produkt\/faire-part-marriage-ensemence-touche-modern\/","title":{"rendered":"Ausges\u00e4te Hochzeitseinladung - Touche Moderne"},"content":{"rendered":"<div class=\"flex-1 overflow-hidden\">\n<div class=\"react-scroll-to-bottom--css-qyzsl-79elbk h-full dark:bg-gray-800\">\n<div class=\"react-scroll-to-bottom--css-qyzsl-1n7m0yu\">\n<div class=\"flex flex-col text-sm dark:bg-gray-800\">\n<div class=\"group w-full text-token-text-primary border-b border-black\/10 dark:border-gray-900\/50 bg-gray-50 dark:bg-[#444654]\" data-testid=\"conversation-turn-2\">\n<div class=\"p-4 justify-center text-base md:gap-6 md:py-6 m-auto\">\n<div class=\"flex flex-1 gap-4 text-base mx-auto md:gap-6 md:max-w-2xl lg:max-w-[38rem] xl:max-w-3xl }\">\n<div class=\"relative flex w-[calc(100%-50px)] flex-col gap-1 md:gap-3 lg:w-[calc(100%-115px)]\">\n<div class=\"flex flex-grow flex-col gap-3 max-w-full\">\n<div class=\"min-h-[20px] flex flex-col items-start gap-3 overflow-x-auto whitespace-pre-wrap break-words\">\n<div class=\"markdown prose w-full break-words dark:prose-invert dark\">\n<p><strong>Ausges\u00e4te Hochzeitseinladung - Touche Moderne<\/strong><\/p>\n<p><strong>Exquisite Eigenschaften :<\/strong><\/p>\n<p><strong>Modernes Design :<\/strong>\u00a0Die Einladungskarte \"Touche Moderne\" verk\u00f6rpert die Essenz der zeitgen\u00f6ssischen Raffinesse. Ihr schlichtes, minimalistisches Design ist perfekt f\u00fcr Hochzeiten, die sowohl schick als auch trendy sind.<\/p>\n<p><strong>Geimpftes Papier<\/strong> Unser hochwertiges Papier wird aus recycelten Materialien hergestellt und ist 100 % biologisch abbaubar. Nachdem Ihre G\u00e4ste die Ank\u00fcndigung Ihrer Hochzeit geteilt haben, k\u00f6nnen sie die Einladungskarte einpflanzen, um wundersch\u00f6ne Wildblumen wachsen zu sehen und so eine bleibende Erinnerung an Ihre Liebe zu schaffen.<\/p>\n<p><strong>Individuell anpassbar<\/strong> : Gestalten Sie Ihre Einladungskarte mit Ihren Namen, dem Datum Ihrer Hochzeit und anderen relevanten Details individuell, um eine Einladung zu erstellen, die Ihren pers\u00f6nlichen Stil widerspiegelt.<\/p>\n<p><strong>\u00d6kologisch<\/strong> : Wenn Sie unsere Hochzeitseinladung \"Moderner Touch\" aus ges\u00e4tem Papier w\u00e4hlen, zeigen Sie Ihr Engagement f\u00fcr den Umweltschutz und teilen die Nachricht von Ihrer Hochzeit mit Ihren Lieben.<\/p>\n<p><strong>Praktisches Format <\/strong>: Mit den Ma\u00dfen 9,5 cm x 20 cm passt unsere Einladungskarte perfekt in herk\u00f6mmliche Briefumschl\u00e4ge und erleichtert Ihnen so den Versand an Ihre G\u00e4ste.<\/p>\n<p><strong>Ein dauerhaftes Symbol Ihrer Liebe<\/strong> : Jedes Mal, wenn Ihre Lieben die Wildblumen beobachten, die aus dieser Einladungskarte wachsen, werden sie sich an den Beginn Ihrer gemeinsamen Reise und den Beginn eines neuen Lebens voller Versprechungen erinnern.<\/p>\n<p>Feiern Sie Ihre Liebe auf moderne und umweltfreundliche Weise mit unserer Einladungskarte \"Moderner Touch\" aus ges\u00e4tem Papier.<\/p>\n<p><strong>Bestellen Sie Ihren gleich jetzt, schaffen Sie unvergessliche Erinnerungen und tragen Sie gleichzeitig zur Sch\u00f6nheit der Natur bei.<\/strong><\/p>\n<p><strong>Ausges\u00e4te Hochzeitseinladung - Touche Moderne<\/strong><\/p>\n<\/div>\n<\/div>\n<\/div>\n<\/div>\n<\/div>\n<\/div>\n<\/div>\n<\/div>\n<\/div>\n<\/div>\n<\/div>","protected":false},"excerpt":{"rendered":"<p><strong>Ausges\u00e4te Hochzeitseinladung - Touche Moderne<\/strong><\/p>\n<p>M\u00f6chten Sie Ihrer Hochzeit einen Hauch von moderner Eleganz verleihen und gleichzeitig umweltfreundlich sein? Entdecken Sie unsere Hochzeitseinladung \"Moderner Touch\" aus Saatpapier, eine au\u00dfergew\u00f6hnliche Einladung, die entworfen wurde, um Ihre Liebe zu feiern und gleichzeitig unseren kostbaren Planeten zu sch\u00fctzen.<\/p>\n<p><b>dimensionen : <\/b>9,5 x 20 cm<br \/>\n<b>Papier<\/b>\u00a0Parsemains : \u00d6ko-recycelt, handgefertigt in Frankreich, ca. 250g\/m\u00b2.<br \/>\n<b>Samen<\/b> : Bio-Wildblumenmischung oder aromatische Kr\u00e4uter (zur Auswahl)<\/p>\n<p><strong>Ausges\u00e4te Hochzeitseinladung - Touche Moderne<\/strong><\/p>\n<p><img decoding=\"async\" class=\"alignnone size-medium wp-image-13406\" src=\"https:\/\/www.parsemains.com\/wp-content\/uploads\/2023\/04\/footer-payment-method-7-300x27.png\" alt=\"footer-payment-method.png\" width=\"300\" height=\"27\" srcset=\"https:\/\/www.parsemains.com\/wp-content\/uploads\/2023\/04\/footer-payment-method-7-300x27.png 300w, https:\/\/www.parsemains.com\/wp-content\/uploads\/2023\/04\/footer-payment-method-7.png 358w\" sizes=\"(max-width: 300px) 100vw, 300px\" \/><\/p>","protected":false},"featured_media":41748,"comment_status":"open","ping_status":"closed","template":"","meta":[],"product_brand":[],"product_cat":[180,183],"product_tag":[],"class_list":{"0":"post-28749","1":"product","2":"type-product","3":"status-publish","4":"has-post-thumbnail","6":"product_cat-faire-part-mariage-ensemence-ecologique","7":"product_cat-touche-moderne","9":"first","10":"instock","11":"shipping-taxable","12":"purchasable","13":"product-type-variable"},"_links":{"self":[{"href":"https:\/\/www.parsemains.com\/de\/wp-json\/wp\/v2\/product\/28749","targetHints":{"allow":["GET"]}}],"collection":[{"href":"https:\/\/www.parsemains.com\/de\/wp-json\/wp\/v2\/product"}],"about":[{"href":"https:\/\/www.parsemains.com\/de\/wp-json\/wp\/v2\/types\/product"}],"replies":[{"embeddable":true,"href":"https:\/\/www.parsemains.com\/de\/wp-json\/wp\/v2\/comments?post=28749"}],"wp:featuredmedia":[{"embeddable":true,"href":"https:\/\/www.parsemains.com\/de\/wp-json\/wp\/v2\/media\/41748"}],"wp:attachment":[{"href":"https:\/\/www.parsemains.com\/de\/wp-json\/wp\/v2\/media?parent=28749"}],"wp:term":[{"taxonomy":"product_brand","embeddable":true,"href":"https:\/\/www.parsemains.com\/de\/wp-json\/wp\/v2\/product_brand?post=28749"},{"taxonomy":"product_cat","embeddable":true,"href":"https:\/\/www.parsemains.com\/de\/wp-json\/wp\/v2\/product_cat?post=28749"},{"taxonomy":"product_tag","embeddable":true,"href":"https:\/\/www.parsemains.com\/de\/wp-json\/wp\/v2\/product_tag?post=28749"}],"curies":[{"name":"wp","href":"https:\/\/api.w.org\/{rel}","templated":true}]}}