{"id":28525,"date":"2023-09-12T09:09:02","date_gmt":"2023-09-12T07:09:02","guid":{"rendered":"https:\/\/www.parsemains.com\/?post_type=product&#038;p=28525"},"modified":"2024-08-27T13:18:56","modified_gmt":"2024-08-27T11:18:56","slug":"faire-part-mariage-ensemence-idylle","status":"publish","type":"product","link":"https:\/\/www.parsemains.com\/de\/produkt\/faire-part-marriage-ensemence-divine-idylle\/","title":{"rendered":"Ausges\u00e4te Hochzeitseinladung - Divine Idylle"},"content":{"rendered":"<div class=\"flex-1 overflow-hidden\">\n<div class=\"react-scroll-to-bottom--css-qyzsl-79elbk h-full dark:bg-gray-800\">\n<div class=\"react-scroll-to-bottom--css-qyzsl-1n7m0yu\">\n<div class=\"flex flex-col text-sm dark:bg-gray-800\">\n<div class=\"group w-full text-token-text-primary border-b border-black\/10 dark:border-gray-900\/50 bg-gray-50 dark:bg-[#444654]\" data-testid=\"conversation-turn-2\">\n<div class=\"p-4 justify-center text-base md:gap-6 md:py-6 m-auto\">\n<div class=\"flex flex-1 gap-4 text-base mx-auto md:gap-6 md:max-w-2xl lg:max-w-[38rem] xl:max-w-3xl }\">\n<div class=\"relative flex w-[calc(100%-50px)] flex-col gap-1 md:gap-3 lg:w-[calc(100%-115px)]\">\n<div class=\"flex flex-grow flex-col gap-3 max-w-full\">\n<div class=\"min-h-[20px] flex flex-col items-start gap-3 overflow-x-auto whitespace-pre-wrap break-words\">\n<div class=\"markdown prose w-full break-words dark:prose-invert dark\">\n<p><strong>Ausges\u00e4te Hochzeitseinladung - Divine Idylle<\/strong><\/p>\n<p><strong>Eigenschaften :<\/strong><\/p>\n<p><strong>Nat\u00fcrliche Eleganz<\/strong>\u00a0Die Einladungskarte \"Divine Idylle\" ist ganz zart. Hergestellt aus unserem hochwertigen, handgesch\u00f6pften Saatpapier, vermittelt sie nat\u00fcrliche Eleganz und Umweltbewusstsein. Jede Einladung ist einzigartig und mit zarten Eukalyptusmotiven verziert, die Ihre Liebe zur Natur widerspiegeln.<\/p>\n<p><strong>Eine Erinnerung, die w\u00e4chst<\/strong> Diese besondere Einladung enth\u00e4lt Samen von Bio-Wildblumen, die direkt in das Papier eingearbeitet sind. Nach der Party k\u00f6nnen Ihre G\u00e4ste diese Einladungskarte in ihrem Garten pflanzen und beobachten, wie Ihre gemeinsame Liebe in Form von wundersch\u00f6nen, honigs\u00fc\u00dfen Wildblumen w\u00e4chst und gedeiht.<\/p>\n<p><strong>Individuelle Gestaltung<\/strong>\u00a0: Jedes Detail der Einladungskarte \"Divine Idylle\" ist anpassbar, um Ihren Bed\u00fcrfnissen gerecht zu werden. W\u00e4hlen Sie Ihren Text und Ihre Farben, um eine Einladung zu gestalten, die Ihren Stil und die Atmosph\u00e4re, die Sie f\u00fcr Ihre Hochzeit schaffen m\u00f6chten, perfekt widerspiegelt.<\/p>\n<p><strong>Eine nachhaltige Botschaft<\/strong> : Wenn Sie sich f\u00fcr diese umweltfreundliche Einladung entscheiden, senden Sie eine Botschaft der Nachhaltigkeit und des Respekts f\u00fcr die Natur. Ihre Hochzeit wird eine Feier der Liebe sein, nicht nur zwischen Ihnen beiden, sondern auch f\u00fcr unseren Planeten.<\/p>\n<p><strong>Ein g\u00f6ttliches Idyll steht bevor<\/strong> : Die Einladungskarte \"G\u00f6ttliche Idylle\" aus ges\u00e4tem Papier markiert den Beginn eines gemeinsamen Abenteuers, ein Versprechen auf eine bl\u00fchende Zukunft und eine himmlische Idylle, die gerade erst begonnen hat.<\/p>\n<p>Schenken Sie Ihren G\u00e4sten ein unvergessliches Erlebnis, indem Sie ihnen die Einladungskarte \"Divine Idylle\" aus ges\u00e4tem Papier schicken, eine Einladung, die Liebe, Natur und zeitlose Sch\u00f6nheit verk\u00f6rpert. Bestellen Sie Ihre noch heute und beginnen Sie Ihre Reise zu einer au\u00dfergew\u00f6hnlichen Hochzeit.<\/p>\n<p><em>Die Liebe ist ewig, genau wie das Leben, das durch jeden gepflanzten Samen w\u00e4chst und gedeiht.<\/em><\/p>\n<p><strong>Ausges\u00e4te Hochzeitseinladung - Divine Idylle<\/strong><\/p>\n<p>&nbsp;<\/p>\n<\/div>\n<\/div>\n<\/div>\n<\/div>\n<\/div>\n<\/div>\n<\/div>\n<\/div>\n<\/div>\n<\/div>\n<\/div>","protected":false},"excerpt":{"rendered":"<p><strong>Ausges\u00e4te Hochzeitseinladung - Divine Idylle<\/strong><\/p>\n<p>Eine einzigartige Liebesgeschichte, eine einzigartige Hochzeit ... Um diesen magischen und bedeutungsvollen Moment zu feiern, pr\u00e4sentieren wir Ihnen die Einladungskarte \"Divine Idylle\" aus ges\u00e4tem Papier, eine Einladung, die die Sch\u00f6nheit Ihrer Liebe und das Versprechen einer bl\u00fchenden Zukunft unterstreicht.<\/p>\n<p><b>dimensionen : <\/b>13,5 x 13,5 cm<br \/>\n<b>Papier<\/b>\u00a0Parsemains : \u00d6ko-recycelt, handgefertigt in Frankreich, ca. 250g\/m\u00b2.<br \/>\n<b>Samen<\/b> : Bio-Wildblumenmischung oder aromatische Kr\u00e4uter (zur Auswahl)<\/p>\n<p><strong>Ausges\u00e4te Hochzeitseinladung - Divine Idylle<\/strong><\/p>\n<p><img decoding=\"async\" class=\"alignnone size-medium wp-image-13406\" src=\"https:\/\/www.parsemains.com\/wp-content\/uploads\/2023\/04\/footer-payment-method-7-300x27.png\" alt=\"footer-payment-method.png\" width=\"300\" height=\"27\" srcset=\"https:\/\/www.parsemains.com\/wp-content\/uploads\/2023\/04\/footer-payment-method-7-300x27.png 300w, https:\/\/www.parsemains.com\/wp-content\/uploads\/2023\/04\/footer-payment-method-7.png 358w\" sizes=\"(max-width: 300px) 100vw, 300px\" \/><\/p>","protected":false},"featured_media":41759,"comment_status":"open","ping_status":"closed","template":"","meta":[],"product_brand":[],"product_cat":[180],"product_tag":[],"class_list":{"0":"post-28525","1":"product","2":"type-product","3":"status-publish","4":"has-post-thumbnail","6":"product_cat-faire-part-mariage-ensemence-ecologique","8":"first","9":"instock","10":"shipping-taxable","11":"purchasable","12":"product-type-variable"},"_links":{"self":[{"href":"https:\/\/www.parsemains.com\/de\/wp-json\/wp\/v2\/product\/28525","targetHints":{"allow":["GET"]}}],"collection":[{"href":"https:\/\/www.parsemains.com\/de\/wp-json\/wp\/v2\/product"}],"about":[{"href":"https:\/\/www.parsemains.com\/de\/wp-json\/wp\/v2\/types\/product"}],"replies":[{"embeddable":true,"href":"https:\/\/www.parsemains.com\/de\/wp-json\/wp\/v2\/comments?post=28525"}],"wp:featuredmedia":[{"embeddable":true,"href":"https:\/\/www.parsemains.com\/de\/wp-json\/wp\/v2\/media\/41759"}],"wp:attachment":[{"href":"https:\/\/www.parsemains.com\/de\/wp-json\/wp\/v2\/media?parent=28525"}],"wp:term":[{"taxonomy":"product_brand","embeddable":true,"href":"https:\/\/www.parsemains.com\/de\/wp-json\/wp\/v2\/product_brand?post=28525"},{"taxonomy":"product_cat","embeddable":true,"href":"https:\/\/www.parsemains.com\/de\/wp-json\/wp\/v2\/product_cat?post=28525"},{"taxonomy":"product_tag","embeddable":true,"href":"https:\/\/www.parsemains.com\/de\/wp-json\/wp\/v2\/product_tag?post=28525"}],"curies":[{"name":"wp","href":"https:\/\/api.w.org\/{rel}","templated":true}]}}