{"id":28421,"date":"2023-09-12T07:31:58","date_gmt":"2023-09-12T05:31:58","guid":{"rendered":"https:\/\/www.parsemains.com\/?post_type=product&#038;p=28421"},"modified":"2024-08-27T13:23:05","modified_gmt":"2024-08-27T11:23:05","slug":"faire-part-mariage-ensemence-de-fleurs","status":"publish","type":"product","link":"https:\/\/www.parsemains.com\/de\/produkt\/faire-part-mariage-ensemence-flowers-de-tendresse\/","title":{"rendered":"Ausges\u00e4te Hochzeitseinladung - Blumen der Z\u00e4rtlichkeit"},"content":{"rendered":"<div class=\"flex-1 overflow-hidden\">\n<div class=\"react-scroll-to-bottom--css-qyzsl-79elbk h-full dark:bg-gray-800\">\n<div class=\"react-scroll-to-bottom--css-qyzsl-1n7m0yu\">\n<div class=\"flex flex-col text-sm dark:bg-gray-800\">\n<div class=\"group w-full text-token-text-primary border-b border-black\/10 dark:border-gray-900\/50 bg-gray-50 dark:bg-[#444654]\" data-testid=\"conversation-turn-2\">\n<div class=\"p-4 justify-center text-base md:gap-6 md:py-6 m-auto\">\n<div class=\"flex flex-1 gap-4 text-base mx-auto md:gap-6 md:max-w-2xl lg:max-w-[38rem] xl:max-w-3xl }\">\n<div class=\"relative flex w-[calc(100%-50px)] flex-col gap-1 md:gap-3 lg:w-[calc(100%-115px)]\">\n<div class=\"flex flex-grow flex-col gap-3 max-w-full\">\n<div class=\"min-h-[20px] flex flex-col items-start gap-3 overflow-x-auto whitespace-pre-wrap break-words\">\n<div class=\"markdown prose w-full break-words dark:prose-invert dark\">\n<p><strong>Ausges\u00e4te Hochzeitseinladung - Blumen der Z\u00e4rtlichkeit<\/strong><\/p>\n<p><strong>Merkmale<\/strong>\u00a0:<\/p>\n<p><strong>\u00d6kologisch ges\u00e4tes Papier<\/strong> : Unsere Einladungskarte wird aus ges\u00e4tem Papier hergestellt, was bedeutet, dass Ihre G\u00e4ste, sobald sie es erhalten und gelesen haben, es bepflanzen k\u00f6nnen, um wundersch\u00f6ne Wildblumen wachsen zu lassen. Eine wunderbar symbolische Art, den Beginn Ihres neuen gemeinsamen Lebens zu markieren.<\/p>\n<p><strong>Elegantes und raffiniertes Design<\/strong> Fleurs de Tendresse\" verf\u00fcgt \u00fcber ein k\u00fcnstlerisches und raffiniertes Design, das zarte Blumenmotive, weiche Kurven und eine beruhigende Farbpalette hervorhebt. Diese Einladungskarte verleiht Ihrer Hochzeitsanzeige einen Hauch von Romantik.<\/p>\n<p><strong>Individuelle Gestaltung<\/strong> : Wir verstehen, dass jede Hochzeit einzigartig ist. Sie k\u00f6nnen diese Einladungskarte individuell gestalten, damit sie Ihren Stil und Ihre Liebesgeschichte perfekt widerspiegelt. F\u00fcgen Sie Ihre Namen, das Hochzeitsdatum und sogar ein besonderes Zitat hinzu, um sie noch pers\u00f6nlicher zu gestalten.<\/p>\n<p><strong>\u00d6ko-verantwortlich<\/strong> : Wenn Sie sich f\u00fcr unsere Einladungskarten aus ges\u00e4tem Papier entscheiden, setzen Sie ein Zeichen f\u00fcr unseren Planeten. Tragen Sie zur Abfallvermeidung und zur F\u00f6rderung der Biodiversit\u00e4t bei, indem Sie Ihren G\u00e4sten eine Einladung schenken, die sich in eine sch\u00f6ne pflanzliche \u00dcberraschung verwandelt.<\/p>\n<p><strong>Einfache Handhabung<\/strong> : Die Anleitung zum Einpflanzen des ges\u00e4ten Papiers ist enthalten und macht den Vorgang f\u00fcr Ihre G\u00e4ste einfach und angenehm. So k\u00f6nnen sie zu Ehren Ihrer Hochzeit ihr eigenes St\u00fcck Natur erschaffen.<\/p>\n<p><strong>\"Fleurs de Tendresse\" (Blumen der Z\u00e4rtlichkeit)<\/strong> ist viel mehr als nur eine Hochzeitseinladung; sie ist ein Symbol Ihrer bl\u00fchenden Liebe und Ihres Engagements f\u00fcr die Umwelt. Schenken Sie Ihren Lieben ein unvergessliches und nachhaltiges Erlebnis, indem Sie sich f\u00fcr diese au\u00dfergew\u00f6hnliche Einladungskarte entscheiden.<\/p>\n<p>Machen Sie den ersten Schritt in ein Leben zu zweit, indem Sie die Sch\u00f6nheit der Natur mit unserer Hochzeitseinladung aus Saatpapier \"Fleurs de Tendresse\" beschw\u00f6ren.<\/p>\n<p><strong>Bestellen Sie Ihren noch heute und pflanzen Sie die Samen Ihrer Liebe, die ewig bl\u00fchen werden.<\/strong><\/p>\n<p><strong>Ausges\u00e4te Hochzeitseinladung - Blumen der Z\u00e4rtlichkeit<\/strong><\/p>\n<\/div>\n<\/div>\n<\/div>\n<\/div>\n<\/div>\n<\/div>\n<\/div>\n<\/div>\n<\/div>\n<\/div>\n<\/div>","protected":false},"excerpt":{"rendered":"<p><strong>Ausges\u00e4te Hochzeitseinladung - Blumen der Z\u00e4rtlichkeit<\/strong><\/p>\n<p>Lassen Sie Ihre Liebe mit unserer wundersch\u00f6nen Hochzeitseinladung \"Fleurs de Tendresse\" erbl\u00fchen. Eine ebenso sch\u00f6ne wie bedeutungsvolle Einladung, um diesen neuen Anfang Ihrer gemeinsamen Reise zu feiern.<\/p>\n<p>Sorgf\u00e4ltig entworfen und aus unserem hochwertigen, handgesch\u00f6pften Saatpapier gefertigt, verbindet diese franz\u00f6sische 100%-Einladung zeitlose Eleganz mit einem umweltfreundlichen Touch.<\/p>\n<p><b>dimensionen : <\/b>10 x 14 cm<br \/>\n<b>Papier<\/b>\u00a0Parsemains : \u00d6ko-recycelt, handgefertigt in Frankreich, ca. 250g\/m\u00b2.<br \/>\n<b>Samen<\/b> : Bio-Wildblumenmischung oder aromatische Kr\u00e4uter (zur Auswahl)<\/p>\n<p><strong>Ausges\u00e4te Hochzeitseinladung - Blumen der Z\u00e4rtlichkeit<\/strong><\/p>\n<p><img decoding=\"async\" class=\"alignnone size-medium wp-image-13406\" src=\"https:\/\/www.parsemains.com\/wp-content\/uploads\/2023\/04\/footer-payment-method-7-300x27.png\" alt=\"footer-payment-method.png\" width=\"300\" height=\"27\" srcset=\"https:\/\/www.parsemains.com\/wp-content\/uploads\/2023\/04\/footer-payment-method-7-300x27.png 300w, https:\/\/www.parsemains.com\/wp-content\/uploads\/2023\/04\/footer-payment-method-7.png 358w\" sizes=\"(max-width: 300px) 100vw, 300px\" \/><\/p>","protected":false},"featured_media":41755,"comment_status":"open","ping_status":"closed","template":"","meta":[],"product_brand":[],"product_cat":[180,451],"product_tag":[],"class_list":{"0":"post-28421","1":"product","2":"type-product","3":"status-publish","4":"has-post-thumbnail","6":"product_cat-faire-part-mariage-ensemence-ecologique","7":"product_cat-fleurs-de-tendresse","9":"first","10":"instock","11":"shipping-taxable","12":"purchasable","13":"product-type-variable"},"_links":{"self":[{"href":"https:\/\/www.parsemains.com\/de\/wp-json\/wp\/v2\/product\/28421","targetHints":{"allow":["GET"]}}],"collection":[{"href":"https:\/\/www.parsemains.com\/de\/wp-json\/wp\/v2\/product"}],"about":[{"href":"https:\/\/www.parsemains.com\/de\/wp-json\/wp\/v2\/types\/product"}],"replies":[{"embeddable":true,"href":"https:\/\/www.parsemains.com\/de\/wp-json\/wp\/v2\/comments?post=28421"}],"wp:featuredmedia":[{"embeddable":true,"href":"https:\/\/www.parsemains.com\/de\/wp-json\/wp\/v2\/media\/41755"}],"wp:attachment":[{"href":"https:\/\/www.parsemains.com\/de\/wp-json\/wp\/v2\/media?parent=28421"}],"wp:term":[{"taxonomy":"product_brand","embeddable":true,"href":"https:\/\/www.parsemains.com\/de\/wp-json\/wp\/v2\/product_brand?post=28421"},{"taxonomy":"product_cat","embeddable":true,"href":"https:\/\/www.parsemains.com\/de\/wp-json\/wp\/v2\/product_cat?post=28421"},{"taxonomy":"product_tag","embeddable":true,"href":"https:\/\/www.parsemains.com\/de\/wp-json\/wp\/v2\/product_tag?post=28421"}],"curies":[{"name":"wp","href":"https:\/\/api.w.org\/{rel}","templated":true}]}}