{"id":28214,"date":"2023-09-12T07:10:55","date_gmt":"2023-09-12T05:10:55","guid":{"rendered":"https:\/\/www.parsemains.com\/?post_type=product&#038;p=28214"},"modified":"2023-11-18T00:07:12","modified_gmt":"2023-11-17T23:07:12","slug":"faire-part-mariage-ensemence-amour","status":"publish","type":"product","link":"https:\/\/www.parsemains.com\/de\/produkt\/faire-part-mariage-ensemence-entrelacs-damour\/","title":{"rendered":"Ausges\u00e4te Hochzeitseinladung - Flechtwerk der Liebe"},"content":{"rendered":"<div class=\"flex-1 overflow-hidden\">\n<div class=\"react-scroll-to-bottom--css-qyzsl-79elbk h-full dark:bg-gray-800\">\n<div class=\"react-scroll-to-bottom--css-qyzsl-1n7m0yu\">\n<div class=\"flex flex-col text-sm dark:bg-gray-800\">\n<div class=\"group w-full text-token-text-primary border-b border-black\/10 dark:border-gray-900\/50 bg-gray-50 dark:bg-[#444654]\" data-testid=\"conversation-turn-2\">\n<div class=\"p-4 justify-center text-base md:gap-6 md:py-6 m-auto\">\n<div class=\"flex flex-1 gap-4 text-base mx-auto md:gap-6 md:max-w-2xl lg:max-w-[38rem] xl:max-w-3xl }\">\n<div class=\"relative flex w-[calc(100%-50px)] flex-col gap-1 md:gap-3 lg:w-[calc(100%-115px)]\">\n<div class=\"flex flex-grow flex-col gap-3 max-w-full\">\n<div class=\"min-h-[20px] flex flex-col items-start gap-3 overflow-x-auto whitespace-pre-wrap break-words\">\n<div class=\"markdown prose w-full break-words dark:prose-invert dark\">\n<p><strong>Ausges\u00e4te Hochzeitseinladung - Flechtwerk der Liebe<\/strong><\/p>\n<p>\ud83c\udf31 <strong>Eine Liebe, die w\u00e4chst<\/strong> :<br \/>\n\"Entrelacs d'Amour\" verk\u00f6rpert die Sch\u00f6nheit der Liebe, die im Laufe der Zeit w\u00e4chst und gedeiht. Hergestellt aus hochwertigem, ges\u00e4tem Papier, ist diese Einladungskarte mehr als nur eine Einladung. Sie stellt den Beginn eines neuen Abschnitts in Ihrem Leben dar, genau wie ein Samenkorn, das aufkeimt und etwas Sch\u00f6nes und Dauerhaftes hervorbringt.<\/p>\n<p>\ud83c\udf38 <strong>Handgemacht mit Liebe<\/strong> :<br \/>\nJede Einladungskarte wird mit akribischer Liebe zum Detail erstellt. Unsere talentierten Handwerker arbeiten mit Leidenschaft, um Ihnen ein einzigartiges St\u00fcck zu schenken, das die Bedeutung dieses besonderen Tages widerspiegelt. Die zarten Muster und liebevollen Verflechtungen, die diese Einladungskarte zieren, sind ein wahres Kunstwerk.<\/p>\n<p>\ud83c\udf3f <strong>Ein Bekenntnis zur Nachhaltigkeit<\/strong> :<br \/>\nWir glauben an die Erhaltung unseres sch\u00f6nen Planeten. Deshalb werden unsere Einladungskarten \"Entrelacs d'Amour\" aus ges\u00e4tem Papier hergestellt, eine umweltfreundliche Option, die es Ihren G\u00e4sten erm\u00f6glicht, die Einladungskarte nach der Zeremonie zu bepflanzen. Auf diese Weise k\u00f6nnen sich die im Papier enthaltenen Samen zu wundersch\u00f6nen Wildblumen entwickeln, die das Wachstum Ihrer Liebe symbolisieren.<\/p>\n<p>\ud83d\udc8c <strong>Unendliche Anpassungsm\u00f6glichkeiten<\/strong> :<br \/>\nJedes Paar ist einzigartig, genau wie seine Liebesgeschichte. Aus diesem Grund bieten wir eine vollst\u00e4ndige Personalisierung Ihrer Einladungskarte \"Entrelacs d'Amour\" an. W\u00e4hlen Sie die Farben, Schriftarten und W\u00f6rter, die Ihren Stil und Ihre Pers\u00f6nlichkeit am besten widerspiegeln, um eine Einladung zu gestalten, die genau zu Ihnen passt.<\/p>\n<p>\ud83c\udf1f <strong>Eine unvergessliche Erinnerung<\/strong> :<br \/>\n\"Entrelacs d'Amour\" ist nicht nur eine Einladung, sondern eine wertvolle Erinnerung, die Ihre G\u00e4ste f\u00fcr immer in Ehren halten werden. Jedes Mal, wenn sie sehen, wie die Blumen aus ihrer gepflanzten Einladungskarte wachsen, werden sie sich an die Sch\u00f6nheit und St\u00e4rke Ihrer Liebe erinnern.<\/p>\n<p>Laden Sie Ihre Lieben ein, diesen magischen Moment mit Ihnen zu teilen, indem Sie \"Entrelacs d'Amour\" als Ihre Hochzeitseinladung w\u00e4hlen. Eine Einladung, die das Wachstum, die Sch\u00f6nheit und die Einzigartigkeit Ihrer Liebesgeschichte verk\u00f6rpert.<\/p>\n<p><strong>Bestellen Sie jetzt und lassen Sie uns Ihnen helfen, unvergessliche Erinnerungen an diesen besonderen Tag zu schaffen.<\/strong> \ud83d\udc90\ud83d\udc70\ud83e\udd35<\/p>\n<p><strong>Ausges\u00e4te Hochzeitseinladung - Flechtwerk der Liebe<\/strong><\/p>\n<\/div>\n<\/div>\n<\/div>\n<\/div>\n<\/div>\n<\/div>\n<\/div>\n<\/div>\n<\/div>\n<\/div>\n<\/div>","protected":false},"excerpt":{"rendered":"<p><strong>Ausges\u00e4te Hochzeitseinladung - Flechtwerk der Liebe<\/strong><\/p>\n<p>Entdecken Sie unsere wundersch\u00f6ne Hochzeitseinladung \"Entrelacs d'Amour\", eine Einladung, die so einzigartig wie Ihre Liebe ist. Sie wurde sorgf\u00e4ltig entworfen und aus ges\u00e4tem Papier hergestellt, das ein Symbol f\u00fcr Wachstum und Entfaltung ist.<\/p>\n<p><strong>Ausges\u00e4te Hochzeitseinladung - Flechtwerk der Liebe<\/strong><\/p>\n<p><img decoding=\"async\" class=\"alignnone size-medium wp-image-13406\" src=\"https:\/\/www.parsemains.com\/wp-content\/uploads\/2023\/04\/footer-payment-method-7-300x27.png\" alt=\"footer-payment-method.png\" width=\"300\" height=\"27\" srcset=\"https:\/\/www.parsemains.com\/wp-content\/uploads\/2023\/04\/footer-payment-method-7-300x27.png 300w, https:\/\/www.parsemains.com\/wp-content\/uploads\/2023\/04\/footer-payment-method-7.png 358w\" sizes=\"(max-width: 300px) 100vw, 300px\" \/><\/p>","protected":false},"featured_media":27801,"comment_status":"open","ping_status":"closed","template":"","meta":[],"product_brand":[],"product_cat":[173],"product_tag":[],"class_list":{"0":"post-28214","1":"product","2":"type-product","3":"status-publish","4":"has-post-thumbnail","6":"product_cat-carte-remerciement-ensemencee-mariage","8":"first","9":"instock","10":"shipping-taxable","11":"purchasable","12":"product-type-variable"},"_links":{"self":[{"href":"https:\/\/www.parsemains.com\/de\/wp-json\/wp\/v2\/product\/28214","targetHints":{"allow":["GET"]}}],"collection":[{"href":"https:\/\/www.parsemains.com\/de\/wp-json\/wp\/v2\/product"}],"about":[{"href":"https:\/\/www.parsemains.com\/de\/wp-json\/wp\/v2\/types\/product"}],"replies":[{"embeddable":true,"href":"https:\/\/www.parsemains.com\/de\/wp-json\/wp\/v2\/comments?post=28214"}],"wp:featuredmedia":[{"embeddable":true,"href":"https:\/\/www.parsemains.com\/de\/wp-json\/wp\/v2\/media\/27801"}],"wp:attachment":[{"href":"https:\/\/www.parsemains.com\/de\/wp-json\/wp\/v2\/media?parent=28214"}],"wp:term":[{"taxonomy":"product_brand","embeddable":true,"href":"https:\/\/www.parsemains.com\/de\/wp-json\/wp\/v2\/product_brand?post=28214"},{"taxonomy":"product_cat","embeddable":true,"href":"https:\/\/www.parsemains.com\/de\/wp-json\/wp\/v2\/product_cat?post=28214"},{"taxonomy":"product_tag","embeddable":true,"href":"https:\/\/www.parsemains.com\/de\/wp-json\/wp\/v2\/product_tag?post=28214"}],"curies":[{"name":"wp","href":"https:\/\/api.w.org\/{rel}","templated":true}]}}